{"id":10061,"date":"2024-05-27T02:42:00","date_gmt":"2024-05-27T02:42:00","guid":{"rendered":"https:\/\/outdoor.itc-gmbh.shop\/product\/thermosflasche-camelbak-forge-flow-gruen-synthetisch-350-ml\/"},"modified":"2024-05-27T02:42:01","modified_gmt":"2024-05-27T02:42:01","slug":"thermosflasche-camelbak-forge-flow-gruen-synthetisch-350-ml","status":"publish","type":"product","link":"https:\/\/wildgear.itc-gmbh.shop\/en\/product\/thermosflasche-camelbak-forge-flow-gruen-synthetisch-350-ml\/","title":{"rendered":"Thermosflasche Camelbak Forge Flow gr\u00fcn Synthetisch 350 ml"},"content":{"rendered":"<p>Stay in shape and discover the latest innovations in the sector to practice sport in the best conditions! Buy <b>Thermosflasche Camelbak Forge Flow gr\u00fcn Synthetisch 350 ml<\/b> at the best price and enjoy a healthy life!<\/p>\n<ul>\n<li>Color: green<\/li>\n<li>Material: Synthetic<\/li>\n<li>Features: Leak-proof<\/li>\n<li>Capacity: 350 ml<\/li>\n<li>Gender: Unisex adults<\/li>\n<li>Ungef\u00e4hres Gewicht: 250 g<\/li>\n<li>Recommended age: Adults<\/li>\n<\/ul>","protected":false},"excerpt":{"rendered":"<p>Bleiben Sie in Form und entdecken Sie die neuesten Innovationen der Branche, um mit den besten Voraussetzungen Sport zu betreiben! Kaufen Sie Thermosflasche Camelbak Forge Flow gr\u00fcn Synthetisch 350 ml zum besten Preis und genie\u00dfen Sie ein gesundes Leben! Farbe: gr\u00fcn Material: Synthetisch Merkmale: Auslaufsicher Kapazit\u00e4t: 350 ml Geschlecht: Unisex-Erwachsene Ungef\u00e4hres Gewicht: 250 g Empfohlenes &hellip; <\/p>\n<p class=\"more-link-wrap\"><a href=\"https:\/\/wildgear.itc-gmbh.shop\/en\/product\/thermosflasche-camelbak-forge-flow-gruen-synthetisch-350-ml\/\" class=\"more-link\"><span>Read More<span class=\"screen-reader-text\"> &#8220;Thermosflasche Camelbak Forge Flow gr\u00fcn Synthetisch 350 ml&#8221;<\/span><\/span><\/a><\/p>","protected":false},"featured_media":10060,"comment_status":"open","ping_status":"closed","template":"","meta":{"inline_featured_image":false},"product_brand":[],"product_cat":[181,185,180],"product_tag":[177,178],"class_list":{"0":"post-10061","1":"product","2":"type-product","3":"status-publish","4":"has-post-thumbnail","6":"product_cat-camping-und-berge","7":"product_cat-flaschen-und-feldflaschen","8":"product_cat-sport-freizeit","9":"product_tag-tag_3","10":"product_tag-tag_17","12":"first","13":"outofstock","14":"taxable","15":"shipping-taxable","16":"purchasable","17":"product-type-simple"},"aioseo_notices":[],"jetpack_sharing_enabled":true,"_links":{"self":[{"href":"https:\/\/wildgear.itc-gmbh.shop\/en\/wp-json\/wp\/v2\/product\/10061","targetHints":{"allow":["GET"]}}],"collection":[{"href":"https:\/\/wildgear.itc-gmbh.shop\/en\/wp-json\/wp\/v2\/product"}],"about":[{"href":"https:\/\/wildgear.itc-gmbh.shop\/en\/wp-json\/wp\/v2\/types\/product"}],"replies":[{"embeddable":true,"href":"https:\/\/wildgear.itc-gmbh.shop\/en\/wp-json\/wp\/v2\/comments?post=10061"}],"wp:featuredmedia":[{"embeddable":true,"href":"https:\/\/wildgear.itc-gmbh.shop\/en\/wp-json\/wp\/v2\/media\/10060"}],"wp:attachment":[{"href":"https:\/\/wildgear.itc-gmbh.shop\/en\/wp-json\/wp\/v2\/media?parent=10061"}],"wp:term":[{"taxonomy":"product_brand","embeddable":true,"href":"https:\/\/wildgear.itc-gmbh.shop\/en\/wp-json\/wp\/v2\/product_brand?post=10061"},{"taxonomy":"product_cat","embeddable":true,"href":"https:\/\/wildgear.itc-gmbh.shop\/en\/wp-json\/wp\/v2\/product_cat?post=10061"},{"taxonomy":"product_tag","embeddable":true,"href":"https:\/\/wildgear.itc-gmbh.shop\/en\/wp-json\/wp\/v2\/product_tag?post=10061"}],"curies":[{"name":"wp","href":"https:\/\/api.w.org\/{rel}","templated":true}]}}