{"id":10285,"date":"2024-05-27T02:45:25","date_gmt":"2024-05-27T02:45:25","guid":{"rendered":"https:\/\/outdoor.itc-gmbh.shop\/product\/extendierbare-led-taschenlampe-warmes-licht-weisses-licht-mit-griffen\/"},"modified":"2024-05-27T02:45:27","modified_gmt":"2024-05-27T02:45:27","slug":"extendierbare-led-taschenlampe-warmes-licht-weisses-licht-mit-griffen","status":"publish","type":"product","link":"https:\/\/wildgear.itc-gmbh.shop\/en\/product\/extendierbare-led-taschenlampe-warmes-licht-weisses-licht-mit-griffen\/","title":{"rendered":"Extendierbare LED-Taschenlampe Warmes licht Wei\u00dfes licht Mit Griffen"},"content":{"rendered":"<p>If you value details when furnishing your home and want to be up to date with products that make your life easier, then buy <b>Extendierbare LED-Taschenlampe Warmes licht Wei\u00dfes licht Mit Griffen<\/b> at the best price.<\/p>\n<ul>\n<li>Features:\n<ul>\n<li>Mit Griffen<\/li>\n<li>White light<\/li>\n<li>Warmes licht<\/li>\n<\/ul>\n<\/li>\n<li>Ma\u00dfe ca.: 8.5 cm<\/li>\n<li>Color: Red<\/li>\n<\/ul>","protected":false},"excerpt":{"rendered":"<p>Wenn Sie bei der Einrichtung ihres Heims Wert auf Details legen und bei Produkten, die Ihnen das Leben leichter machen, auf dem letzten Stand sein m\u00f6chten, dann kaufen Sie Extendierbare LED-Taschenlampe Warmes licht Wei\u00dfes licht Mit Griffen zum besten Preis. Merkmale: Mit Griffen Wei\u00dfes licht Warmes licht Ma\u00dfe ca.: 8.5 cm Farbe: Rot<\/p>","protected":false},"featured_media":10284,"comment_status":"open","ping_status":"closed","template":"","meta":{"inline_featured_image":false},"product_brand":[],"product_cat":[181,180,195],"product_tag":[213,194,177,472,208],"class_list":{"0":"post-10285","1":"product","2":"type-product","3":"status-publish","4":"has-post-thumbnail","6":"product_cat-camping-und-berge","7":"product_cat-sport-freizeit","8":"product_cat-taschenlampen","9":"product_tag-tag_69","10":"product_tag-tag_370","11":"product_tag-tag_3","12":"product_tag-tag_1272","13":"product_tag-tag_650","15":"first","16":"outofstock","17":"taxable","18":"shipping-taxable","19":"purchasable","20":"product-type-simple"},"aioseo_notices":[],"jetpack_sharing_enabled":true,"_links":{"self":[{"href":"https:\/\/wildgear.itc-gmbh.shop\/en\/wp-json\/wp\/v2\/product\/10285","targetHints":{"allow":["GET"]}}],"collection":[{"href":"https:\/\/wildgear.itc-gmbh.shop\/en\/wp-json\/wp\/v2\/product"}],"about":[{"href":"https:\/\/wildgear.itc-gmbh.shop\/en\/wp-json\/wp\/v2\/types\/product"}],"replies":[{"embeddable":true,"href":"https:\/\/wildgear.itc-gmbh.shop\/en\/wp-json\/wp\/v2\/comments?post=10285"}],"wp:featuredmedia":[{"embeddable":true,"href":"https:\/\/wildgear.itc-gmbh.shop\/en\/wp-json\/wp\/v2\/media\/10284"}],"wp:attachment":[{"href":"https:\/\/wildgear.itc-gmbh.shop\/en\/wp-json\/wp\/v2\/media?parent=10285"}],"wp:term":[{"taxonomy":"product_brand","embeddable":true,"href":"https:\/\/wildgear.itc-gmbh.shop\/en\/wp-json\/wp\/v2\/product_brand?post=10285"},{"taxonomy":"product_cat","embeddable":true,"href":"https:\/\/wildgear.itc-gmbh.shop\/en\/wp-json\/wp\/v2\/product_cat?post=10285"},{"taxonomy":"product_tag","embeddable":true,"href":"https:\/\/wildgear.itc-gmbh.shop\/en\/wp-json\/wp\/v2\/product_tag?post=10285"}],"curies":[{"name":"wp","href":"https:\/\/api.w.org\/{rel}","templated":true}]}}