{"id":10417,"date":"2024-05-27T02:47:17","date_gmt":"2024-05-27T02:47:17","guid":{"rendered":"https:\/\/outdoor.itc-gmbh.shop\/product\/stoepsel-edm-36100-ersatzteil-taschenlampe\/"},"modified":"2024-05-27T02:47:18","modified_gmt":"2024-05-27T02:47:18","slug":"stoepsel-edm-36100-ersatzteil-taschenlampe","status":"publish","type":"product","link":"https:\/\/wildgear.itc-gmbh.shop\/en\/product\/stoepsel-edm-36100-ersatzteil-taschenlampe\/","title":{"rendered":"St\u00f6psel EDM 36100 Ersatzteil Taschenlampe"},"content":{"rendered":"<p>If you are looking for trendy new products on the market, we present to you <b>St\u00f6psel EDM 36100 Ersatzteil Taschenlampe<\/b>!<\/p>\n<ul>\n<li>Color: Black<\/li>\n<li>Art: Ersatzteil<\/li>\n<li>Suitable for: Flashlight<\/li>\n<li>Merkmale: Handschlaufe<\/li>\n<\/ul>","protected":false},"excerpt":{"rendered":"<p>Wenn Sie auf der Suche nach trendigen Neuheiten auf dem Markt sind, pr\u00e4sentieren wir Ihnen St\u00f6psel EDM 36100 Ersatzteil Taschenlampe! Farbe: Schwarz Art: Ersatzteil Geeignet f\u00fcr: Taschenlampe Merkmale: Handschlaufe<\/p>","protected":false},"featured_media":10416,"comment_status":"open","ping_status":"closed","template":"","meta":{"inline_featured_image":false},"product_brand":[],"product_cat":[181,180,195],"product_tag":[193,194,177],"class_list":{"0":"post-10417","1":"product","2":"type-product","3":"status-publish","4":"has-post-thumbnail","6":"product_cat-camping-und-berge","7":"product_cat-sport-freizeit","8":"product_cat-taschenlampen","9":"product_tag-tag_25","10":"product_tag-tag_370","11":"product_tag-tag_3","13":"first","14":"outofstock","15":"taxable","16":"shipping-taxable","17":"purchasable","18":"product-type-simple"},"aioseo_notices":[],"jetpack_sharing_enabled":true,"_links":{"self":[{"href":"https:\/\/wildgear.itc-gmbh.shop\/en\/wp-json\/wp\/v2\/product\/10417","targetHints":{"allow":["GET"]}}],"collection":[{"href":"https:\/\/wildgear.itc-gmbh.shop\/en\/wp-json\/wp\/v2\/product"}],"about":[{"href":"https:\/\/wildgear.itc-gmbh.shop\/en\/wp-json\/wp\/v2\/types\/product"}],"replies":[{"embeddable":true,"href":"https:\/\/wildgear.itc-gmbh.shop\/en\/wp-json\/wp\/v2\/comments?post=10417"}],"wp:featuredmedia":[{"embeddable":true,"href":"https:\/\/wildgear.itc-gmbh.shop\/en\/wp-json\/wp\/v2\/media\/10416"}],"wp:attachment":[{"href":"https:\/\/wildgear.itc-gmbh.shop\/en\/wp-json\/wp\/v2\/media?parent=10417"}],"wp:term":[{"taxonomy":"product_brand","embeddable":true,"href":"https:\/\/wildgear.itc-gmbh.shop\/en\/wp-json\/wp\/v2\/product_brand?post=10417"},{"taxonomy":"product_cat","embeddable":true,"href":"https:\/\/wildgear.itc-gmbh.shop\/en\/wp-json\/wp\/v2\/product_cat?post=10417"},{"taxonomy":"product_tag","embeddable":true,"href":"https:\/\/wildgear.itc-gmbh.shop\/en\/wp-json\/wp\/v2\/product_tag?post=10417"}],"curies":[{"name":"wp","href":"https:\/\/api.w.org\/{rel}","templated":true}]}}