{"id":10421,"date":"2024-05-27T02:47:20","date_gmt":"2024-05-27T02:47:20","guid":{"rendered":"https:\/\/outdoor.itc-gmbh.shop\/product\/lupe-edm-36100-ersatzteil-taschenlampe\/"},"modified":"2024-05-27T02:47:20","modified_gmt":"2024-05-27T02:47:20","slug":"lupe-edm-36100-ersatzteil-taschenlampe","status":"publish","type":"product","link":"https:\/\/wildgear.itc-gmbh.shop\/en\/product\/lupe-edm-36100-ersatzteil-taschenlampe\/","title":{"rendered":"Lupe EDM 36100 Ersatzteil Taschenlampe"},"content":{"rendered":"<p>If you value details when furnishing your home and want to be up to date with products that make your life easier, then buy <b>Lupe EDM 36100 Ersatzteil Taschenlampe<\/b> at the best price.<\/p>\n<ul>\n<li>Art: Ersatzteil<\/li>\n<li>Suitable for: Flashlight<\/li>\n<li>Color:\n<ul>\n<li>Black<\/li>\n<li>Durchsichtig<\/li>\n<\/ul>\n<\/li>\n<li>Durchmesser: \u00d8 3,5 cm<\/li>\n<\/ul>","protected":false},"excerpt":{"rendered":"<p>Wenn Sie bei der Einrichtung ihres Heims Wert auf Details legen und bei Produkten, die Ihnen das Leben leichter machen, auf dem letzten Stand sein m\u00f6chten, dann kaufen Sie Lupe EDM 36100 Ersatzteil Taschenlampe zum besten Preis. Art: Ersatzteil Geeignet f\u00fcr: Taschenlampe Farbe: Schwarz Durchsichtig Durchmesser: \u00d8 3,5 cm<\/p>","protected":false},"featured_media":10420,"comment_status":"open","ping_status":"closed","template":"","meta":{"inline_featured_image":false},"product_brand":[],"product_cat":[181,180,195],"product_tag":[193,194,177],"class_list":{"0":"post-10421","1":"product","2":"type-product","3":"status-publish","4":"has-post-thumbnail","6":"product_cat-camping-und-berge","7":"product_cat-sport-freizeit","8":"product_cat-taschenlampen","9":"product_tag-tag_25","10":"product_tag-tag_370","11":"product_tag-tag_3","13":"first","14":"outofstock","15":"taxable","16":"shipping-taxable","17":"purchasable","18":"product-type-simple"},"aioseo_notices":[],"jetpack_sharing_enabled":true,"_links":{"self":[{"href":"https:\/\/wildgear.itc-gmbh.shop\/en\/wp-json\/wp\/v2\/product\/10421","targetHints":{"allow":["GET"]}}],"collection":[{"href":"https:\/\/wildgear.itc-gmbh.shop\/en\/wp-json\/wp\/v2\/product"}],"about":[{"href":"https:\/\/wildgear.itc-gmbh.shop\/en\/wp-json\/wp\/v2\/types\/product"}],"replies":[{"embeddable":true,"href":"https:\/\/wildgear.itc-gmbh.shop\/en\/wp-json\/wp\/v2\/comments?post=10421"}],"wp:featuredmedia":[{"embeddable":true,"href":"https:\/\/wildgear.itc-gmbh.shop\/en\/wp-json\/wp\/v2\/media\/10420"}],"wp:attachment":[{"href":"https:\/\/wildgear.itc-gmbh.shop\/en\/wp-json\/wp\/v2\/media?parent=10421"}],"wp:term":[{"taxonomy":"product_brand","embeddable":true,"href":"https:\/\/wildgear.itc-gmbh.shop\/en\/wp-json\/wp\/v2\/product_brand?post=10421"},{"taxonomy":"product_cat","embeddable":true,"href":"https:\/\/wildgear.itc-gmbh.shop\/en\/wp-json\/wp\/v2\/product_cat?post=10421"},{"taxonomy":"product_tag","embeddable":true,"href":"https:\/\/wildgear.itc-gmbh.shop\/en\/wp-json\/wp\/v2\/product_tag?post=10421"}],"curies":[{"name":"wp","href":"https:\/\/api.w.org\/{rel}","templated":true}]}}