{"id":10425,"date":"2024-05-27T02:47:22","date_gmt":"2024-05-27T02:47:22","guid":{"rendered":"https:\/\/outdoor.itc-gmbh.shop\/product\/taschenlampe-led-brennenstuhl\/"},"modified":"2024-05-27T02:47:23","modified_gmt":"2024-05-27T02:47:23","slug":"taschenlampe-led-brennenstuhl","status":"publish","type":"product","link":"https:\/\/wildgear.itc-gmbh.shop\/en\/product\/taschenlampe-led-brennenstuhl\/","title":{"rendered":"Taschenlampe LED Brennenstuhl"},"content":{"rendered":"<p>If you are looking for trendy new products on the market, we present to you <b>Taschenlampe LED Brennenstuhl<\/b>!<\/p>\n<ul>\n<li>Anzahl der LEDs: 4<\/li>\n<li>Anschl\u00fcsse: 1 x USB<\/li>\n<li>Ungef\u00e4hre Reichweite: 3,5 h<\/li>\n<li>Batterie: Wiederaufladbare Lithiumbatterie<\/li>\n<li>Color temperature: 6500 K<\/li>\n<\/ul>","protected":false},"excerpt":{"rendered":"<p>Wenn Sie auf der Suche nach trendigen Neuheiten auf dem Markt sind, pr\u00e4sentieren wir Ihnen Taschenlampe LED Brennenstuhl! Anzahl der LEDs: 4 Anschl\u00fcsse: 1 x USB Ungef\u00e4hre Reichweite: 3,5 h Batterie: Wiederaufladbare Lithiumbatterie Farbtemperatur: 6500 K<\/p>","protected":false},"featured_media":10424,"comment_status":"open","ping_status":"closed","template":"","meta":{"inline_featured_image":false},"product_brand":[],"product_cat":[181,180,195],"product_tag":[193,188,194,177],"class_list":{"0":"post-10425","1":"product","2":"type-product","3":"status-publish","4":"has-post-thumbnail","6":"product_cat-camping-und-berge","7":"product_cat-sport-freizeit","8":"product_cat-taschenlampen","9":"product_tag-tag_25","10":"product_tag-tag_1304","11":"product_tag-tag_370","12":"product_tag-tag_3","14":"first","15":"outofstock","16":"taxable","17":"shipping-taxable","18":"purchasable","19":"product-type-simple"},"aioseo_notices":[],"jetpack_sharing_enabled":true,"_links":{"self":[{"href":"https:\/\/wildgear.itc-gmbh.shop\/en\/wp-json\/wp\/v2\/product\/10425","targetHints":{"allow":["GET"]}}],"collection":[{"href":"https:\/\/wildgear.itc-gmbh.shop\/en\/wp-json\/wp\/v2\/product"}],"about":[{"href":"https:\/\/wildgear.itc-gmbh.shop\/en\/wp-json\/wp\/v2\/types\/product"}],"replies":[{"embeddable":true,"href":"https:\/\/wildgear.itc-gmbh.shop\/en\/wp-json\/wp\/v2\/comments?post=10425"}],"wp:featuredmedia":[{"embeddable":true,"href":"https:\/\/wildgear.itc-gmbh.shop\/en\/wp-json\/wp\/v2\/media\/10424"}],"wp:attachment":[{"href":"https:\/\/wildgear.itc-gmbh.shop\/en\/wp-json\/wp\/v2\/media?parent=10425"}],"wp:term":[{"taxonomy":"product_brand","embeddable":true,"href":"https:\/\/wildgear.itc-gmbh.shop\/en\/wp-json\/wp\/v2\/product_brand?post=10425"},{"taxonomy":"product_cat","embeddable":true,"href":"https:\/\/wildgear.itc-gmbh.shop\/en\/wp-json\/wp\/v2\/product_cat?post=10425"},{"taxonomy":"product_tag","embeddable":true,"href":"https:\/\/wildgear.itc-gmbh.shop\/en\/wp-json\/wp\/v2\/product_tag?post=10425"}],"curies":[{"name":"wp","href":"https:\/\/api.w.org\/{rel}","templated":true}]}}