{"id":10469,"date":"2024-05-27T02:48:02","date_gmt":"2024-05-27T02:48:02","guid":{"rendered":"https:\/\/outdoor.itc-gmbh.shop\/product\/huelle-edm-36061-36069-taschenlampe\/"},"modified":"2024-05-27T02:48:02","modified_gmt":"2024-05-27T02:48:02","slug":"huelle-edm-36061-36069-taschenlampe","status":"publish","type":"product","link":"https:\/\/wildgear.itc-gmbh.shop\/en\/product\/huelle-edm-36061-36069-taschenlampe\/","title":{"rendered":"Cover EDM 36061, 36069 flashlight"},"content":{"rendered":"<p>If you value details when furnishing your home and want to be up to date with products that make your life easier, then buy <b>Cover EDM 36061, 36069 flashlight<\/b>.<\/p>\n<ul>\n<li>Color: Black<\/li>\n<li>Suitable for: Flashlight<\/li>\n<\/ul>","protected":false},"excerpt":{"rendered":"<p>Wenn Sie bei der Einrichtung ihres Heims Wert auf Details legen und bei Produkten, die Ihnen das Leben leichter machen, auf dem letzten Stand sein m\u00f6chten, dann kaufen Sie H\u00fclle EDM 36061, 36069 Taschenlampe. Farbe: Schwarz Geeignet f\u00fcr: Taschenlampe<\/p>","protected":false},"featured_media":10468,"comment_status":"open","ping_status":"closed","template":"","meta":{"inline_featured_image":false},"product_brand":[],"product_cat":[181,180,195],"product_tag":[194,177,178],"class_list":{"0":"post-10469","1":"product","2":"type-product","3":"status-publish","4":"has-post-thumbnail","6":"product_cat-camping-und-berge","7":"product_cat-sport-freizeit","8":"product_cat-taschenlampen","9":"product_tag-tag_370","10":"product_tag-tag_3","11":"product_tag-tag_17","13":"first","14":"outofstock","15":"taxable","16":"shipping-taxable","17":"purchasable","18":"product-type-simple"},"aioseo_notices":[],"jetpack_sharing_enabled":true,"_links":{"self":[{"href":"https:\/\/wildgear.itc-gmbh.shop\/en\/wp-json\/wp\/v2\/product\/10469","targetHints":{"allow":["GET"]}}],"collection":[{"href":"https:\/\/wildgear.itc-gmbh.shop\/en\/wp-json\/wp\/v2\/product"}],"about":[{"href":"https:\/\/wildgear.itc-gmbh.shop\/en\/wp-json\/wp\/v2\/types\/product"}],"replies":[{"embeddable":true,"href":"https:\/\/wildgear.itc-gmbh.shop\/en\/wp-json\/wp\/v2\/comments?post=10469"}],"wp:featuredmedia":[{"embeddable":true,"href":"https:\/\/wildgear.itc-gmbh.shop\/en\/wp-json\/wp\/v2\/media\/10468"}],"wp:attachment":[{"href":"https:\/\/wildgear.itc-gmbh.shop\/en\/wp-json\/wp\/v2\/media?parent=10469"}],"wp:term":[{"taxonomy":"product_brand","embeddable":true,"href":"https:\/\/wildgear.itc-gmbh.shop\/en\/wp-json\/wp\/v2\/product_brand?post=10469"},{"taxonomy":"product_cat","embeddable":true,"href":"https:\/\/wildgear.itc-gmbh.shop\/en\/wp-json\/wp\/v2\/product_cat?post=10469"},{"taxonomy":"product_tag","embeddable":true,"href":"https:\/\/wildgear.itc-gmbh.shop\/en\/wp-json\/wp\/v2\/product_tag?post=10469"}],"curies":[{"name":"wp","href":"https:\/\/api.w.org\/{rel}","templated":true}]}}