{"id":10674,"date":"2024-05-27T02:51:00","date_gmt":"2024-05-27T02:51:00","guid":{"rendered":"https:\/\/outdoor.itc-gmbh.shop\/product\/led-kopf-taschenlampe-aktive-schwarz-24-stueck\/"},"modified":"2024-05-27T02:51:04","modified_gmt":"2024-05-27T02:51:04","slug":"led-kopf-taschenlampe-aktive-schwarz-24-stueck","status":"publish","type":"product","link":"https:\/\/wildgear.itc-gmbh.shop\/en\/product\/led-kopf-taschenlampe-aktive-schwarz-24-stueck\/","title":{"rendered":"LED-Kopf-Taschenlampe Aktive Schwarz (24 St\u00fcck)"},"content":{"rendered":"<p>Stay in shape and discover the latest innovations in the sector to practice sport in the best conditions! Buy <b>LED-Kopf-Taschenlampe Aktive Schwarz (24 St\u00fcck)<\/b> at the best price and enjoy a healthy life!<\/p>\n<ul>\n<li>Art: Vorderlicht<\/li>\n<li>Color: Black<\/li>\n<li>Funktionen: 3<\/li>\n<li>Piece: 24 pieces<\/li>\n<li>Batteries included: Yes<\/li>\n<li>Ma\u00dfe ca.: 12,5 x 3,5 x 4,5 cm<\/li>\n<\/ul>","protected":false},"excerpt":{"rendered":"<p>Bleiben Sie in Form und entdecken Sie die neuesten Innovationen der Branche, um mit den besten Voraussetzungen Sport zu betreiben! Kaufen Sie LED-Kopf-Taschenlampe Aktive Schwarz (24 St\u00fcck) zum besten Preis und genie\u00dfen Sie ein gesundes Leben! Art: Vorderlicht Farbe: Schwarz Funktionen: 3 St\u00fcck: 24 St\u00fcck Inklusive Batterien: Ja Ma\u00dfe ca.: 12,5 x 3,5 x 4,5 &hellip; <\/p>\n<p class=\"more-link-wrap\"><a href=\"https:\/\/wildgear.itc-gmbh.shop\/en\/product\/led-kopf-taschenlampe-aktive-schwarz-24-stueck\/\" class=\"more-link\"><span>Read More<span class=\"screen-reader-text\"> &#8220;LED-Kopf-Taschenlampe Aktive Schwarz (24 St\u00fcck)&#8221;<\/span><\/span><\/a><\/p>","protected":false},"featured_media":10673,"comment_status":"open","ping_status":"closed","template":"","meta":{"inline_featured_image":false},"product_brand":[],"product_cat":[181,180,195],"product_tag":[193,194,177],"class_list":{"0":"post-10674","1":"product","2":"type-product","3":"status-publish","4":"has-post-thumbnail","6":"product_cat-camping-und-berge","7":"product_cat-sport-freizeit","8":"product_cat-taschenlampen","9":"product_tag-tag_25","10":"product_tag-tag_370","11":"product_tag-tag_3","13":"first","14":"instock","15":"taxable","16":"shipping-taxable","17":"purchasable","18":"product-type-simple"},"aioseo_notices":[],"jetpack_sharing_enabled":true,"_links":{"self":[{"href":"https:\/\/wildgear.itc-gmbh.shop\/en\/wp-json\/wp\/v2\/product\/10674","targetHints":{"allow":["GET"]}}],"collection":[{"href":"https:\/\/wildgear.itc-gmbh.shop\/en\/wp-json\/wp\/v2\/product"}],"about":[{"href":"https:\/\/wildgear.itc-gmbh.shop\/en\/wp-json\/wp\/v2\/types\/product"}],"replies":[{"embeddable":true,"href":"https:\/\/wildgear.itc-gmbh.shop\/en\/wp-json\/wp\/v2\/comments?post=10674"}],"wp:featuredmedia":[{"embeddable":true,"href":"https:\/\/wildgear.itc-gmbh.shop\/en\/wp-json\/wp\/v2\/media\/10673"}],"wp:attachment":[{"href":"https:\/\/wildgear.itc-gmbh.shop\/en\/wp-json\/wp\/v2\/media?parent=10674"}],"wp:term":[{"taxonomy":"product_brand","embeddable":true,"href":"https:\/\/wildgear.itc-gmbh.shop\/en\/wp-json\/wp\/v2\/product_brand?post=10674"},{"taxonomy":"product_cat","embeddable":true,"href":"https:\/\/wildgear.itc-gmbh.shop\/en\/wp-json\/wp\/v2\/product_cat?post=10674"},{"taxonomy":"product_tag","embeddable":true,"href":"https:\/\/wildgear.itc-gmbh.shop\/en\/wp-json\/wp\/v2\/product_tag?post=10674"}],"curies":[{"name":"wp","href":"https:\/\/api.w.org\/{rel}","templated":true}]}}