{"id":10822,"date":"2024-05-27T02:53:06","date_gmt":"2024-05-27T02:53:06","guid":{"rendered":"https:\/\/outdoor.itc-gmbh.shop\/product\/taschenlampe-makita-dmr055\/"},"modified":"2024-05-27T02:53:15","modified_gmt":"2024-05-27T02:53:15","slug":"taschenlampe-makita-dmr055","status":"publish","type":"product","link":"https:\/\/wildgear.itc-gmbh.shop\/en\/product\/taschenlampe-makita-dmr055\/","title":{"rendered":"Taschenlampe Makita DMR055"},"content":{"rendered":"<p>If you are looking for trendy new products on the market, we present to you <b>Taschenlampe Makita DMR055<\/b>!<\/p>\n<ul>\n<li>Color:\n<ul>\n<li>Blue<\/li>\n<li>Black<\/li>\n<li>White<\/li>\n<\/ul>\n<\/li>\n<li>gro\u00df: 8,9 cm<\/li>\n<li>Ungef\u00e4hres Gewicht: 950 g<\/li>\n<li>Connections: USB<\/li>\n<li>Voltage: 18 V<\/li>\n<\/ul>","protected":false},"excerpt":{"rendered":"<p>Wenn Sie auf der Suche nach trendigen Neuheiten auf dem Markt sind, pr\u00e4sentieren wir Ihnen Taschenlampe Makita DMR055! Farbe: Blau Schwarz Wei\u00df gro\u00df: 8,9 cm Ungef\u00e4hres Gewicht: 950 g Anschl\u00fcsse: USB Spannung: 18 V<\/p>","protected":false},"featured_media":10821,"comment_status":"open","ping_status":"closed","template":"","meta":{"inline_featured_image":false},"product_brand":[],"product_cat":[181,180,195],"product_tag":[193,194,177],"class_list":{"0":"post-10822","1":"product","2":"type-product","3":"status-publish","4":"has-post-thumbnail","6":"product_cat-camping-und-berge","7":"product_cat-sport-freizeit","8":"product_cat-taschenlampen","9":"product_tag-tag_25","10":"product_tag-tag_370","11":"product_tag-tag_3","13":"first","14":"outofstock","15":"taxable","16":"shipping-taxable","17":"purchasable","18":"product-type-simple"},"aioseo_notices":[],"jetpack_sharing_enabled":true,"_links":{"self":[{"href":"https:\/\/wildgear.itc-gmbh.shop\/en\/wp-json\/wp\/v2\/product\/10822","targetHints":{"allow":["GET"]}}],"collection":[{"href":"https:\/\/wildgear.itc-gmbh.shop\/en\/wp-json\/wp\/v2\/product"}],"about":[{"href":"https:\/\/wildgear.itc-gmbh.shop\/en\/wp-json\/wp\/v2\/types\/product"}],"replies":[{"embeddable":true,"href":"https:\/\/wildgear.itc-gmbh.shop\/en\/wp-json\/wp\/v2\/comments?post=10822"}],"wp:featuredmedia":[{"embeddable":true,"href":"https:\/\/wildgear.itc-gmbh.shop\/en\/wp-json\/wp\/v2\/media\/10821"}],"wp:attachment":[{"href":"https:\/\/wildgear.itc-gmbh.shop\/en\/wp-json\/wp\/v2\/media?parent=10822"}],"wp:term":[{"taxonomy":"product_brand","embeddable":true,"href":"https:\/\/wildgear.itc-gmbh.shop\/en\/wp-json\/wp\/v2\/product_brand?post=10822"},{"taxonomy":"product_cat","embeddable":true,"href":"https:\/\/wildgear.itc-gmbh.shop\/en\/wp-json\/wp\/v2\/product_cat?post=10822"},{"taxonomy":"product_tag","embeddable":true,"href":"https:\/\/wildgear.itc-gmbh.shop\/en\/wp-json\/wp\/v2\/product_tag?post=10822"}],"curies":[{"name":"wp","href":"https:\/\/api.w.org\/{rel}","templated":true}]}}