{"id":11265,"date":"2024-05-27T02:59:46","date_gmt":"2024-05-27T02:59:46","guid":{"rendered":"https:\/\/outdoor.itc-gmbh.shop\/product\/picknick-set-dkd-home-decor-285-x-20-x-39-cm-dunkelgrau\/"},"modified":"2024-05-27T02:59:54","modified_gmt":"2024-05-27T02:59:54","slug":"picknick-set-dkd-home-decor-285-x-20-x-39-cm-dunkelgrau","status":"publish","type":"product","link":"https:\/\/wildgear.itc-gmbh.shop\/en\/product\/picknick-set-dkd-home-decor-285-x-20-x-39-cm-dunkelgrau\/","title":{"rendered":"DKD Home Decor picnic set 28.5 x 20 x 39 cm dark gray"},"content":{"rendered":"<p>If you value details when furnishing your home and want to be up to date with products that make your life easier, then buy <b>DKD Home Decor picnic set 28.5 x 20 x 39 cm dark gray<\/b> at the best price.<\/p>\n<ul>\n<li>Included:\n<ul>\n<li>Ceiling<\/li>\n<li>Opener<\/li>\n<li>Backpack<\/li>\n<li>Spoon x 2<\/li>\n<li>Glasses<\/li>\n<li>Fork x 2<\/li>\n<li>Knife x 2<\/li>\n<li>Plate x 2<\/li>\n<\/ul>\n<\/li>\n<li>Type: Picnic set<\/li>\n<li>Material: Polyester<\/li>\n<li>Color: Dark grey<\/li>\n<li>Adjustable: None<\/li>\n<li>Approx. dimensions: 28.5 x 20 x 39 cm<\/li>\n<\/ul>","protected":false},"excerpt":{"rendered":"<p>Wenn Sie bei der Einrichtung ihres Heims Wert auf Details legen und bei Produkten, die Ihnen das Leben leichter machen, auf dem letzten Stand sein m\u00f6chten, dann kaufen Sie Picknick-Set DKD Home Decor 28,5 x 20 x 39 cm Dunkelgrau zum besten Preis. Enthalten: Decke \u00d6ffner Rucksack L\u00f6ffel x 2 Gl\u00e4ser Gabel x 2 Messer &hellip; <\/p>\n<p class=\"more-link-wrap\"><a href=\"https:\/\/wildgear.itc-gmbh.shop\/en\/product\/picknick-set-dkd-home-decor-285-x-20-x-39-cm-dunkelgrau\/\" class=\"more-link\"><span>Read More<span class=\"screen-reader-text\"> &#8220;Picknick-Set DKD Home Decor 28,5 x 20 x 39 cm Dunkelgrau&#8221;<\/span><\/span><\/a><\/p>","protected":false},"featured_media":11264,"comment_status":"open","ping_status":"closed","template":"","meta":{"inline_featured_image":false},"product_brand":[],"product_cat":[181,205,180],"product_tag":[213,177,208],"class_list":{"0":"post-11265","1":"product","2":"type-product","3":"status-publish","4":"has-post-thumbnail","6":"product_cat-camping-und-berge","7":"product_cat-rucksacke-und-taschen","8":"product_cat-sport-freizeit","9":"product_tag-tag_69","10":"product_tag-tag_3","11":"product_tag-tag_650","13":"first","14":"instock","15":"taxable","16":"shipping-taxable","17":"purchasable","18":"product-type-simple"},"aioseo_notices":[],"jetpack_sharing_enabled":true,"_links":{"self":[{"href":"https:\/\/wildgear.itc-gmbh.shop\/en\/wp-json\/wp\/v2\/product\/11265","targetHints":{"allow":["GET"]}}],"collection":[{"href":"https:\/\/wildgear.itc-gmbh.shop\/en\/wp-json\/wp\/v2\/product"}],"about":[{"href":"https:\/\/wildgear.itc-gmbh.shop\/en\/wp-json\/wp\/v2\/types\/product"}],"replies":[{"embeddable":true,"href":"https:\/\/wildgear.itc-gmbh.shop\/en\/wp-json\/wp\/v2\/comments?post=11265"}],"wp:featuredmedia":[{"embeddable":true,"href":"https:\/\/wildgear.itc-gmbh.shop\/en\/wp-json\/wp\/v2\/media\/11264"}],"wp:attachment":[{"href":"https:\/\/wildgear.itc-gmbh.shop\/en\/wp-json\/wp\/v2\/media?parent=11265"}],"wp:term":[{"taxonomy":"product_brand","embeddable":true,"href":"https:\/\/wildgear.itc-gmbh.shop\/en\/wp-json\/wp\/v2\/product_brand?post=11265"},{"taxonomy":"product_cat","embeddable":true,"href":"https:\/\/wildgear.itc-gmbh.shop\/en\/wp-json\/wp\/v2\/product_cat?post=11265"},{"taxonomy":"product_tag","embeddable":true,"href":"https:\/\/wildgear.itc-gmbh.shop\/en\/wp-json\/wp\/v2\/product_tag?post=11265"}],"curies":[{"name":"wp","href":"https:\/\/api.w.org\/{rel}","templated":true}]}}