{"id":11441,"date":"2024-05-27T03:02:40","date_gmt":"2024-05-27T03:02:40","guid":{"rendered":"https:\/\/outdoor.itc-gmbh.shop\/product\/mehrzweckrucksack-gregory-maven-35-orange\/"},"modified":"2024-05-27T03:02:41","modified_gmt":"2024-05-27T03:02:41","slug":"mehrzweckrucksack-gregory-maven-35-orange","status":"publish","type":"product","link":"https:\/\/wildgear.itc-gmbh.shop\/en\/product\/mehrzweckrucksack-gregory-maven-35-orange\/","title":{"rendered":"Mehrzweckrucksack Gregory Maven 35 Orange"},"content":{"rendered":"<p>Stay in shape and discover the latest innovations in the sector to practice sport in the best conditions! Buy <b>Mehrzweckrucksack Gregory Maven 35 Orange<\/b> at the best price and enjoy a healthy life!<\/p>\n<ul>\n<li>Color: Orange<\/li>\n<li>Material:\n<ul>\n<li>Polyester<\/li>\n<li>Steel<\/li>\n<li>Fiberglass<\/li>\n<li>Nylon<\/li>\n<\/ul>\n<\/li>\n<li>Breite: 30,5 cm<\/li>\n<li>Features: Ventilation system<\/li>\n<li>Kapazit\u00e4t: 35 L<\/li>\n<li>Ma\u00dfe ca.: 30,5 x 58,4 x 25,4 cm<\/li>\n<\/ul>","protected":false},"excerpt":{"rendered":"<p>Bleiben Sie in Form und entdecken Sie die neuesten Innovationen der Branche, um mit den besten Voraussetzungen Sport zu betreiben! Kaufen Sie Mehrzweckrucksack Gregory Maven 35 Orange zum besten Preis und genie\u00dfen Sie ein gesundes Leben! Farbe: Orange Material: Polyester Stahl Fiberglas Nylon Breite: 30,5 cm Merkmale: Bel\u00fcftungssystem Kapazit\u00e4t: 35 L Ma\u00dfe ca.: 30,5 x &hellip; <\/p>\n<p class=\"more-link-wrap\"><a href=\"https:\/\/wildgear.itc-gmbh.shop\/en\/product\/mehrzweckrucksack-gregory-maven-35-orange\/\" class=\"more-link\"><span>Read More<span class=\"screen-reader-text\"> &#8220;Mehrzweckrucksack Gregory Maven 35 Orange&#8221;<\/span><\/span><\/a><\/p>","protected":false},"featured_media":11440,"comment_status":"open","ping_status":"closed","template":"","meta":{"inline_featured_image":false},"product_brand":[],"product_cat":[181,205,180],"product_tag":[177,178],"class_list":{"0":"post-11441","1":"product","2":"type-product","3":"status-publish","4":"has-post-thumbnail","6":"product_cat-camping-und-berge","7":"product_cat-rucksacke-und-taschen","8":"product_cat-sport-freizeit","9":"product_tag-tag_3","10":"product_tag-tag_17","12":"first","13":"outofstock","14":"taxable","15":"shipping-taxable","16":"purchasable","17":"product-type-simple"},"aioseo_notices":[],"jetpack_sharing_enabled":true,"_links":{"self":[{"href":"https:\/\/wildgear.itc-gmbh.shop\/en\/wp-json\/wp\/v2\/product\/11441","targetHints":{"allow":["GET"]}}],"collection":[{"href":"https:\/\/wildgear.itc-gmbh.shop\/en\/wp-json\/wp\/v2\/product"}],"about":[{"href":"https:\/\/wildgear.itc-gmbh.shop\/en\/wp-json\/wp\/v2\/types\/product"}],"replies":[{"embeddable":true,"href":"https:\/\/wildgear.itc-gmbh.shop\/en\/wp-json\/wp\/v2\/comments?post=11441"}],"wp:featuredmedia":[{"embeddable":true,"href":"https:\/\/wildgear.itc-gmbh.shop\/en\/wp-json\/wp\/v2\/media\/11440"}],"wp:attachment":[{"href":"https:\/\/wildgear.itc-gmbh.shop\/en\/wp-json\/wp\/v2\/media?parent=11441"}],"wp:term":[{"taxonomy":"product_brand","embeddable":true,"href":"https:\/\/wildgear.itc-gmbh.shop\/en\/wp-json\/wp\/v2\/product_brand?post=11441"},{"taxonomy":"product_cat","embeddable":true,"href":"https:\/\/wildgear.itc-gmbh.shop\/en\/wp-json\/wp\/v2\/product_cat?post=11441"},{"taxonomy":"product_tag","embeddable":true,"href":"https:\/\/wildgear.itc-gmbh.shop\/en\/wp-json\/wp\/v2\/product_tag?post=11441"}],"curies":[{"name":"wp","href":"https:\/\/api.w.org\/{rel}","templated":true}]}}