{"id":11597,"date":"2024-05-27T03:05:10","date_gmt":"2024-05-27T03:05:10","guid":{"rendered":"https:\/\/outdoor.itc-gmbh.shop\/product\/mehrzweckrucksack-gregory-arrio-18-rot\/"},"modified":"2024-05-27T03:05:13","modified_gmt":"2024-05-27T03:05:13","slug":"mehrzweckrucksack-gregory-arrio-18-rot","status":"publish","type":"product","link":"https:\/\/wildgear.itc-gmbh.shop\/en\/product\/mehrzweckrucksack-gregory-arrio-18-rot\/","title":{"rendered":"Mehrzweckrucksack Gregory ARRIO 18 Rot"},"content":{"rendered":"<p>Stay in shape and discover the latest innovations in the sector to practice sport in the best conditions! Buy <b>Mehrzweckrucksack Gregory ARRIO 18 Rot<\/b> at the best price and enjoy a healthy life!<\/p>\n<ul>\n<li>Color: Red<\/li>\n<li>Material:\n<ul>\n<li>Polyester<\/li>\n<li>Nylon<\/li>\n<\/ul>\n<\/li>\n<li>Breite: 17 cm<\/li>\n<li>gro\u00df: 52 cm<\/li>\n<li>Kapazit\u00e4t: 18 L<\/li>\n<li>Gender: Unisex adults<\/li>\n<li>Included: Carrying handle<\/li>\n<\/ul>","protected":false},"excerpt":{"rendered":"<p>Bleiben Sie in Form und entdecken Sie die neuesten Innovationen der Branche, um mit den besten Voraussetzungen Sport zu betreiben! Kaufen Sie Mehrzweckrucksack Gregory ARRIO 18 Rot zum besten Preis und genie\u00dfen Sie ein gesundes Leben! Farbe: Rot Material: Polyester Nylon Breite: 17 cm gro\u00df: 52 cm Kapazit\u00e4t: 18 L Geschlecht: Unisex-Erwachsene Enthalten: Tragegriff<\/p>","protected":false},"featured_media":11596,"comment_status":"open","ping_status":"closed","template":"","meta":{"inline_featured_image":false},"product_brand":[],"product_cat":[181,205,180],"product_tag":[177,178],"class_list":{"0":"post-11597","1":"product","2":"type-product","3":"status-publish","4":"has-post-thumbnail","6":"product_cat-camping-und-berge","7":"product_cat-rucksacke-und-taschen","8":"product_cat-sport-freizeit","9":"product_tag-tag_3","10":"product_tag-tag_17","12":"first","13":"outofstock","14":"taxable","15":"shipping-taxable","16":"purchasable","17":"product-type-simple"},"aioseo_notices":[],"jetpack_sharing_enabled":true,"_links":{"self":[{"href":"https:\/\/wildgear.itc-gmbh.shop\/en\/wp-json\/wp\/v2\/product\/11597","targetHints":{"allow":["GET"]}}],"collection":[{"href":"https:\/\/wildgear.itc-gmbh.shop\/en\/wp-json\/wp\/v2\/product"}],"about":[{"href":"https:\/\/wildgear.itc-gmbh.shop\/en\/wp-json\/wp\/v2\/types\/product"}],"replies":[{"embeddable":true,"href":"https:\/\/wildgear.itc-gmbh.shop\/en\/wp-json\/wp\/v2\/comments?post=11597"}],"wp:featuredmedia":[{"embeddable":true,"href":"https:\/\/wildgear.itc-gmbh.shop\/en\/wp-json\/wp\/v2\/media\/11596"}],"wp:attachment":[{"href":"https:\/\/wildgear.itc-gmbh.shop\/en\/wp-json\/wp\/v2\/media?parent=11597"}],"wp:term":[{"taxonomy":"product_brand","embeddable":true,"href":"https:\/\/wildgear.itc-gmbh.shop\/en\/wp-json\/wp\/v2\/product_brand?post=11597"},{"taxonomy":"product_cat","embeddable":true,"href":"https:\/\/wildgear.itc-gmbh.shop\/en\/wp-json\/wp\/v2\/product_cat?post=11597"},{"taxonomy":"product_tag","embeddable":true,"href":"https:\/\/wildgear.itc-gmbh.shop\/en\/wp-json\/wp\/v2\/product_tag?post=11597"}],"curies":[{"name":"wp","href":"https:\/\/api.w.org\/{rel}","templated":true}]}}