{"id":11777,"date":"2024-05-27T03:07:39","date_gmt":"2024-05-27T03:07:39","guid":{"rendered":"https:\/\/outdoor.itc-gmbh.shop\/product\/guerteltasche-reebok-ashland-8024931-schwarz\/"},"modified":"2024-05-27T03:07:40","modified_gmt":"2024-05-27T03:07:40","slug":"guerteltasche-reebok-ashland-8024931-schwarz","status":"publish","type":"product","link":"https:\/\/wildgear.itc-gmbh.shop\/en\/product\/guerteltasche-reebok-ashland-8024931-schwarz\/","title":{"rendered":"G\u00fcrteltasche Reebok ASHLAND 8024931 Schwarz"},"content":{"rendered":"<p>Stay in shape and discover the latest innovations in the sector to practice sport in the best conditions! Buy <b>G\u00fcrteltasche Reebok ASHLAND 8024931 Schwarz<\/b> at the best price and enjoy a healthy life!<\/p>\n<ul>\n<li>Art: Tasche<\/li>\n<li>Color: Black<\/li>\n<li>Gender: Men<\/li>\n<li>Size: One size<\/li>\n<li>Material: Polyester<\/li>\n<\/ul>","protected":false},"excerpt":{"rendered":"<p>Bleiben Sie in Form und entdecken Sie die neuesten Innovationen der Branche, um mit den besten Voraussetzungen Sport zu betreiben! Kaufen Sie G\u00fcrteltasche Reebok ASHLAND 8024931 Schwarz zum besten Preis und genie\u00dfen Sie ein gesundes Leben! Art: Tasche Farbe: Schwarz Geschlecht: Herren Gr\u00f6\u00dfe: Einheitsgr\u00f6\u00dfe Material: Polyester<\/p>","protected":false},"featured_media":11776,"comment_status":"open","ping_status":"closed","template":"","meta":{"inline_featured_image":false},"product_brand":[],"product_cat":[181,205,180],"product_tag":[177,178],"class_list":{"0":"post-11777","1":"product","2":"type-product","3":"status-publish","4":"has-post-thumbnail","6":"product_cat-camping-und-berge","7":"product_cat-rucksacke-und-taschen","8":"product_cat-sport-freizeit","9":"product_tag-tag_3","10":"product_tag-tag_17","12":"first","13":"outofstock","14":"taxable","15":"shipping-taxable","16":"purchasable","17":"product-type-simple"},"aioseo_notices":[],"jetpack_sharing_enabled":true,"_links":{"self":[{"href":"https:\/\/wildgear.itc-gmbh.shop\/en\/wp-json\/wp\/v2\/product\/11777","targetHints":{"allow":["GET"]}}],"collection":[{"href":"https:\/\/wildgear.itc-gmbh.shop\/en\/wp-json\/wp\/v2\/product"}],"about":[{"href":"https:\/\/wildgear.itc-gmbh.shop\/en\/wp-json\/wp\/v2\/types\/product"}],"replies":[{"embeddable":true,"href":"https:\/\/wildgear.itc-gmbh.shop\/en\/wp-json\/wp\/v2\/comments?post=11777"}],"wp:featuredmedia":[{"embeddable":true,"href":"https:\/\/wildgear.itc-gmbh.shop\/en\/wp-json\/wp\/v2\/media\/11776"}],"wp:attachment":[{"href":"https:\/\/wildgear.itc-gmbh.shop\/en\/wp-json\/wp\/v2\/media?parent=11777"}],"wp:term":[{"taxonomy":"product_brand","embeddable":true,"href":"https:\/\/wildgear.itc-gmbh.shop\/en\/wp-json\/wp\/v2\/product_brand?post=11777"},{"taxonomy":"product_cat","embeddable":true,"href":"https:\/\/wildgear.itc-gmbh.shop\/en\/wp-json\/wp\/v2\/product_cat?post=11777"},{"taxonomy":"product_tag","embeddable":true,"href":"https:\/\/wildgear.itc-gmbh.shop\/en\/wp-json\/wp\/v2\/product_tag?post=11777"}],"curies":[{"name":"wp","href":"https:\/\/api.w.org\/{rel}","templated":true}]}}