{"id":12055,"date":"2024-05-27T03:11:40","date_gmt":"2024-05-27T03:11:40","guid":{"rendered":"https:\/\/outdoor.itc-gmbh.shop\/product\/lunchbox-dkd-home-decor-thermal-weiss-schwarz-20-x-10-x-28-cm\/"},"modified":"2024-05-27T03:11:42","modified_gmt":"2024-05-27T03:11:42","slug":"lunchbox-dkd-home-decor-thermal-weiss-schwarz-20-x-10-x-28-cm","status":"publish","type":"product","link":"https:\/\/wildgear.itc-gmbh.shop\/en\/product\/lunchbox-dkd-home-decor-thermal-weiss-schwarz-20-x-10-x-28-cm\/","title":{"rendered":"Lunchbox DKD Home Decor Thermal Wei\u00df Schwarz 20 x 10 x 28 cm"},"content":{"rendered":"<p>If you value details when furnishing your home and want to be up to date with products that make your life easier, then buy <b>Lunchbox DKD Home Decor Thermal Wei\u00df Schwarz 20 x 10 x 28 cm<\/b> at the best price.<\/p>\n<ul>\n<li>Merkmale: Thermal<\/li>\n<li>Color:\n<ul>\n<li>White<\/li>\n<li>Black<\/li>\n<\/ul>\n<\/li>\n<li>Material: Schaum<\/li>\n<li>Ma\u00dfe ca.: 20 x 10 x 28 cm<\/li>\n<\/ul>","protected":false},"excerpt":{"rendered":"<p>Wenn Sie bei der Einrichtung ihres Heims Wert auf Details legen und bei Produkten, die Ihnen das Leben leichter machen, auf dem letzten Stand sein m\u00f6chten, dann kaufen Sie Lunchbox DKD Home Decor Thermal Wei\u00df Schwarz 20 x 10 x 28 cm zum besten Preis. Merkmale: Thermal Farbe: Wei\u00df Schwarz Material: Schaum Ma\u00dfe ca.: 20 &hellip; <\/p>\n<p class=\"more-link-wrap\"><a href=\"https:\/\/wildgear.itc-gmbh.shop\/en\/product\/lunchbox-dkd-home-decor-thermal-weiss-schwarz-20-x-10-x-28-cm\/\" class=\"more-link\"><span>Read More<span class=\"screen-reader-text\"> &#8220;Lunchbox DKD Home Decor Thermal Wei\u00df Schwarz 20 x 10 x 28 cm&#8221;<\/span><\/span><\/a><\/p>","protected":false},"featured_media":12054,"comment_status":"open","ping_status":"closed","template":"","meta":{"inline_featured_image":false},"product_brand":[],"product_cat":[181,180,654],"product_tag":[213,177,208],"class_list":{"0":"post-12055","1":"product","2":"type-product","3":"status-publish","4":"has-post-thumbnail","6":"product_cat-camping-und-berge","7":"product_cat-sport-freizeit","8":"product_cat-tragbare-kuhlboxen","9":"product_tag-tag_69","10":"product_tag-tag_3","11":"product_tag-tag_650","13":"first","14":"outofstock","15":"taxable","16":"shipping-taxable","17":"purchasable","18":"product-type-simple"},"aioseo_notices":[],"jetpack_sharing_enabled":true,"_links":{"self":[{"href":"https:\/\/wildgear.itc-gmbh.shop\/en\/wp-json\/wp\/v2\/product\/12055","targetHints":{"allow":["GET"]}}],"collection":[{"href":"https:\/\/wildgear.itc-gmbh.shop\/en\/wp-json\/wp\/v2\/product"}],"about":[{"href":"https:\/\/wildgear.itc-gmbh.shop\/en\/wp-json\/wp\/v2\/types\/product"}],"replies":[{"embeddable":true,"href":"https:\/\/wildgear.itc-gmbh.shop\/en\/wp-json\/wp\/v2\/comments?post=12055"}],"wp:featuredmedia":[{"embeddable":true,"href":"https:\/\/wildgear.itc-gmbh.shop\/en\/wp-json\/wp\/v2\/media\/12054"}],"wp:attachment":[{"href":"https:\/\/wildgear.itc-gmbh.shop\/en\/wp-json\/wp\/v2\/media?parent=12055"}],"wp:term":[{"taxonomy":"product_brand","embeddable":true,"href":"https:\/\/wildgear.itc-gmbh.shop\/en\/wp-json\/wp\/v2\/product_brand?post=12055"},{"taxonomy":"product_cat","embeddable":true,"href":"https:\/\/wildgear.itc-gmbh.shop\/en\/wp-json\/wp\/v2\/product_cat?post=12055"},{"taxonomy":"product_tag","embeddable":true,"href":"https:\/\/wildgear.itc-gmbh.shop\/en\/wp-json\/wp\/v2\/product_tag?post=12055"}],"curies":[{"name":"wp","href":"https:\/\/api.w.org\/{rel}","templated":true}]}}