{"id":12159,"date":"2024-05-27T03:13:19","date_gmt":"2024-05-27T03:13:19","guid":{"rendered":"https:\/\/outdoor.itc-gmbh.shop\/product\/lunchbox-nanana-surprise-sparkles-rosa-20-x-20-x-15-cm\/"},"modified":"2024-05-27T03:13:22","modified_gmt":"2024-05-27T03:13:22","slug":"lunchbox-nanana-surprise-sparkles-rosa-20-x-20-x-15-cm","status":"publish","type":"product","link":"https:\/\/wildgear.itc-gmbh.shop\/en\/product\/lunchbox-nanana-surprise-sparkles-rosa-20-x-20-x-15-cm\/","title":{"rendered":"Lunchbox Na!Na!Na! Surprise Sparkles Rosa (20 x 20 x 15 cm)"},"content":{"rendered":"<p>If you value details when furnishing your home and want to be up to date with products that make your life easier, then buy <b>Lunchbox Na!Na!Na! Surprise Sparkles Rosa (20 x 20 x 15 cm)<\/b> at the best price.<\/p>\n<ul>\n<li>Compartments: 2 compartments<\/li>\n<li>Color: Pink<\/li>\n<li>Features:\n<ul>\n<li>With top handle<\/li>\n<li>Identity card<\/li>\n<\/ul>\n<\/li>\n<li>Design: For children<\/li>\n<li>Material:\n<ul>\n<li>Polyester<\/li>\n<li>Pailletten<\/li>\n<\/ul>\n<\/li>\n<li>Closure bracelet: zipper<\/li>\n<li>Approx. dimensions: 20 x 20 x 15 cm<\/li>\n<\/ul>","protected":false},"excerpt":{"rendered":"<p>Wenn Sie bei der Einrichtung ihres Heims Wert auf Details legen und bei Produkten, die Ihnen das Leben leichter machen, auf dem letzten Stand sein m\u00f6chten, dann kaufen Sie Lunchbox Na!Na!Na! Surprise Sparkles Rosa (20 x 20 x 15 cm) zum besten Preis. F\u00e4cher: 2 F\u00e4cher Farbe: Rosa Merkmale: Mit oberem Griff Personalausweis Design: F\u00fcr &hellip; <\/p>\n<p class=\"more-link-wrap\"><a href=\"https:\/\/wildgear.itc-gmbh.shop\/en\/product\/lunchbox-nanana-surprise-sparkles-rosa-20-x-20-x-15-cm\/\" class=\"more-link\"><span>Read More<span class=\"screen-reader-text\"> &#8220;Lunchbox Na!Na!Na! Surprise Sparkles Rosa (20 x 20 x 15 cm)&#8221;<\/span><\/span><\/a><\/p>","protected":false},"featured_media":12158,"comment_status":"open","ping_status":"closed","template":"","meta":{"inline_featured_image":false},"product_brand":[],"product_cat":[181,180,654],"product_tag":[209,213,177,478,208],"class_list":{"0":"post-12159","1":"product","2":"type-product","3":"status-publish","4":"has-post-thumbnail","6":"product_cat-camping-und-berge","7":"product_cat-sport-freizeit","8":"product_cat-tragbare-kuhlboxen","9":"product_tag-tag_768","10":"product_tag-tag_69","11":"product_tag-tag_3","12":"product_tag-tag_71","13":"product_tag-tag_650","15":"first","16":"outofstock","17":"taxable","18":"shipping-taxable","19":"purchasable","20":"product-type-simple"},"aioseo_notices":[],"jetpack_sharing_enabled":true,"_links":{"self":[{"href":"https:\/\/wildgear.itc-gmbh.shop\/en\/wp-json\/wp\/v2\/product\/12159","targetHints":{"allow":["GET"]}}],"collection":[{"href":"https:\/\/wildgear.itc-gmbh.shop\/en\/wp-json\/wp\/v2\/product"}],"about":[{"href":"https:\/\/wildgear.itc-gmbh.shop\/en\/wp-json\/wp\/v2\/types\/product"}],"replies":[{"embeddable":true,"href":"https:\/\/wildgear.itc-gmbh.shop\/en\/wp-json\/wp\/v2\/comments?post=12159"}],"wp:featuredmedia":[{"embeddable":true,"href":"https:\/\/wildgear.itc-gmbh.shop\/en\/wp-json\/wp\/v2\/media\/12158"}],"wp:attachment":[{"href":"https:\/\/wildgear.itc-gmbh.shop\/en\/wp-json\/wp\/v2\/media?parent=12159"}],"wp:term":[{"taxonomy":"product_brand","embeddable":true,"href":"https:\/\/wildgear.itc-gmbh.shop\/en\/wp-json\/wp\/v2\/product_brand?post=12159"},{"taxonomy":"product_cat","embeddable":true,"href":"https:\/\/wildgear.itc-gmbh.shop\/en\/wp-json\/wp\/v2\/product_cat?post=12159"},{"taxonomy":"product_tag","embeddable":true,"href":"https:\/\/wildgear.itc-gmbh.shop\/en\/wp-json\/wp\/v2\/product_tag?post=12159"}],"curies":[{"name":"wp","href":"https:\/\/api.w.org\/{rel}","templated":true}]}}