{"id":12368,"date":"2024-05-27T03:16:29","date_gmt":"2024-05-27T03:16:29","guid":{"rendered":"https:\/\/outdoor.itc-gmbh.shop\/product\/kuehl-rucksack-doraemon-dunkelblau-25-x-20-x-9-cm\/"},"modified":"2024-05-27T03:16:29","modified_gmt":"2024-05-27T03:16:29","slug":"kuehl-rucksack-doraemon-dunkelblau-25-x-20-x-9-cm","status":"publish","type":"product","link":"https:\/\/wildgear.itc-gmbh.shop\/en\/product\/kuehl-rucksack-doraemon-dunkelblau-25-x-20-x-9-cm\/","title":{"rendered":"K\u00fchl-Rucksack Doraemon Dunkelblau 25 x 20 x 9 cm"},"content":{"rendered":"<p>For our children we would like to <b>K\u00fchl-Rucksack Doraemon Dunkelblau 25 x 20 x 9 cm<\/b> perfect for anyone looking for high-quality products for their little ones. Buy now <b>Doraemon<\/b> and other brands and licenses at the best prices!<\/p>\n<ul>\n<li>Farbe: Dunkelblau<\/li>\n<li>Material: Polyester<\/li>\n<li>Features:\n<ul>\n<li>Polsterung<\/li>\n<li>Glow in the Dark<\/li>\n<li>Thermische Isolierung<\/li>\n<li>Verstellbare Riemen<\/li>\n<li>Ergonomische Polsterung<\/li>\n<li>Hochwertiges Innenfutter<\/li>\n<\/ul>\n<\/li>\n<li>Design: 3D<\/li>\n<li>Ma\u00dfe ca.: 25 x 20 x 9 cm<\/li>\n<\/ul>","protected":false},"excerpt":{"rendered":"<p>F\u00fcr unsere Kinder m\u00f6chten wir Ihnen K\u00fchl-Rucksack Doraemon Dunkelblau 25 x 20 x 9 cm vorstellen, perfekt f\u00fcr alle, die qualitativ hochwertige Produkte f\u00fcr die Kleinsten suchen. Kaufen Sie Doraemon und weitere Marken und Lizenzen zu den besten Preisen! Farbe: Dunkelblau Material: Polyester Merkmale: Polsterung Glow in the Dark Thermische Isolierung Verstellbare Riemen Ergonomische Polsterung &hellip; <\/p>\n<p class=\"more-link-wrap\"><a href=\"https:\/\/wildgear.itc-gmbh.shop\/en\/product\/kuehl-rucksack-doraemon-dunkelblau-25-x-20-x-9-cm\/\" class=\"more-link\"><span>Read More<span class=\"screen-reader-text\"> &#8220;K\u00fchl-Rucksack Doraemon Dunkelblau 25 x 20 x 9 cm&#8221;<\/span><\/span><\/a><\/p>","protected":false},"featured_media":12367,"comment_status":"open","ping_status":"closed","template":"","meta":{"inline_featured_image":false},"product_brand":[],"product_cat":[181,180,654],"product_tag":[476,209,478],"class_list":{"0":"post-12368","1":"product","2":"type-product","3":"status-publish","4":"has-post-thumbnail","6":"product_cat-camping-und-berge","7":"product_cat-sport-freizeit","8":"product_cat-tragbare-kuhlboxen","9":"product_tag-tag_933","10":"product_tag-tag_768","11":"product_tag-tag_71","13":"first","14":"instock","15":"taxable","16":"shipping-taxable","17":"purchasable","18":"product-type-simple"},"aioseo_notices":[],"jetpack_sharing_enabled":true,"_links":{"self":[{"href":"https:\/\/wildgear.itc-gmbh.shop\/en\/wp-json\/wp\/v2\/product\/12368","targetHints":{"allow":["GET"]}}],"collection":[{"href":"https:\/\/wildgear.itc-gmbh.shop\/en\/wp-json\/wp\/v2\/product"}],"about":[{"href":"https:\/\/wildgear.itc-gmbh.shop\/en\/wp-json\/wp\/v2\/types\/product"}],"replies":[{"embeddable":true,"href":"https:\/\/wildgear.itc-gmbh.shop\/en\/wp-json\/wp\/v2\/comments?post=12368"}],"wp:featuredmedia":[{"embeddable":true,"href":"https:\/\/wildgear.itc-gmbh.shop\/en\/wp-json\/wp\/v2\/media\/12367"}],"wp:attachment":[{"href":"https:\/\/wildgear.itc-gmbh.shop\/en\/wp-json\/wp\/v2\/media?parent=12368"}],"wp:term":[{"taxonomy":"product_brand","embeddable":true,"href":"https:\/\/wildgear.itc-gmbh.shop\/en\/wp-json\/wp\/v2\/product_brand?post=12368"},{"taxonomy":"product_cat","embeddable":true,"href":"https:\/\/wildgear.itc-gmbh.shop\/en\/wp-json\/wp\/v2\/product_cat?post=12368"},{"taxonomy":"product_tag","embeddable":true,"href":"https:\/\/wildgear.itc-gmbh.shop\/en\/wp-json\/wp\/v2\/product_tag?post=12368"}],"curies":[{"name":"wp","href":"https:\/\/api.w.org\/{rel}","templated":true}]}}