{"id":12395,"date":"2024-05-27T03:16:51","date_gmt":"2024-05-27T03:16:51","guid":{"rendered":"https:\/\/outdoor.itc-gmbh.shop\/product\/kuehltasche-cool-8-l-30-x-16-x-215-cm\/"},"modified":"2024-05-27T03:16:51","modified_gmt":"2024-05-27T03:16:51","slug":"kuehltasche-cool-8-l-30-x-16-x-215-cm","status":"publish","type":"product","link":"https:\/\/wildgear.itc-gmbh.shop\/en\/product\/kuehltasche-cool-8-l-30-x-16-x-215-cm\/","title":{"rendered":"K\u00fchltasche Cool 8 L 30 x 16 x 21,5 cm"},"content":{"rendered":"<p>Sind Sie modebewusst und begeistern sich f\u00fcr Accessoires? Wir bieten Ihnen <b>K\u00fchltasche Cool 8 L 30 x 16 x 21,5 cm<\/b> und ein breites Sortiment an modernen Handtaschen und Geldbeutel!<\/p>\n<ul>\n<li>Features: Isothermal interior<\/li>\n<li>Sport: Camping<\/li>\n<li>Color: Colorful<\/li>\n<li>Important information:\n<ul>\n<li>Various designs. Shipping at random and depending on stock<\/li>\n<li>The image may not show all available assorted models<\/li>\n<\/ul>\n<\/li>\n<li>Piece: 1 piece<\/li>\n<li>Type: Cooler bag<\/li>\n<li>Suitable for: Outdoor use<\/li>\n<li>Kapazit\u00e4t: 8 L<\/li>\n<li>Ma\u00dfe ca.: 30 x 16 x 21,5 cm<\/li>\n<\/ul>","protected":false},"excerpt":{"rendered":"<p>18.8700 &euro; \/ 1 unit<\/p>","protected":false},"featured_media":12394,"comment_status":"open","ping_status":"closed","template":"","meta":{"inline_featured_image":false},"product_brand":[],"product_cat":[181,180,654],"product_tag":[177,178],"class_list":{"0":"post-12395","1":"product","2":"type-product","3":"status-publish","4":"has-post-thumbnail","6":"product_cat-camping-und-berge","7":"product_cat-sport-freizeit","8":"product_cat-tragbare-kuhlboxen","9":"product_tag-tag_3","10":"product_tag-tag_17","12":"first","13":"outofstock","14":"taxable","15":"shipping-taxable","16":"purchasable","17":"product-type-simple"},"aioseo_notices":[],"jetpack_sharing_enabled":true,"_links":{"self":[{"href":"https:\/\/wildgear.itc-gmbh.shop\/en\/wp-json\/wp\/v2\/product\/12395","targetHints":{"allow":["GET"]}}],"collection":[{"href":"https:\/\/wildgear.itc-gmbh.shop\/en\/wp-json\/wp\/v2\/product"}],"about":[{"href":"https:\/\/wildgear.itc-gmbh.shop\/en\/wp-json\/wp\/v2\/types\/product"}],"replies":[{"embeddable":true,"href":"https:\/\/wildgear.itc-gmbh.shop\/en\/wp-json\/wp\/v2\/comments?post=12395"}],"wp:featuredmedia":[{"embeddable":true,"href":"https:\/\/wildgear.itc-gmbh.shop\/en\/wp-json\/wp\/v2\/media\/12394"}],"wp:attachment":[{"href":"https:\/\/wildgear.itc-gmbh.shop\/en\/wp-json\/wp\/v2\/media?parent=12395"}],"wp:term":[{"taxonomy":"product_brand","embeddable":true,"href":"https:\/\/wildgear.itc-gmbh.shop\/en\/wp-json\/wp\/v2\/product_brand?post=12395"},{"taxonomy":"product_cat","embeddable":true,"href":"https:\/\/wildgear.itc-gmbh.shop\/en\/wp-json\/wp\/v2\/product_cat?post=12395"},{"taxonomy":"product_tag","embeddable":true,"href":"https:\/\/wildgear.itc-gmbh.shop\/en\/wp-json\/wp\/v2\/product_tag?post=12395"}],"curies":[{"name":"wp","href":"https:\/\/api.w.org\/{rel}","templated":true}]}}