{"id":12512,"date":"2024-05-27T03:18:44","date_gmt":"2024-05-27T03:18:44","guid":{"rendered":"https:\/\/outdoor.itc-gmbh.shop\/product\/flaschenkuehler-koopman-dosen\/"},"modified":"2024-05-27T03:18:46","modified_gmt":"2024-05-27T03:18:46","slug":"flaschenkuehler-koopman-dosen","status":"publish","type":"product","link":"https:\/\/wildgear.itc-gmbh.shop\/en\/product\/flaschenkuehler-koopman-dosen\/","title":{"rendered":"Bottle cooler Koopman cans"},"content":{"rendered":"<p>With these suggestions that will delight young and old, summer fun is guaranteed! Buy <b>Bottle cooler Koopman cans<\/b>] and enjoy your free time!<\/p>\n<ul>\n<li>Suitable for: Cooler bag<\/li>\n<li>Sport: Camping<\/li>\n<li>Type: Cooling unit<\/li>\n<li>Approximate weight: 650 g<\/li>\n<li>Material: Polypropylene<\/li>\n<li>Approx. dimensions: 21 x 10 x 4.5 cm<\/li>\n<li>Color: Colorful<\/li>\n<li>Important information:\n<ul>\n<li>Various designs. Shipping at random and depending on stock<\/li>\n<li>The image may not show all available assorted models<\/li>\n<\/ul>\n<\/li>\n<li>Recommended use: Tins<\/li>\n<li>Piece: 1 piece<\/li>\n<\/ul>","protected":false},"excerpt":{"rendered":"<p>Mit diesen Vorschl\u00e4gen, die Jung und Alt begeistern werden, ist der Sommerspa\u00df garantiert! Kaufen Sie Flaschenk\u00fchler Koopman Dosen] und genie\u00dfen Sie Ihre Freizeit! Geeignet f\u00fcr: K\u00fchltasche Sport: Camping Art: K\u00fchlger\u00e4t Ungef\u00e4hres Gewicht: 650 g Material: Polypropylen Ma\u00dfe ca.: 21 x 10 x 4,5 cm Farbe: Bunt Wichtige informationen: Verschiedene Designs. Versand nach Zufallsprinzip und vom &hellip; <\/p>\n<p class=\"more-link-wrap\"><a href=\"https:\/\/wildgear.itc-gmbh.shop\/en\/product\/flaschenkuehler-koopman-dosen\/\" class=\"more-link\"><span>Read More<span class=\"screen-reader-text\"> &#8220;Flaschenk\u00fchler Koopman Dosen&#8221;<\/span><\/span><\/a><\/p>","protected":false},"featured_media":12511,"comment_status":"open","ping_status":"closed","template":"","meta":{"inline_featured_image":false},"product_brand":[],"product_cat":[181,180,654],"product_tag":[177,178],"class_list":{"0":"post-12512","1":"product","2":"type-product","3":"status-publish","4":"has-post-thumbnail","6":"product_cat-camping-und-berge","7":"product_cat-sport-freizeit","8":"product_cat-tragbare-kuhlboxen","9":"product_tag-tag_3","10":"product_tag-tag_17","12":"first","13":"outofstock","14":"taxable","15":"shipping-taxable","16":"purchasable","17":"product-type-simple"},"aioseo_notices":[],"jetpack_sharing_enabled":true,"_links":{"self":[{"href":"https:\/\/wildgear.itc-gmbh.shop\/en\/wp-json\/wp\/v2\/product\/12512","targetHints":{"allow":["GET"]}}],"collection":[{"href":"https:\/\/wildgear.itc-gmbh.shop\/en\/wp-json\/wp\/v2\/product"}],"about":[{"href":"https:\/\/wildgear.itc-gmbh.shop\/en\/wp-json\/wp\/v2\/types\/product"}],"replies":[{"embeddable":true,"href":"https:\/\/wildgear.itc-gmbh.shop\/en\/wp-json\/wp\/v2\/comments?post=12512"}],"wp:featuredmedia":[{"embeddable":true,"href":"https:\/\/wildgear.itc-gmbh.shop\/en\/wp-json\/wp\/v2\/media\/12511"}],"wp:attachment":[{"href":"https:\/\/wildgear.itc-gmbh.shop\/en\/wp-json\/wp\/v2\/media?parent=12512"}],"wp:term":[{"taxonomy":"product_brand","embeddable":true,"href":"https:\/\/wildgear.itc-gmbh.shop\/en\/wp-json\/wp\/v2\/product_brand?post=12512"},{"taxonomy":"product_cat","embeddable":true,"href":"https:\/\/wildgear.itc-gmbh.shop\/en\/wp-json\/wp\/v2\/product_cat?post=12512"},{"taxonomy":"product_tag","embeddable":true,"href":"https:\/\/wildgear.itc-gmbh.shop\/en\/wp-json\/wp\/v2\/product_tag?post=12512"}],"curies":[{"name":"wp","href":"https:\/\/api.w.org\/{rel}","templated":true}]}}