{"id":12523,"date":"2024-05-27T03:18:55","date_gmt":"2024-05-27T03:18:55","guid":{"rendered":"https:\/\/outdoor.itc-gmbh.shop\/product\/kaeltespeicher-650-ml-55-x-21-x-10-cm-12-stueck\/"},"modified":"2024-05-27T03:18:56","modified_gmt":"2024-05-27T03:18:56","slug":"kaeltespeicher-650-ml-55-x-21-x-10-cm-12-stueck","status":"publish","type":"product","link":"https:\/\/wildgear.itc-gmbh.shop\/en\/product\/kaeltespeicher-650-ml-55-x-21-x-10-cm-12-stueck\/","title":{"rendered":"Cold storage 650 ml 5.5 x 21 x 10 cm (12 pieces)"},"content":{"rendered":"<p>If you value details when furnishing your home and want to be up to date with products that make your life easier, then buy <b>Cold storage 650 ml 5.5 x 21 x 10 cm (12 pieces)<\/b> at the best price.<\/p>\n<ul>\n<li>Type: Kitchen<\/li>\n<li>Color: Blue<\/li>\n<li>Material: Plastic<\/li>\n<li>Piece: 12 pieces<\/li>\n<li>Capacity: 650 ml<\/li>\n<li>Approx. dimensions: 5.5 x 21 x 10 cm<\/li>\n<\/ul>","protected":false},"excerpt":{"rendered":"<p>Wenn Sie bei der Einrichtung ihres Heims Wert auf Details legen und bei Produkten, die Ihnen das Leben leichter machen, auf dem letzten Stand sein m\u00f6chten, dann kaufen Sie K\u00e4ltespeicher 650 ml 5,5 x 21 x 10 cm (12 St\u00fcck) zum besten Preis. Art: K\u00fcche Farbe: Blau Material: Kunststoff St\u00fcck: 12 St\u00fcck Kapazit\u00e4t: 650 ml &hellip; <\/p>\n<p class=\"more-link-wrap\"><a href=\"https:\/\/wildgear.itc-gmbh.shop\/en\/product\/kaeltespeicher-650-ml-55-x-21-x-10-cm-12-stueck\/\" class=\"more-link\"><span>Read More<span class=\"screen-reader-text\"> &#8220;K\u00e4ltespeicher 650 ml 5,5 x 21 x 10 cm (12 St\u00fcck)&#8221;<\/span><\/span><\/a><\/p>","protected":false},"featured_media":12522,"comment_status":"open","ping_status":"closed","template":"","meta":{"inline_featured_image":false},"product_brand":[],"product_cat":[181,180,654],"product_tag":[193],"class_list":{"0":"post-12523","1":"product","2":"type-product","3":"status-publish","4":"has-post-thumbnail","6":"product_cat-camping-und-berge","7":"product_cat-sport-freizeit","8":"product_cat-tragbare-kuhlboxen","9":"product_tag-tag_25","11":"first","12":"instock","13":"taxable","14":"shipping-taxable","15":"purchasable","16":"product-type-simple"},"aioseo_notices":[],"jetpack_sharing_enabled":true,"_links":{"self":[{"href":"https:\/\/wildgear.itc-gmbh.shop\/en\/wp-json\/wp\/v2\/product\/12523","targetHints":{"allow":["GET"]}}],"collection":[{"href":"https:\/\/wildgear.itc-gmbh.shop\/en\/wp-json\/wp\/v2\/product"}],"about":[{"href":"https:\/\/wildgear.itc-gmbh.shop\/en\/wp-json\/wp\/v2\/types\/product"}],"replies":[{"embeddable":true,"href":"https:\/\/wildgear.itc-gmbh.shop\/en\/wp-json\/wp\/v2\/comments?post=12523"}],"wp:featuredmedia":[{"embeddable":true,"href":"https:\/\/wildgear.itc-gmbh.shop\/en\/wp-json\/wp\/v2\/media\/12522"}],"wp:attachment":[{"href":"https:\/\/wildgear.itc-gmbh.shop\/en\/wp-json\/wp\/v2\/media?parent=12523"}],"wp:term":[{"taxonomy":"product_brand","embeddable":true,"href":"https:\/\/wildgear.itc-gmbh.shop\/en\/wp-json\/wp\/v2\/product_brand?post=12523"},{"taxonomy":"product_cat","embeddable":true,"href":"https:\/\/wildgear.itc-gmbh.shop\/en\/wp-json\/wp\/v2\/product_cat?post=12523"},{"taxonomy":"product_tag","embeddable":true,"href":"https:\/\/wildgear.itc-gmbh.shop\/en\/wp-json\/wp\/v2\/product_tag?post=12523"}],"curies":[{"name":"wp","href":"https:\/\/api.w.org\/{rel}","templated":true}]}}