{"id":12574,"date":"2024-05-27T03:19:38","date_gmt":"2024-05-27T03:19:38","guid":{"rendered":"https:\/\/outdoor.itc-gmbh.shop\/product\/kuehltasche-quid-sugar-lunchbox-15-l-28-x-22-x-26-cm-grau\/"},"modified":"2024-05-27T03:19:44","modified_gmt":"2024-05-27T03:19:44","slug":"kuehltasche-quid-sugar-lunchbox-15-l-28-x-22-x-26-cm-grau","status":"publish","type":"product","link":"https:\/\/wildgear.itc-gmbh.shop\/en\/product\/kuehltasche-quid-sugar-lunchbox-15-l-28-x-22-x-26-cm-grau\/","title":{"rendered":"K\u00fchltasche Quid Sugar Lunchbox 15 L 28 x 22 x 26 cm Grau"},"content":{"rendered":"<p>If you value details when furnishing your home and want to be up to date with products that make your life easier, then buy <b>K\u00fchltasche Quid Sugar Lunchbox 15 L 28 x 22 x 26 cm Grau<\/b> at the best price.<\/p>\n<ul>\n<li>Art:\n<ul>\n<li>Tragbar<\/li>\n<li>Lunchbox<\/li>\n<\/ul>\n<\/li>\n<li>Kapazit\u00e4t: 15 L<\/li>\n<li>Ma\u00dfe ca.: 28 x 22 x 26 cm<\/li>\n<li>Color: Grey<\/li>\n<li>Features:\n<ul>\n<li>Mit Griffen<\/li>\n<li>Clean with a wet cloth<\/li>\n<\/ul>\n<\/li>\n<li>Closure bracelet: zipper<\/li>\n<\/ul>","protected":false},"excerpt":{"rendered":"<p>Wenn Sie bei der Einrichtung ihres Heims Wert auf Details legen und bei Produkten, die Ihnen das Leben leichter machen, auf dem letzten Stand sein m\u00f6chten, dann kaufen Sie K\u00fchltasche Quid Sugar Lunchbox 15 L 28 x 22 x 26 cm Grau zum besten Preis. Art: Tragbar Lunchbox Kapazit\u00e4t: 15 L Ma\u00dfe ca.: 28 x &hellip; <\/p>\n<p class=\"more-link-wrap\"><a href=\"https:\/\/wildgear.itc-gmbh.shop\/en\/product\/kuehltasche-quid-sugar-lunchbox-15-l-28-x-22-x-26-cm-grau\/\" class=\"more-link\"><span>Read More<span class=\"screen-reader-text\"> &#8220;K\u00fchltasche Quid Sugar Lunchbox 15 L 28 x 22 x 26 cm Grau&#8221;<\/span><\/span><\/a><\/p>","protected":false},"featured_media":12573,"comment_status":"open","ping_status":"closed","template":"","meta":{"inline_featured_image":false},"product_brand":[],"product_cat":[181,180,654],"product_tag":[213,177,208],"class_list":{"0":"post-12574","1":"product","2":"type-product","3":"status-publish","4":"has-post-thumbnail","6":"product_cat-camping-und-berge","7":"product_cat-sport-freizeit","8":"product_cat-tragbare-kuhlboxen","9":"product_tag-tag_69","10":"product_tag-tag_3","11":"product_tag-tag_650","13":"first","14":"outofstock","15":"taxable","16":"shipping-taxable","17":"purchasable","18":"product-type-simple"},"aioseo_notices":[],"jetpack_sharing_enabled":true,"_links":{"self":[{"href":"https:\/\/wildgear.itc-gmbh.shop\/en\/wp-json\/wp\/v2\/product\/12574","targetHints":{"allow":["GET"]}}],"collection":[{"href":"https:\/\/wildgear.itc-gmbh.shop\/en\/wp-json\/wp\/v2\/product"}],"about":[{"href":"https:\/\/wildgear.itc-gmbh.shop\/en\/wp-json\/wp\/v2\/types\/product"}],"replies":[{"embeddable":true,"href":"https:\/\/wildgear.itc-gmbh.shop\/en\/wp-json\/wp\/v2\/comments?post=12574"}],"wp:featuredmedia":[{"embeddable":true,"href":"https:\/\/wildgear.itc-gmbh.shop\/en\/wp-json\/wp\/v2\/media\/12573"}],"wp:attachment":[{"href":"https:\/\/wildgear.itc-gmbh.shop\/en\/wp-json\/wp\/v2\/media?parent=12574"}],"wp:term":[{"taxonomy":"product_brand","embeddable":true,"href":"https:\/\/wildgear.itc-gmbh.shop\/en\/wp-json\/wp\/v2\/product_brand?post=12574"},{"taxonomy":"product_cat","embeddable":true,"href":"https:\/\/wildgear.itc-gmbh.shop\/en\/wp-json\/wp\/v2\/product_cat?post=12574"},{"taxonomy":"product_tag","embeddable":true,"href":"https:\/\/wildgear.itc-gmbh.shop\/en\/wp-json\/wp\/v2\/product_tag?post=12574"}],"curies":[{"name":"wp","href":"https:\/\/api.w.org\/{rel}","templated":true}]}}