{"id":12661,"date":"2024-05-27T03:20:53","date_gmt":"2024-05-27T03:20:53","guid":{"rendered":"https:\/\/outdoor.itc-gmbh.shop\/product\/mini-kuehlschrank-xbox-series-x-schwarz-45-l\/"},"modified":"2024-05-27T03:20:57","modified_gmt":"2024-05-27T03:20:57","slug":"mini-kuehlschrank-xbox-series-x-schwarz-45-l","status":"publish","type":"product","link":"https:\/\/wildgear.itc-gmbh.shop\/en\/product\/mini-kuehlschrank-xbox-series-x-schwarz-45-l\/","title":{"rendered":"Mini-K\u00fchlschrank XBOX Series X Schwarz 4,5 L"},"content":{"rendered":"<p>Stay in shape and discover the latest innovations in the sector to practice sport in the best conditions! Buy <b>Mini-K\u00fchlschrank XBOX Series X Schwarz 4,5 L<\/b> at the best price and enjoy a healthy life!<\/p>\n<ul>\n<li>Plug type: EU plug<\/li>\n<li>Pluggable product: Yes<\/li>\n<li>Format: Mini<\/li>\n<li>Art: Mini-K\u00fchlschrank<\/li>\n<li>Color:\n<ul>\n<li>Black<\/li>\n<li>green<\/li>\n<\/ul>\n<\/li>\n<li>Kapazit\u00e4t: 4,5 L<\/li>\n<\/ul>","protected":false},"excerpt":{"rendered":"<p>Bleiben Sie in Form und entdecken Sie die neuesten Innovationen der Branche, um mit den besten Voraussetzungen Sport zu betreiben! Kaufen Sie Mini-K\u00fchlschrank XBOX Series X Schwarz 4,5 L zum besten Preis und genie\u00dfen Sie ein gesundes Leben! Steckertyp: EU-Stecker Steckbares Produkt: Ja Format: Mini Art: Mini-K\u00fchlschrank Farbe: Schwarz gr\u00fcn Kapazit\u00e4t: 4,5 L<\/p>","protected":false},"featured_media":12660,"comment_status":"open","ping_status":"closed","template":"","meta":{"inline_featured_image":false},"product_brand":[],"product_cat":[181,180,654],"product_tag":[193,188,197],"class_list":{"0":"post-12661","1":"product","2":"type-product","3":"status-publish","4":"has-post-thumbnail","6":"product_cat-camping-und-berge","7":"product_cat-sport-freizeit","8":"product_cat-tragbare-kuhlboxen","9":"product_tag-tag_25","10":"product_tag-tag_1304","11":"product_tag-tag_10","13":"first","14":"outofstock","15":"taxable","16":"shipping-taxable","17":"purchasable","18":"product-type-simple"},"aioseo_notices":[],"jetpack_sharing_enabled":true,"_links":{"self":[{"href":"https:\/\/wildgear.itc-gmbh.shop\/en\/wp-json\/wp\/v2\/product\/12661","targetHints":{"allow":["GET"]}}],"collection":[{"href":"https:\/\/wildgear.itc-gmbh.shop\/en\/wp-json\/wp\/v2\/product"}],"about":[{"href":"https:\/\/wildgear.itc-gmbh.shop\/en\/wp-json\/wp\/v2\/types\/product"}],"replies":[{"embeddable":true,"href":"https:\/\/wildgear.itc-gmbh.shop\/en\/wp-json\/wp\/v2\/comments?post=12661"}],"wp:featuredmedia":[{"embeddable":true,"href":"https:\/\/wildgear.itc-gmbh.shop\/en\/wp-json\/wp\/v2\/media\/12660"}],"wp:attachment":[{"href":"https:\/\/wildgear.itc-gmbh.shop\/en\/wp-json\/wp\/v2\/media?parent=12661"}],"wp:term":[{"taxonomy":"product_brand","embeddable":true,"href":"https:\/\/wildgear.itc-gmbh.shop\/en\/wp-json\/wp\/v2\/product_brand?post=12661"},{"taxonomy":"product_cat","embeddable":true,"href":"https:\/\/wildgear.itc-gmbh.shop\/en\/wp-json\/wp\/v2\/product_cat?post=12661"},{"taxonomy":"product_tag","embeddable":true,"href":"https:\/\/wildgear.itc-gmbh.shop\/en\/wp-json\/wp\/v2\/product_tag?post=12661"}],"curies":[{"name":"wp","href":"https:\/\/api.w.org\/{rel}","templated":true}]}}