{"id":12959,"date":"2024-05-27T03:26:05","date_gmt":"2024-05-27T03:26:05","guid":{"rendered":"https:\/\/outdoor.itc-gmbh.shop\/product\/kuehltasche-minnie-mouse-grau-20-x-20-x-15-cm\/"},"modified":"2024-05-27T03:26:09","modified_gmt":"2024-05-27T03:26:09","slug":"kuehltasche-minnie-mouse-grau-20-x-20-x-15-cm","status":"publish","type":"product","link":"https:\/\/wildgear.itc-gmbh.shop\/en\/product\/kuehltasche-minnie-mouse-grau-20-x-20-x-15-cm\/","title":{"rendered":"K\u00fchltasche Minnie Mouse Grau 20 x 20 x 15 cm"},"content":{"rendered":"<p>Stay in shape and discover the latest innovations in the sector to practice sport in the best conditions! Buy <b>K\u00fchltasche Minnie Mouse Grau 20 x 20 x 15 cm<\/b> at the best price and enjoy a healthy life!<\/p>\n<ul>\n<li>Type: Cooler bag<\/li>\n<li>Material: Polyester<\/li>\n<li>Color: Grey<\/li>\n<li>Features:\n<ul>\n<li>Strap for shoulder bag<\/li>\n<li>With top handle<\/li>\n<\/ul>\n<\/li>\n<li>Closure bracelet: zipper<\/li>\n<li>Enthalten: Innentasche<\/li>\n<li>Approx. dimensions: 20 x 20 x 15 cm<\/li>\n<\/ul>","protected":false},"excerpt":{"rendered":"<p>Bleiben Sie in Form und entdecken Sie die neuesten Innovationen der Branche, um mit den besten Voraussetzungen Sport zu betreiben! Kaufen Sie K\u00fchltasche Minnie Mouse Grau 20 x 20 x 15 cm zum besten Preis und genie\u00dfen Sie ein gesundes Leben! Art: K\u00fchltasche Material: Polyester Farbe: Grau Merkmale: Riemen f\u00fcr Umh\u00e4ngetasche Mit oberem Griff Verschluss &hellip; <\/p>\n<p class=\"more-link-wrap\"><a href=\"https:\/\/wildgear.itc-gmbh.shop\/en\/product\/kuehltasche-minnie-mouse-grau-20-x-20-x-15-cm\/\" class=\"more-link\"><span>Read More<span class=\"screen-reader-text\"> &#8220;K\u00fchltasche Minnie Mouse Grau 20 x 20 x 15 cm&#8221;<\/span><\/span><\/a><\/p>","protected":false},"featured_media":12958,"comment_status":"open","ping_status":"closed","template":"","meta":{"inline_featured_image":false},"product_brand":[],"product_cat":[181,180,654],"product_tag":[219,218,177,178],"class_list":{"0":"post-12959","1":"product","2":"type-product","3":"status-publish","4":"has-post-thumbnail","6":"product_cat-camping-und-berge","7":"product_cat-sport-freizeit","8":"product_cat-tragbare-kuhlboxen","9":"product_tag-tag_664","10":"product_tag-tag_36","11":"product_tag-tag_3","12":"product_tag-tag_17","14":"first","15":"instock","16":"taxable","17":"shipping-taxable","18":"purchasable","19":"product-type-simple"},"aioseo_notices":[],"jetpack_sharing_enabled":true,"_links":{"self":[{"href":"https:\/\/wildgear.itc-gmbh.shop\/en\/wp-json\/wp\/v2\/product\/12959","targetHints":{"allow":["GET"]}}],"collection":[{"href":"https:\/\/wildgear.itc-gmbh.shop\/en\/wp-json\/wp\/v2\/product"}],"about":[{"href":"https:\/\/wildgear.itc-gmbh.shop\/en\/wp-json\/wp\/v2\/types\/product"}],"replies":[{"embeddable":true,"href":"https:\/\/wildgear.itc-gmbh.shop\/en\/wp-json\/wp\/v2\/comments?post=12959"}],"wp:featuredmedia":[{"embeddable":true,"href":"https:\/\/wildgear.itc-gmbh.shop\/en\/wp-json\/wp\/v2\/media\/12958"}],"wp:attachment":[{"href":"https:\/\/wildgear.itc-gmbh.shop\/en\/wp-json\/wp\/v2\/media?parent=12959"}],"wp:term":[{"taxonomy":"product_brand","embeddable":true,"href":"https:\/\/wildgear.itc-gmbh.shop\/en\/wp-json\/wp\/v2\/product_brand?post=12959"},{"taxonomy":"product_cat","embeddable":true,"href":"https:\/\/wildgear.itc-gmbh.shop\/en\/wp-json\/wp\/v2\/product_cat?post=12959"},{"taxonomy":"product_tag","embeddable":true,"href":"https:\/\/wildgear.itc-gmbh.shop\/en\/wp-json\/wp\/v2\/product_tag?post=12959"}],"curies":[{"name":"wp","href":"https:\/\/api.w.org\/{rel}","templated":true}]}}