{"id":13083,"date":"2024-05-27T03:27:49","date_gmt":"2024-05-27T03:27:49","guid":{"rendered":"https:\/\/outdoor.itc-gmbh.shop\/product\/kuehltasche-aktive-cool-it-12-stueck-blau-gefrierfaehig\/"},"modified":"2024-05-27T03:27:54","modified_gmt":"2024-05-27T03:27:54","slug":"kuehltasche-aktive-cool-it-12-stueck-blau-gefrierfaehig","status":"publish","type":"product","link":"https:\/\/wildgear.itc-gmbh.shop\/en\/product\/kuehltasche-aktive-cool-it-12-stueck-blau-gefrierfaehig\/","title":{"rendered":"K\u00fchltasche Aktive Cool it (12 St\u00fcck) Blau Gefrierf\u00e4hig"},"content":{"rendered":"<p>If you value details when furnishing your home and want to be up to date with products that make your life easier, then buy <b>K\u00fchltasche Aktive Cool it (12 St\u00fcck) Blau Gefrierf\u00e4hig<\/b> at the best price.<\/p>\n<ul>\n<li>Type: Cooler bag<\/li>\n<li>Color: Blue<\/li>\n<li>Merkmale: Gefrierf\u00e4hig<\/li>\n<li>Material: Nylon 600D<\/li>\n<li>Piece: 12 pieces<\/li>\n<\/ul>","protected":false},"excerpt":{"rendered":"<p>Wenn Sie bei der Einrichtung ihres Heims Wert auf Details legen und bei Produkten, die Ihnen das Leben leichter machen, auf dem letzten Stand sein m\u00f6chten, dann kaufen Sie K\u00fchltasche Aktive Cool it (12 St\u00fcck) Blau Gefrierf\u00e4hig zum besten Preis. Art: K\u00fchltasche Farbe: Blau Merkmale: Gefrierf\u00e4hig Material: Nylon 600D St\u00fcck: 12 St\u00fcck<\/p>","protected":false},"featured_media":13082,"comment_status":"open","ping_status":"closed","template":"","meta":{"inline_featured_image":false},"product_brand":[],"product_cat":[181,180,654],"product_tag":[213,177,208],"class_list":{"0":"post-13083","1":"product","2":"type-product","3":"status-publish","4":"has-post-thumbnail","6":"product_cat-camping-und-berge","7":"product_cat-sport-freizeit","8":"product_cat-tragbare-kuhlboxen","9":"product_tag-tag_69","10":"product_tag-tag_3","11":"product_tag-tag_650","13":"first","14":"instock","15":"taxable","16":"shipping-taxable","17":"purchasable","18":"product-type-simple"},"aioseo_notices":[],"jetpack_sharing_enabled":true,"_links":{"self":[{"href":"https:\/\/wildgear.itc-gmbh.shop\/en\/wp-json\/wp\/v2\/product\/13083","targetHints":{"allow":["GET"]}}],"collection":[{"href":"https:\/\/wildgear.itc-gmbh.shop\/en\/wp-json\/wp\/v2\/product"}],"about":[{"href":"https:\/\/wildgear.itc-gmbh.shop\/en\/wp-json\/wp\/v2\/types\/product"}],"replies":[{"embeddable":true,"href":"https:\/\/wildgear.itc-gmbh.shop\/en\/wp-json\/wp\/v2\/comments?post=13083"}],"wp:featuredmedia":[{"embeddable":true,"href":"https:\/\/wildgear.itc-gmbh.shop\/en\/wp-json\/wp\/v2\/media\/13082"}],"wp:attachment":[{"href":"https:\/\/wildgear.itc-gmbh.shop\/en\/wp-json\/wp\/v2\/media?parent=13083"}],"wp:term":[{"taxonomy":"product_brand","embeddable":true,"href":"https:\/\/wildgear.itc-gmbh.shop\/en\/wp-json\/wp\/v2\/product_brand?post=13083"},{"taxonomy":"product_cat","embeddable":true,"href":"https:\/\/wildgear.itc-gmbh.shop\/en\/wp-json\/wp\/v2\/product_cat?post=13083"},{"taxonomy":"product_tag","embeddable":true,"href":"https:\/\/wildgear.itc-gmbh.shop\/en\/wp-json\/wp\/v2\/product_tag?post=13083"}],"curies":[{"name":"wp","href":"https:\/\/api.w.org\/{rel}","templated":true}]}}