{"id":13089,"date":"2024-05-27T03:27:56","date_gmt":"2024-05-27T03:27:56","guid":{"rendered":"https:\/\/outdoor.itc-gmbh.shop\/product\/robuste-tragbare-kuehlbox-lilty-innovagoods-15-l\/"},"modified":"2024-05-27T03:28:08","modified_gmt":"2024-05-27T03:28:08","slug":"robuste-tragbare-kuehlbox-lilty-innovagoods-15-l","status":"publish","type":"product","link":"https:\/\/wildgear.itc-gmbh.shop\/en\/product\/robuste-tragbare-kuehlbox-lilty-innovagoods-15-l\/","title":{"rendered":"Robuste tragbare K\u00fchlbox Lilty InnovaGoods 15 L"},"content":{"rendered":"<div class=\"col-md-6\"><b>InnovaGoods<\/b> bietet Ihnen die Neuheiten f\u00fcr Ihr Zuhause, wie zum Beispiel <b>Robuste tragbare K\u00fchlbox Lilty InnovaGoods 15 L <\/b>! Entdecken Sie eine breite Palette von Qualit\u00e4tsprodukten, die sich durch Funktionalit\u00e4t, Effizienz und innovatives Design auszeichnen: Beleuchtung, Organisation, Dekoration, Klimaanlage, Garten, Haustiere, Reinigung, etc.<\/p>\n<p>Eine <b>robuste tragbare K\u00fchlbox<\/b> mit 15 L Fassungsverm\u00f6gen und Tragegriff, ideal f\u00fcr Strandtage, Camping, Picknicks, Ausfl\u00fcge, Outdoor-Partys usw. Der Mehrzweck-Deckel hat 2 Becherhalter und dient als Tablett f\u00fcr Speisen und Getr\u00e4nke.<\/p>\n<p>Mit dieser <b>K\u00fchlbox f\u00fcr unterwegs<\/b> l\u00e4sst sich eine gro\u00dfe Menge an Speisen und Getr\u00e4nken problemlos k\u00fchl halten. Au\u00dferdem l\u00e4sst sie sich leicht mitnehmen, wohin auch immer Sie gehen.<\/p>\n<ul>\n<li><b>Retro-\/Vintage-Design: <\/b>Sie werden das stimmungsvolle Design dieser K\u00fchlbox mit seiner trendigen und angesagten Farbgebung in Pastellt\u00fcrkis lieben. Eine besondere Kombination, die Sie in die Zeit nostalgischer Sommermomente im Freien mit der Familie und Freunden zur\u00fcckversetzt.<\/li>\n<li><b>Gro\u00dfes Fassungsverm\u00f6gen von 15 Litern:&nbsp;<\/b>Diese stabile K\u00fchlbox eignet sich perfekt, um eine gro\u00dfe Menge an Speisen und Getr\u00e4nken k\u00fchl zu halten: Snacks, Salate, Obst, S\u00e4fte, Softdrinks, Bier usw. Die Airpop-Auskleidung bietet eine sehr gute W\u00e4rmeisolierung, die Lebensmittel und Getr\u00e4nke l\u00e4nger k\u00fchl h\u00e4lt.<\/li>\n<li><b>Bequemer Tragegriff:&nbsp;<\/b>Eine tragbare K\u00fchlbox, die sehr leicht ist und sich einfach \u00fcberallhin mitnehmen l\u00e4sst. Dank ihres integrierten Griffs liegt sie gut in der Hand und l\u00e4sst sich leicht transportieren. Perfekt f\u00fcr den Genuss von gesundem Essen und erfrischenden Getr\u00e4nken im Sommer, jederzeit und \u00fcberall.<\/li>\n<li><b>Multifunktionaler Deckel mit 2 Becherhaltern:&nbsp;<\/b>Sie k\u00f6nnen den multifunktionalen Deckel auch als Tablett verwenden, um Speisen, Getr\u00e4nke, Eis usw. zu servieren. Au\u00dferdem verf\u00fcgt der Deckel \u00fcber zwei Getr\u00e4nkehalter, die sehr n\u00fctzlich sind, um Gl\u00e4ser, Flaschen, Dosen mit Erfrischungsgetr\u00e4nken usw. abzustellen und zu halten.<\/li>\n<li><b>Tragbare K\u00fchlbox f\u00fcr unterwegs:&nbsp;<\/b>Diese K\u00fchlbox ist das perfekte Accessoire f\u00fcr den Strand, Camping, Picknicks, Ausfl\u00fcge, Partys und Feiern im Freien usw. Eine bequeme, einfache und sichere Art, Speisen und Getr\u00e4nke zu transportieren, um die freie Natur in bester Gesellschaft zu genie\u00dfen.&nbsp;Einfach mit einem feuchten Tuch zu reinigen.<\/li>\n<\/ul>\n<ul>\n<li>Material:\n<ul>\n<li>Polypropylene<\/li>\n<li>Polyethylene<\/li>\n<li>EPS<\/li>\n<\/ul>\n<\/li>\n<li>Color:\n<ul>\n<li>Yellow<\/li>\n<li>White<\/li>\n<\/ul>\n<\/li>\n<li>Type: Portable refrigerator<\/li>\n<li>Kapazit\u00e4t: 15 L<\/li>\n<li>Design: Retro<\/li>\n<li>Mehrzweck-Deckel: Schale<\/li>\n<li>Becherhalter: x2<\/li>\n<li>Features: Carrying handle<\/li>\n<li>Originell und handlich: Vielseitige Verwendungsm\u00f6glichkeiten<\/li>\n<li>F\u00fcr Au\u00dfenanwendungen: Ideal f\u00fcr Picknicks und Campingausfl\u00fcge, sowie f\u00fcr den Garten oder Strand etc.<\/li>\n<li>Leicht und einfach zu handhaben: M\u00fchelos zu transportieren und aufzubewahren<\/li>\n<li>Ma\u00dfe ca.: 43 x 25 x 29 cm<\/li>\n<\/ul>\n<p>Verpackung in 24 Sprachen: Englisch, Franz\u00f6sisch, Spanisch, Deutsch, Italienisch, Portugiesisch, Niederl\u00e4ndisch, Polnisch, Ungarisch, Rum\u00e4nisch, D\u00e4nisch, Schwedisch, Finnisch, Litauisch, Norwegisch, Slowenisch, Griechisch, Tschechisch, Bulgarisch, Kroatisch, Slowakisch, Estnisch, Russisch, Lettisch.<\/p><\/div>\n<div class=\"col-md-6\">\n<div class=\"embed-responsive embed-responsive-16by9\"><iframe class=\"embed-responsive-item\" src=\"https:\/\/www.youtube.com\/embed\/qNsWIiYXaYo\" frameborder=\"0\" allowfullscreen><\/iframe><\/div>\n<\/div>","protected":false},"excerpt":{"rendered":"<p>InnovaGoods bietet Ihnen die Neuheiten f\u00fcr Ihr Zuhause, wie zum Beispiel Robuste tragbare K\u00fchlbox Lilty InnovaGoods 15 L ! Entdecken Sie eine breite Palette von Qualit\u00e4tsprodukten, die sich durch Funktionalit\u00e4t, Effizienz und innovatives Design auszeichnen: Beleuchtung, Organisation, Dekoration, Klimaanlage, Garten, Haustiere, Reinigung, etc. Eine robuste tragbare K\u00fchlbox mit 15 L Fassungsverm\u00f6gen und Tragegriff, ideal f\u00fcr &hellip; <\/p>\n<p class=\"more-link-wrap\"><a href=\"https:\/\/wildgear.itc-gmbh.shop\/en\/product\/robuste-tragbare-kuehlbox-lilty-innovagoods-15-l\/\" class=\"more-link\"><span>Read More<span class=\"screen-reader-text\"> &#8220;Robuste tragbare K\u00fchlbox Lilty InnovaGoods 15 L&#8221;<\/span><\/span><\/a><\/p>","protected":false},"featured_media":13088,"comment_status":"open","ping_status":"closed","template":"","meta":{"inline_featured_image":false},"product_brand":[],"product_cat":[181,180,655,654],"product_tag":[197,177,474,650],"class_list":{"0":"post-13089","1":"product","2":"type-product","3":"status-publish","4":"has-post-thumbnail","6":"product_cat-camping-und-berge","7":"product_cat-sport-freizeit","8":"product_cat-strand-und-schwimmbad","9":"product_cat-tragbare-kuhlboxen","10":"product_tag-tag_10","11":"product_tag-tag_3","12":"product_tag-tag_152","13":"product_tag-tag_608","15":"first","16":"instock","17":"taxable","18":"shipping-taxable","19":"purchasable","20":"product-type-simple"},"aioseo_notices":[],"jetpack_sharing_enabled":true,"_links":{"self":[{"href":"https:\/\/wildgear.itc-gmbh.shop\/en\/wp-json\/wp\/v2\/product\/13089","targetHints":{"allow":["GET"]}}],"collection":[{"href":"https:\/\/wildgear.itc-gmbh.shop\/en\/wp-json\/wp\/v2\/product"}],"about":[{"href":"https:\/\/wildgear.itc-gmbh.shop\/en\/wp-json\/wp\/v2\/types\/product"}],"replies":[{"embeddable":true,"href":"https:\/\/wildgear.itc-gmbh.shop\/en\/wp-json\/wp\/v2\/comments?post=13089"}],"wp:featuredmedia":[{"embeddable":true,"href":"https:\/\/wildgear.itc-gmbh.shop\/en\/wp-json\/wp\/v2\/media\/13088"}],"wp:attachment":[{"href":"https:\/\/wildgear.itc-gmbh.shop\/en\/wp-json\/wp\/v2\/media?parent=13089"}],"wp:term":[{"taxonomy":"product_brand","embeddable":true,"href":"https:\/\/wildgear.itc-gmbh.shop\/en\/wp-json\/wp\/v2\/product_brand?post=13089"},{"taxonomy":"product_cat","embeddable":true,"href":"https:\/\/wildgear.itc-gmbh.shop\/en\/wp-json\/wp\/v2\/product_cat?post=13089"},{"taxonomy":"product_tag","embeddable":true,"href":"https:\/\/wildgear.itc-gmbh.shop\/en\/wp-json\/wp\/v2\/product_tag?post=13089"}],"curies":[{"name":"wp","href":"https:\/\/api.w.org\/{rel}","templated":true}]}}