{"id":13102,"date":"2024-05-27T03:28:09","date_gmt":"2024-05-27T03:28:09","guid":{"rendered":"https:\/\/outdoor.itc-gmbh.shop\/product\/kuehl-rucksack-grau-31-x-13-x-36-cm\/"},"modified":"2024-05-27T03:28:12","modified_gmt":"2024-05-27T03:28:12","slug":"kuehl-rucksack-grau-31-x-13-x-36-cm","status":"publish","type":"product","link":"https:\/\/wildgear.itc-gmbh.shop\/en\/product\/kuehl-rucksack-grau-31-x-13-x-36-cm\/","title":{"rendered":"K\u00fchl-Rucksack Grau 31 x 13 x 36 cm"},"content":{"rendered":"<p>If you are looking for trendy new products on the market, we present to you <b>K\u00fchl-Rucksack Grau 31 x 13 x 36 cm<\/b>!<\/p>\n<ul>\n<li>Color: Grey<\/li>\n<li>Ma\u00dfe ca.: 31 x 13 x 36 cm<\/li>\n<li>Capacity: 14 L<\/li>\n<li>Type: Portable refrigerator<\/li>\n<\/ul>","protected":false},"excerpt":{"rendered":"<p>Wenn Sie auf der Suche nach trendigen Neuheiten auf dem Markt sind, pr\u00e4sentieren wir Ihnen K\u00fchl-Rucksack Grau 31 x 13 x 36 cm! Farbe: Grau Ma\u00dfe ca.: 31 x 13 x 36 cm Kapazit\u00e4t: 14 L Art: Tragbarer K\u00fchlschrank<\/p>","protected":false},"featured_media":13101,"comment_status":"open","ping_status":"closed","template":"","meta":{"inline_featured_image":false},"product_brand":[],"product_cat":[181,180,654],"product_tag":[177,178],"class_list":{"0":"post-13102","1":"product","2":"type-product","3":"status-publish","4":"has-post-thumbnail","6":"product_cat-camping-und-berge","7":"product_cat-sport-freizeit","8":"product_cat-tragbare-kuhlboxen","9":"product_tag-tag_3","10":"product_tag-tag_17","12":"first","13":"outofstock","14":"taxable","15":"shipping-taxable","16":"purchasable","17":"product-type-simple"},"aioseo_notices":[],"jetpack_sharing_enabled":true,"_links":{"self":[{"href":"https:\/\/wildgear.itc-gmbh.shop\/en\/wp-json\/wp\/v2\/product\/13102","targetHints":{"allow":["GET"]}}],"collection":[{"href":"https:\/\/wildgear.itc-gmbh.shop\/en\/wp-json\/wp\/v2\/product"}],"about":[{"href":"https:\/\/wildgear.itc-gmbh.shop\/en\/wp-json\/wp\/v2\/types\/product"}],"replies":[{"embeddable":true,"href":"https:\/\/wildgear.itc-gmbh.shop\/en\/wp-json\/wp\/v2\/comments?post=13102"}],"wp:featuredmedia":[{"embeddable":true,"href":"https:\/\/wildgear.itc-gmbh.shop\/en\/wp-json\/wp\/v2\/media\/13101"}],"wp:attachment":[{"href":"https:\/\/wildgear.itc-gmbh.shop\/en\/wp-json\/wp\/v2\/media?parent=13102"}],"wp:term":[{"taxonomy":"product_brand","embeddable":true,"href":"https:\/\/wildgear.itc-gmbh.shop\/en\/wp-json\/wp\/v2\/product_brand?post=13102"},{"taxonomy":"product_cat","embeddable":true,"href":"https:\/\/wildgear.itc-gmbh.shop\/en\/wp-json\/wp\/v2\/product_cat?post=13102"},{"taxonomy":"product_tag","embeddable":true,"href":"https:\/\/wildgear.itc-gmbh.shop\/en\/wp-json\/wp\/v2\/product_tag?post=13102"}],"curies":[{"name":"wp","href":"https:\/\/api.w.org\/{rel}","templated":true}]}}