{"id":13119,"date":"2024-05-27T03:28:27","date_gmt":"2024-05-27T03:28:27","guid":{"rendered":"https:\/\/outdoor.itc-gmbh.shop\/product\/kuehl-rucksack-gruen-31-x-13-x-36-cm\/"},"modified":"2024-05-27T03:28:30","modified_gmt":"2024-05-27T03:28:30","slug":"kuehl-rucksack-gruen-31-x-13-x-36-cm","status":"publish","type":"product","link":"https:\/\/wildgear.itc-gmbh.shop\/en\/product\/kuehl-rucksack-gruen-31-x-13-x-36-cm\/","title":{"rendered":"K\u00fchl-Rucksack gr\u00fcn 31 x 13 x 36 cm"},"content":{"rendered":"<p>With these suggestions that will delight young and old, summer fun is guaranteed! Buy <b>K\u00fchl-Rucksack gr\u00fcn 31 x 13 x 36 cm<\/b>] and enjoy your free time!<\/p>\n<ul>\n<li>Capacity: 14 L<\/li>\n<li>Type: Portable refrigerator<\/li>\n<li>Color: green<\/li>\n<li>Ma\u00dfe ca.: 31 x 13 x 36 cm<\/li>\n<\/ul>","protected":false},"excerpt":{"rendered":"<p>Mit diesen Vorschl\u00e4gen, die Jung und Alt begeistern werden, ist der Sommerspa\u00df garantiert! Kaufen Sie K\u00fchl-Rucksack gr\u00fcn 31 x 13 x 36 cm] und genie\u00dfen Sie Ihre Freizeit! Kapazit\u00e4t: 14 L Art: Tragbarer K\u00fchlschrank Farbe: gr\u00fcn Ma\u00dfe ca.: 31 x 13 x 36 cm<\/p>","protected":false},"featured_media":13118,"comment_status":"open","ping_status":"closed","template":"","meta":{"inline_featured_image":false},"product_brand":[],"product_cat":[181,180,654],"product_tag":[177,178],"class_list":{"0":"post-13119","1":"product","2":"type-product","3":"status-publish","4":"has-post-thumbnail","6":"product_cat-camping-und-berge","7":"product_cat-sport-freizeit","8":"product_cat-tragbare-kuhlboxen","9":"product_tag-tag_3","10":"product_tag-tag_17","12":"first","13":"outofstock","14":"taxable","15":"shipping-taxable","16":"purchasable","17":"product-type-simple"},"aioseo_notices":[],"jetpack_sharing_enabled":true,"_links":{"self":[{"href":"https:\/\/wildgear.itc-gmbh.shop\/en\/wp-json\/wp\/v2\/product\/13119","targetHints":{"allow":["GET"]}}],"collection":[{"href":"https:\/\/wildgear.itc-gmbh.shop\/en\/wp-json\/wp\/v2\/product"}],"about":[{"href":"https:\/\/wildgear.itc-gmbh.shop\/en\/wp-json\/wp\/v2\/types\/product"}],"replies":[{"embeddable":true,"href":"https:\/\/wildgear.itc-gmbh.shop\/en\/wp-json\/wp\/v2\/comments?post=13119"}],"wp:featuredmedia":[{"embeddable":true,"href":"https:\/\/wildgear.itc-gmbh.shop\/en\/wp-json\/wp\/v2\/media\/13118"}],"wp:attachment":[{"href":"https:\/\/wildgear.itc-gmbh.shop\/en\/wp-json\/wp\/v2\/media?parent=13119"}],"wp:term":[{"taxonomy":"product_brand","embeddable":true,"href":"https:\/\/wildgear.itc-gmbh.shop\/en\/wp-json\/wp\/v2\/product_brand?post=13119"},{"taxonomy":"product_cat","embeddable":true,"href":"https:\/\/wildgear.itc-gmbh.shop\/en\/wp-json\/wp\/v2\/product_cat?post=13119"},{"taxonomy":"product_tag","embeddable":true,"href":"https:\/\/wildgear.itc-gmbh.shop\/en\/wp-json\/wp\/v2\/product_tag?post=13119"}],"curies":[{"name":"wp","href":"https:\/\/api.w.org\/{rel}","templated":true}]}}