{"id":13143,"date":"2024-05-27T03:28:49","date_gmt":"2024-05-27T03:28:49","guid":{"rendered":"https:\/\/outdoor.itc-gmbh.shop\/product\/kuehlschrank-dometic-20-l\/"},"modified":"2024-05-27T03:28:52","modified_gmt":"2024-05-27T03:28:52","slug":"kuehlschrank-dometic-20-l","status":"publish","type":"product","link":"https:\/\/wildgear.itc-gmbh.shop\/en\/product\/kuehlschrank-dometic-20-l\/","title":{"rendered":"K\u00fchlschrank Dometic 20 L"},"content":{"rendered":"<p>Stay in shape and discover the latest innovations in the sector to practice sport in the best conditions! Buy <b>K\u00fchlschrank Dometic 20 L<\/b> at the best price and enjoy a healthy life!<\/p>\n<ul>\n<li>Color: Grey<\/li>\n<li>Material: Polyurethane<\/li>\n<li>Kapazit\u00e4t: 20 L<\/li>\n<li>Type: Portable refrigerator<\/li>\n<\/ul>","protected":false},"excerpt":{"rendered":"<p>Bleiben Sie in Form und entdecken Sie die neuesten Innovationen der Branche, um mit den besten Voraussetzungen Sport zu betreiben! Kaufen Sie K\u00fchlschrank Dometic 20 L zum besten Preis und genie\u00dfen Sie ein gesundes Leben! Farbe: Grau Material: Polyurethan Kapazit\u00e4t: 20 L Art: Tragbarer K\u00fchlschrank<\/p>","protected":false},"featured_media":13142,"comment_status":"open","ping_status":"closed","template":"","meta":{"inline_featured_image":false},"product_brand":[],"product_cat":[181,180,654],"product_tag":[188,177],"class_list":{"0":"post-13143","1":"product","2":"type-product","3":"status-publish","4":"has-post-thumbnail","6":"product_cat-camping-und-berge","7":"product_cat-sport-freizeit","8":"product_cat-tragbare-kuhlboxen","9":"product_tag-tag_1304","10":"product_tag-tag_3","12":"first","13":"instock","14":"taxable","15":"shipping-taxable","16":"purchasable","17":"product-type-simple"},"aioseo_notices":[],"jetpack_sharing_enabled":true,"_links":{"self":[{"href":"https:\/\/wildgear.itc-gmbh.shop\/en\/wp-json\/wp\/v2\/product\/13143","targetHints":{"allow":["GET"]}}],"collection":[{"href":"https:\/\/wildgear.itc-gmbh.shop\/en\/wp-json\/wp\/v2\/product"}],"about":[{"href":"https:\/\/wildgear.itc-gmbh.shop\/en\/wp-json\/wp\/v2\/types\/product"}],"replies":[{"embeddable":true,"href":"https:\/\/wildgear.itc-gmbh.shop\/en\/wp-json\/wp\/v2\/comments?post=13143"}],"wp:featuredmedia":[{"embeddable":true,"href":"https:\/\/wildgear.itc-gmbh.shop\/en\/wp-json\/wp\/v2\/media\/13142"}],"wp:attachment":[{"href":"https:\/\/wildgear.itc-gmbh.shop\/en\/wp-json\/wp\/v2\/media?parent=13143"}],"wp:term":[{"taxonomy":"product_brand","embeddable":true,"href":"https:\/\/wildgear.itc-gmbh.shop\/en\/wp-json\/wp\/v2\/product_brand?post=13143"},{"taxonomy":"product_cat","embeddable":true,"href":"https:\/\/wildgear.itc-gmbh.shop\/en\/wp-json\/wp\/v2\/product_cat?post=13143"},{"taxonomy":"product_tag","embeddable":true,"href":"https:\/\/wildgear.itc-gmbh.shop\/en\/wp-json\/wp\/v2\/product_tag?post=13143"}],"curies":[{"name":"wp","href":"https:\/\/api.w.org\/{rel}","templated":true}]}}