{"id":13180,"date":"2024-05-27T03:29:20","date_gmt":"2024-05-27T03:29:20","guid":{"rendered":"https:\/\/outdoor.itc-gmbh.shop\/product\/kuehltasche-jata-hpor7052-rot\/"},"modified":"2024-05-27T03:29:21","modified_gmt":"2024-05-27T03:29:21","slug":"kuehltasche-jata-hpor7052-rot","status":"publish","type":"product","link":"https:\/\/wildgear.itc-gmbh.shop\/en\/product\/kuehltasche-jata-hpor7052-rot\/","title":{"rendered":"K\u00fchltasche JATA HPOR7052 Rot"},"content":{"rendered":"<p>If you value details when furnishing your home and want to be up to date with products that make your life easier, then buy <b>K\u00fchltasche JATA HPOR7052 Rot<\/b> at the best price.<\/p>\n<ul>\n<li>Kapazit\u00e4t: 25 L<\/li>\n<li>Color: Red<\/li>\n<li>Material:\n<ul>\n<li>Polyester<\/li>\n<li>100 % polyester<\/li>\n<\/ul>\n<\/li>\n<li>Shape: rectangular<\/li>\n<li>Closure bracelet: zipper<\/li>\n<li>Design: Moderne<\/li>\n<\/ul>","protected":false},"excerpt":{"rendered":"<p>Wenn Sie bei der Einrichtung ihres Heims Wert auf Details legen und bei Produkten, die Ihnen das Leben leichter machen, auf dem letzten Stand sein m\u00f6chten, dann kaufen Sie K\u00fchltasche JATA HPOR7052 Rot zum besten Preis. Kapazit\u00e4t: 25 L Farbe: Rot Material: Polyester 100 % polyester Form: rechteckig Verschluss Armband: Rei\u00dfverschluss Design: Moderne<\/p>","protected":false},"featured_media":13179,"comment_status":"open","ping_status":"closed","template":"","meta":{"inline_featured_image":false},"product_brand":[],"product_cat":[181,180,654],"product_tag":[213,177,208],"class_list":{"0":"post-13180","1":"product","2":"type-product","3":"status-publish","4":"has-post-thumbnail","6":"product_cat-camping-und-berge","7":"product_cat-sport-freizeit","8":"product_cat-tragbare-kuhlboxen","9":"product_tag-tag_69","10":"product_tag-tag_3","11":"product_tag-tag_650","13":"first","14":"outofstock","15":"taxable","16":"shipping-taxable","17":"purchasable","18":"product-type-simple"},"aioseo_notices":[],"jetpack_sharing_enabled":true,"_links":{"self":[{"href":"https:\/\/wildgear.itc-gmbh.shop\/en\/wp-json\/wp\/v2\/product\/13180","targetHints":{"allow":["GET"]}}],"collection":[{"href":"https:\/\/wildgear.itc-gmbh.shop\/en\/wp-json\/wp\/v2\/product"}],"about":[{"href":"https:\/\/wildgear.itc-gmbh.shop\/en\/wp-json\/wp\/v2\/types\/product"}],"replies":[{"embeddable":true,"href":"https:\/\/wildgear.itc-gmbh.shop\/en\/wp-json\/wp\/v2\/comments?post=13180"}],"wp:featuredmedia":[{"embeddable":true,"href":"https:\/\/wildgear.itc-gmbh.shop\/en\/wp-json\/wp\/v2\/media\/13179"}],"wp:attachment":[{"href":"https:\/\/wildgear.itc-gmbh.shop\/en\/wp-json\/wp\/v2\/media?parent=13180"}],"wp:term":[{"taxonomy":"product_brand","embeddable":true,"href":"https:\/\/wildgear.itc-gmbh.shop\/en\/wp-json\/wp\/v2\/product_brand?post=13180"},{"taxonomy":"product_cat","embeddable":true,"href":"https:\/\/wildgear.itc-gmbh.shop\/en\/wp-json\/wp\/v2\/product_cat?post=13180"},{"taxonomy":"product_tag","embeddable":true,"href":"https:\/\/wildgear.itc-gmbh.shop\/en\/wp-json\/wp\/v2\/product_tag?post=13180"}],"curies":[{"name":"wp","href":"https:\/\/api.w.org\/{rel}","templated":true}]}}