{"id":13267,"date":"2024-05-27T03:30:38","date_gmt":"2024-05-27T03:30:38","guid":{"rendered":"https:\/\/outdoor.itc-gmbh.shop\/product\/messer-ferrino-camping\/"},"modified":"2024-05-27T03:30:39","modified_gmt":"2024-05-27T03:30:39","slug":"messer-ferrino-camping","status":"publish","type":"product","link":"https:\/\/wildgear.itc-gmbh.shop\/en\/product\/messer-ferrino-camping\/","title":{"rendered":"Messer Ferrino Camping"},"content":{"rendered":"<p>With these suggestions that will delight young and old, summer fun is guaranteed! Buy <b>Messer Ferrino Camping<\/b>] and enjoy your free time!<\/p>\n<ul>\n<li>Art: Mehrzweck<\/li>\n<li>Funktionen: 11<\/li>\n<li>Included:\n<ul>\n<li>Neon green<\/li>\n<li>Knife<\/li>\n<li>S\u00e4ge<\/li>\n<li>Opener<\/li>\n<li>Korkenzieher<\/li>\n<li>Dosen\u00f6ffner<\/li>\n<li>Schere<\/li>\n<li>Schraubenzieher<\/li>\n<\/ul>\n<\/li>\n<li>Color: Grey<\/li>\n<\/ul>","protected":false},"excerpt":{"rendered":"<p>Mit diesen Vorschl\u00e4gen, die Jung und Alt begeistern werden, ist der Sommerspa\u00df garantiert! Kaufen Sie Messer Ferrino Camping] und genie\u00dfen Sie Ihre Freizeit! Art: Mehrzweck Funktionen: 11 Enthalten: Neongr\u00fcn Messer S\u00e4ge \u00d6ffner Korkenzieher Dosen\u00f6ffner Schere Schraubenzieher Farbe: Grau<\/p>","protected":false},"featured_media":13266,"comment_status":"open","ping_status":"closed","template":"","meta":{"inline_featured_image":false},"product_brand":[],"product_cat":[181,182,180],"product_tag":[213,177,208],"class_list":{"0":"post-13267","1":"product","2":"type-product","3":"status-publish","4":"has-post-thumbnail","6":"product_cat-camping-und-berge","7":"product_cat-camping-und-bergzubehor","8":"product_cat-sport-freizeit","9":"product_tag-tag_69","10":"product_tag-tag_3","11":"product_tag-tag_650","13":"first","14":"instock","15":"taxable","16":"shipping-taxable","17":"purchasable","18":"product-type-simple"},"aioseo_notices":[],"jetpack_sharing_enabled":true,"_links":{"self":[{"href":"https:\/\/wildgear.itc-gmbh.shop\/en\/wp-json\/wp\/v2\/product\/13267","targetHints":{"allow":["GET"]}}],"collection":[{"href":"https:\/\/wildgear.itc-gmbh.shop\/en\/wp-json\/wp\/v2\/product"}],"about":[{"href":"https:\/\/wildgear.itc-gmbh.shop\/en\/wp-json\/wp\/v2\/types\/product"}],"replies":[{"embeddable":true,"href":"https:\/\/wildgear.itc-gmbh.shop\/en\/wp-json\/wp\/v2\/comments?post=13267"}],"wp:featuredmedia":[{"embeddable":true,"href":"https:\/\/wildgear.itc-gmbh.shop\/en\/wp-json\/wp\/v2\/media\/13266"}],"wp:attachment":[{"href":"https:\/\/wildgear.itc-gmbh.shop\/en\/wp-json\/wp\/v2\/media?parent=13267"}],"wp:term":[{"taxonomy":"product_brand","embeddable":true,"href":"https:\/\/wildgear.itc-gmbh.shop\/en\/wp-json\/wp\/v2\/product_brand?post=13267"},{"taxonomy":"product_cat","embeddable":true,"href":"https:\/\/wildgear.itc-gmbh.shop\/en\/wp-json\/wp\/v2\/product_cat?post=13267"},{"taxonomy":"product_tag","embeddable":true,"href":"https:\/\/wildgear.itc-gmbh.shop\/en\/wp-json\/wp\/v2\/product_tag?post=13267"}],"curies":[{"name":"wp","href":"https:\/\/api.w.org\/{rel}","templated":true}]}}