{"id":13354,"date":"2024-05-27T03:31:59","date_gmt":"2024-05-27T03:31:59","guid":{"rendered":"https:\/\/outdoor.itc-gmbh.shop\/product\/table-klapptisch-aluminium-80-x-60-x-69-cm\/"},"modified":"2024-05-27T03:32:02","modified_gmt":"2024-05-27T03:32:02","slug":"table-klapptisch-aluminium-80-x-60-x-69-cm","status":"publish","type":"product","link":"https:\/\/wildgear.itc-gmbh.shop\/en\/product\/table-klapptisch-aluminium-80-x-60-x-69-cm\/","title":{"rendered":"Table Klapptisch Aluminium 80 x 60 x 69 cm"},"content":{"rendered":"<p>With these suggestions that will delight young and old, summer fun is guaranteed! Buy <b>Table Klapptisch Aluminium 80 x 60 x 69 cm<\/b>] and enjoy your free time!<\/p>\n<ul>\n<li>Art: Table Klapptisch<\/li>\n<li>Color:\n<ul>\n<li>White<\/li>\n<li>Colorful<\/li>\n<\/ul>\n<\/li>\n<li>Material: Aluminum<\/li>\n<li>Ma\u00dfe ca.: 80 x 60 x 69 cm<\/li>\n<li>Empfohlene verwendung: Unisex f\u00fcr Erwachsene<\/li>\n<\/ul>","protected":false},"excerpt":{"rendered":"<p>Mit diesen Vorschl\u00e4gen, die Jung und Alt begeistern werden, ist der Sommerspa\u00df garantiert! Kaufen Sie Table Klapptisch Aluminium 80 x 60 x 69 cm] und genie\u00dfen Sie Ihre Freizeit! Art: Table Klapptisch Farbe: Wei\u00df Bunt Material: Aluminium Ma\u00dfe ca.: 80 x 60 x 69 cm Empfohlene verwendung: Unisex f\u00fcr Erwachsene<\/p>","protected":false},"featured_media":13353,"comment_status":"open","ping_status":"closed","template":"","meta":{"inline_featured_image":false},"product_brand":[],"product_cat":[181,182,180],"product_tag":[213,177,208],"class_list":{"0":"post-13354","1":"product","2":"type-product","3":"status-publish","4":"has-post-thumbnail","6":"product_cat-camping-und-berge","7":"product_cat-camping-und-bergzubehor","8":"product_cat-sport-freizeit","9":"product_tag-tag_69","10":"product_tag-tag_3","11":"product_tag-tag_650","13":"first","14":"outofstock","15":"taxable","16":"shipping-taxable","17":"purchasable","18":"product-type-simple"},"aioseo_notices":[],"jetpack_sharing_enabled":true,"_links":{"self":[{"href":"https:\/\/wildgear.itc-gmbh.shop\/en\/wp-json\/wp\/v2\/product\/13354","targetHints":{"allow":["GET"]}}],"collection":[{"href":"https:\/\/wildgear.itc-gmbh.shop\/en\/wp-json\/wp\/v2\/product"}],"about":[{"href":"https:\/\/wildgear.itc-gmbh.shop\/en\/wp-json\/wp\/v2\/types\/product"}],"replies":[{"embeddable":true,"href":"https:\/\/wildgear.itc-gmbh.shop\/en\/wp-json\/wp\/v2\/comments?post=13354"}],"wp:featuredmedia":[{"embeddable":true,"href":"https:\/\/wildgear.itc-gmbh.shop\/en\/wp-json\/wp\/v2\/media\/13353"}],"wp:attachment":[{"href":"https:\/\/wildgear.itc-gmbh.shop\/en\/wp-json\/wp\/v2\/media?parent=13354"}],"wp:term":[{"taxonomy":"product_brand","embeddable":true,"href":"https:\/\/wildgear.itc-gmbh.shop\/en\/wp-json\/wp\/v2\/product_brand?post=13354"},{"taxonomy":"product_cat","embeddable":true,"href":"https:\/\/wildgear.itc-gmbh.shop\/en\/wp-json\/wp\/v2\/product_cat?post=13354"},{"taxonomy":"product_tag","embeddable":true,"href":"https:\/\/wildgear.itc-gmbh.shop\/en\/wp-json\/wp\/v2\/product_tag?post=13354"}],"curies":[{"name":"wp","href":"https:\/\/api.w.org\/{rel}","templated":true}]}}