{"id":13364,"date":"2024-05-27T03:32:07","date_gmt":"2024-05-27T03:32:07","guid":{"rendered":"https:\/\/outdoor.itc-gmbh.shop\/product\/gaskocher-super-ego-36-x-32-x-12-cm\/"},"modified":"2024-05-27T03:32:10","modified_gmt":"2024-05-27T03:32:10","slug":"gaskocher-super-ego-36-x-32-x-12-cm","status":"publish","type":"product","link":"https:\/\/wildgear.itc-gmbh.shop\/en\/product\/gaskocher-super-ego-36-x-32-x-12-cm\/","title":{"rendered":"Gaskocher Super Ego 36 x 32 x 12 cm"},"content":{"rendered":"<p>Wenn Sie Haushaltsger\u00e4te zum besten Gro\u00dfhandelspreis suchen, dann verpassen Sie nicht Ihre Chance auf <b>Gaskocher Super Ego 36 x 32 x 12 cm<\/b> sowie ein breites Sortiment an kleinen Haushaltsger\u00e4ten!<\/p>\n<ul>\n<li>Art: Gasherdplatte<\/li>\n<li>Material: Metall<\/li>\n<li>Merkmale: Tragbar<\/li>\n<li>Kochbereiche: 1<\/li>\n<li>Empfohlene verwendung: F\u00fcr Au\u00dfenanwendungen<\/li>\n<li>Ma\u00dfe ca.: 36 x 32 x 12 cm<\/li>\n<li>Gewicht: 1,5 Kg<\/li>\n<li>Stromquelle: Gas<\/li>\n<\/ul>","protected":false},"excerpt":{"rendered":"<p>Wenn Sie Haushaltsger\u00e4te zum besten Gro\u00dfhandelspreis suchen, dann verpassen Sie nicht Ihre Chance auf Gaskocher Super Ego 36 x 32 x 12 cm sowie ein breites Sortiment an kleinen Haushaltsger\u00e4ten! Art: Gasherdplatte Material: Metall Merkmale: Tragbar Kochbereiche: 1 Empfohlene verwendung: F\u00fcr Au\u00dfenanwendungen Ma\u00dfe ca.: 36 x 32 x 12 cm Gewicht: 1,5 Kg Stromquelle: Gas<\/p>","protected":false},"featured_media":13363,"comment_status":"open","ping_status":"closed","template":"","meta":{"inline_featured_image":false},"product_brand":[],"product_cat":[181,182,180],"product_tag":[559,651],"class_list":{"0":"post-13364","1":"product","2":"type-product","3":"status-publish","4":"has-post-thumbnail","6":"product_cat-camping-und-berge","7":"product_cat-camping-und-bergzubehor","8":"product_cat-sport-freizeit","9":"product_tag-tag_930","10":"product_tag-tag_926","12":"first","13":"instock","14":"taxable","15":"shipping-taxable","16":"purchasable","17":"product-type-simple"},"aioseo_notices":[],"jetpack_sharing_enabled":true,"_links":{"self":[{"href":"https:\/\/wildgear.itc-gmbh.shop\/en\/wp-json\/wp\/v2\/product\/13364","targetHints":{"allow":["GET"]}}],"collection":[{"href":"https:\/\/wildgear.itc-gmbh.shop\/en\/wp-json\/wp\/v2\/product"}],"about":[{"href":"https:\/\/wildgear.itc-gmbh.shop\/en\/wp-json\/wp\/v2\/types\/product"}],"replies":[{"embeddable":true,"href":"https:\/\/wildgear.itc-gmbh.shop\/en\/wp-json\/wp\/v2\/comments?post=13364"}],"wp:featuredmedia":[{"embeddable":true,"href":"https:\/\/wildgear.itc-gmbh.shop\/en\/wp-json\/wp\/v2\/media\/13363"}],"wp:attachment":[{"href":"https:\/\/wildgear.itc-gmbh.shop\/en\/wp-json\/wp\/v2\/media?parent=13364"}],"wp:term":[{"taxonomy":"product_brand","embeddable":true,"href":"https:\/\/wildgear.itc-gmbh.shop\/en\/wp-json\/wp\/v2\/product_brand?post=13364"},{"taxonomy":"product_cat","embeddable":true,"href":"https:\/\/wildgear.itc-gmbh.shop\/en\/wp-json\/wp\/v2\/product_cat?post=13364"},{"taxonomy":"product_tag","embeddable":true,"href":"https:\/\/wildgear.itc-gmbh.shop\/en\/wp-json\/wp\/v2\/product_tag?post=13364"}],"curies":[{"name":"wp","href":"https:\/\/api.w.org\/{rel}","templated":true}]}}