{"id":13441,"date":"2024-05-27T03:33:08","date_gmt":"2024-05-27T03:33:08","guid":{"rendered":"https:\/\/outdoor.itc-gmbh.shop\/product\/herdplatte-gross-o-22-cm\/"},"modified":"2024-05-27T03:33:09","modified_gmt":"2024-05-27T03:33:09","slug":"herdplatte-gross-o-22-cm","status":"publish","type":"product","link":"https:\/\/wildgear.itc-gmbh.shop\/en\/product\/herdplatte-gross-o-22-cm\/","title":{"rendered":"Herdplatte gro\u00df (\u00d8 22 cm)"},"content":{"rendered":"<p>Stay in shape and discover the latest innovations in the sector to practice sport in the best conditions! Buy <b>Herdplatte gro\u00df (\u00d8 22 cm)<\/b> at the best price and enjoy a healthy life!<\/p>\n<ul>\n<li>Leistung: 1900 W<\/li>\n<li>Features: Adjustable intensity<\/li>\n<li>Ungef\u00e4hre Reichweite: 32 h<\/li>\n<li>Empfohlene verwendung: \u00c4u\u00dferst praktisch f\u00fcr Wohnh\u00e4user, Gesch\u00e4fte, Campingpl\u00e4tze, Autos, Garagen, Boote, usw.<\/li>\n<li>Art: Gaskocher<\/li>\n<li>Nicht erhalten: Butan<\/li>\n<li>Ma\u00dfe ca.: \u00d8 22 cm<\/li>\n<li>Format: gro\u00df<\/li>\n<li>Sport: Camping<\/li>\n<\/ul>","protected":false},"excerpt":{"rendered":"<p>Bleiben Sie in Form und entdecken Sie die neuesten Innovationen der Branche, um mit den besten Voraussetzungen Sport zu betreiben! Kaufen Sie Herdplatte gro\u00df (\u00d8 22 cm) zum besten Preis und genie\u00dfen Sie ein gesundes Leben! Leistung: 1900 W Merkmale: Einstellbare Intensit\u00e4t Ungef\u00e4hre Reichweite: 32 h Empfohlene verwendung: \u00c4u\u00dferst praktisch f\u00fcr Wohnh\u00e4user, Gesch\u00e4fte, Campingpl\u00e4tze, Autos, &hellip; <\/p>\n<p class=\"more-link-wrap\"><a href=\"https:\/\/wildgear.itc-gmbh.shop\/en\/product\/herdplatte-gross-o-22-cm\/\" class=\"more-link\"><span>Read More<span class=\"screen-reader-text\"> &#8220;Herdplatte gro\u00df (\u00d8 22 cm)&#8221;<\/span><\/span><\/a><\/p>","protected":false},"featured_media":13440,"comment_status":"open","ping_status":"closed","template":"","meta":{"inline_featured_image":false},"product_brand":[],"product_cat":[181,182,180],"product_tag":[177,178],"class_list":{"0":"post-13441","1":"product","2":"type-product","3":"status-publish","4":"has-post-thumbnail","6":"product_cat-camping-und-berge","7":"product_cat-camping-und-bergzubehor","8":"product_cat-sport-freizeit","9":"product_tag-tag_3","10":"product_tag-tag_17","12":"first","13":"instock","14":"taxable","15":"shipping-taxable","16":"purchasable","17":"product-type-simple"},"aioseo_notices":[],"jetpack_sharing_enabled":true,"_links":{"self":[{"href":"https:\/\/wildgear.itc-gmbh.shop\/en\/wp-json\/wp\/v2\/product\/13441","targetHints":{"allow":["GET"]}}],"collection":[{"href":"https:\/\/wildgear.itc-gmbh.shop\/en\/wp-json\/wp\/v2\/product"}],"about":[{"href":"https:\/\/wildgear.itc-gmbh.shop\/en\/wp-json\/wp\/v2\/types\/product"}],"replies":[{"embeddable":true,"href":"https:\/\/wildgear.itc-gmbh.shop\/en\/wp-json\/wp\/v2\/comments?post=13441"}],"wp:featuredmedia":[{"embeddable":true,"href":"https:\/\/wildgear.itc-gmbh.shop\/en\/wp-json\/wp\/v2\/media\/13440"}],"wp:attachment":[{"href":"https:\/\/wildgear.itc-gmbh.shop\/en\/wp-json\/wp\/v2\/media?parent=13441"}],"wp:term":[{"taxonomy":"product_brand","embeddable":true,"href":"https:\/\/wildgear.itc-gmbh.shop\/en\/wp-json\/wp\/v2\/product_brand?post=13441"},{"taxonomy":"product_cat","embeddable":true,"href":"https:\/\/wildgear.itc-gmbh.shop\/en\/wp-json\/wp\/v2\/product_cat?post=13441"},{"taxonomy":"product_tag","embeddable":true,"href":"https:\/\/wildgear.itc-gmbh.shop\/en\/wp-json\/wp\/v2\/product_tag?post=13441"}],"curies":[{"name":"wp","href":"https:\/\/api.w.org\/{rel}","templated":true}]}}