{"id":13495,"date":"2024-05-27T03:34:01","date_gmt":"2024-05-27T03:34:01","guid":{"rendered":"https:\/\/outdoor.itc-gmbh.shop\/product\/schlinge-ponsa-030061003402-cargopack-gruen-flach-2000-kg-3-m\/"},"modified":"2024-05-27T03:34:02","modified_gmt":"2024-05-27T03:34:02","slug":"schlinge-ponsa-030061003402-cargopack-gruen-flach-2000-kg-3-m","status":"publish","type":"product","link":"https:\/\/wildgear.itc-gmbh.shop\/en\/product\/schlinge-ponsa-030061003402-cargopack-gruen-flach-2000-kg-3-m\/","title":{"rendered":"Sling Ponsa 030,061,003,402 Cargopack green flat 2000 kg 3 m"},"content":{"rendered":"<p>With these suggestions that will delight young and old, summer fun is guaranteed! Buy <b>Sling Ponsa 030,061,003,402 Cargopack green flat 2000 kg 3 m<\/b>] and enjoy your free time!<\/p>\n<ul>\n<li>Features: Abrasion resistant<\/li>\n<li>Approx. dimensions: 3 m<\/li>\n<li>Type: Sling<\/li>\n<li>Shape: Flat<\/li>\n<li>Color: green<\/li>\n<li>Max. supported weight: 2000 kg<\/li>\n<\/ul>","protected":false},"excerpt":{"rendered":"<p>Mit diesen Vorschl\u00e4gen, die Jung und Alt begeistern werden, ist der Sommerspa\u00df garantiert! Kaufen Sie Schlinge Ponsa 030,061,003,402 Cargopack gr\u00fcn Flach 2000 kg 3 m] und genie\u00dfen Sie Ihre Freizeit! Merkmale: Abriebfest Ma\u00dfe ca.: 3 m Art: Schlinge Form: Flach Farbe: gr\u00fcn Max. unterst\u00fctztes Gewicht: 2000 kg<\/p>","protected":false},"featured_media":13494,"comment_status":"open","ping_status":"closed","template":"","meta":{"inline_featured_image":false},"product_brand":[],"product_cat":[181,182,180],"product_tag":[213,178],"class_list":{"0":"post-13495","1":"product","2":"type-product","3":"status-publish","4":"has-post-thumbnail","6":"product_cat-camping-und-berge","7":"product_cat-camping-und-bergzubehor","8":"product_cat-sport-freizeit","9":"product_tag-tag_69","10":"product_tag-tag_17","12":"first","13":"instock","14":"taxable","15":"shipping-taxable","16":"purchasable","17":"product-type-simple"},"aioseo_notices":[],"jetpack_sharing_enabled":true,"_links":{"self":[{"href":"https:\/\/wildgear.itc-gmbh.shop\/en\/wp-json\/wp\/v2\/product\/13495","targetHints":{"allow":["GET"]}}],"collection":[{"href":"https:\/\/wildgear.itc-gmbh.shop\/en\/wp-json\/wp\/v2\/product"}],"about":[{"href":"https:\/\/wildgear.itc-gmbh.shop\/en\/wp-json\/wp\/v2\/types\/product"}],"replies":[{"embeddable":true,"href":"https:\/\/wildgear.itc-gmbh.shop\/en\/wp-json\/wp\/v2\/comments?post=13495"}],"wp:featuredmedia":[{"embeddable":true,"href":"https:\/\/wildgear.itc-gmbh.shop\/en\/wp-json\/wp\/v2\/media\/13494"}],"wp:attachment":[{"href":"https:\/\/wildgear.itc-gmbh.shop\/en\/wp-json\/wp\/v2\/media?parent=13495"}],"wp:term":[{"taxonomy":"product_brand","embeddable":true,"href":"https:\/\/wildgear.itc-gmbh.shop\/en\/wp-json\/wp\/v2\/product_brand?post=13495"},{"taxonomy":"product_cat","embeddable":true,"href":"https:\/\/wildgear.itc-gmbh.shop\/en\/wp-json\/wp\/v2\/product_cat?post=13495"},{"taxonomy":"product_tag","embeddable":true,"href":"https:\/\/wildgear.itc-gmbh.shop\/en\/wp-json\/wp\/v2\/product_tag?post=13495"}],"curies":[{"name":"wp","href":"https:\/\/api.w.org\/{rel}","templated":true}]}}