{"id":13500,"date":"2024-05-27T03:34:05","date_gmt":"2024-05-27T03:34:05","guid":{"rendered":"https:\/\/outdoor.itc-gmbh.shop\/product\/picknick-set-pokemon-distorsion-fuer-kinder\/"},"modified":"2024-05-27T03:34:07","modified_gmt":"2024-05-27T03:34:07","slug":"picknick-set-pokemon-distorsion-fuer-kinder","status":"publish","type":"product","link":"https:\/\/wildgear.itc-gmbh.shop\/en\/product\/picknick-set-pokemon-distorsion-fuer-kinder\/","title":{"rendered":"Picknick-Set Pok\u00e9mon Distorsion F\u00fcr Kinder"},"content":{"rendered":"<p>With these suggestions that will delight young and old, summer fun is guaranteed! Buy <b>Picknick-Set Pok\u00e9mon Distorsion F\u00fcr Kinder<\/b>] and enjoy your free time!<\/p>\n<ul>\n<li>Art:\n<ul>\n<li>For children<\/li>\n<li>Picnic set<\/li>\n<\/ul>\n<\/li>\n<li>Included:\n<ul>\n<li>Bowl<\/li>\n<li>Drinking glass<\/li>\n<li>Spoon<\/li>\n<li>Fork<\/li>\n<li>Plate<\/li>\n<\/ul>\n<\/li>\n<li>Features: Suitable for microwave<\/li>\n<li>Material: Polypropylene<\/li>\n<\/ul>","protected":false},"excerpt":{"rendered":"<p>Mit diesen Vorschl\u00e4gen, die Jung und Alt begeistern werden, ist der Sommerspa\u00df garantiert! Kaufen Sie Picknick-Set Pok\u00e9mon Distorsion F\u00fcr Kinder] und genie\u00dfen Sie Ihre Freizeit! Art: F\u00fcr Kinder Picknick-Set Enthalten: Sch\u00fcssel Trinkglas L\u00f6ffel Gabel Teller Merkmale: Geeignet f\u00fcr Mikrowelle Material: Polypropylen<\/p>","protected":false},"featured_media":13499,"comment_status":"open","ping_status":"closed","template":"","meta":{"inline_featured_image":false},"product_brand":[],"product_cat":[181,182,180],"product_tag":[218,177,178],"class_list":{"0":"post-13500","1":"product","2":"type-product","3":"status-publish","4":"has-post-thumbnail","6":"product_cat-camping-und-berge","7":"product_cat-camping-und-bergzubehor","8":"product_cat-sport-freizeit","9":"product_tag-tag_36","10":"product_tag-tag_3","11":"product_tag-tag_17","13":"first","14":"outofstock","15":"taxable","16":"shipping-taxable","17":"purchasable","18":"product-type-simple"},"aioseo_notices":[],"jetpack_sharing_enabled":true,"_links":{"self":[{"href":"https:\/\/wildgear.itc-gmbh.shop\/en\/wp-json\/wp\/v2\/product\/13500","targetHints":{"allow":["GET"]}}],"collection":[{"href":"https:\/\/wildgear.itc-gmbh.shop\/en\/wp-json\/wp\/v2\/product"}],"about":[{"href":"https:\/\/wildgear.itc-gmbh.shop\/en\/wp-json\/wp\/v2\/types\/product"}],"replies":[{"embeddable":true,"href":"https:\/\/wildgear.itc-gmbh.shop\/en\/wp-json\/wp\/v2\/comments?post=13500"}],"wp:featuredmedia":[{"embeddable":true,"href":"https:\/\/wildgear.itc-gmbh.shop\/en\/wp-json\/wp\/v2\/media\/13499"}],"wp:attachment":[{"href":"https:\/\/wildgear.itc-gmbh.shop\/en\/wp-json\/wp\/v2\/media?parent=13500"}],"wp:term":[{"taxonomy":"product_brand","embeddable":true,"href":"https:\/\/wildgear.itc-gmbh.shop\/en\/wp-json\/wp\/v2\/product_brand?post=13500"},{"taxonomy":"product_cat","embeddable":true,"href":"https:\/\/wildgear.itc-gmbh.shop\/en\/wp-json\/wp\/v2\/product_cat?post=13500"},{"taxonomy":"product_tag","embeddable":true,"href":"https:\/\/wildgear.itc-gmbh.shop\/en\/wp-json\/wp\/v2\/product_tag?post=13500"}],"curies":[{"name":"wp","href":"https:\/\/api.w.org\/{rel}","templated":true}]}}