{"id":13517,"date":"2024-05-27T03:34:18","date_gmt":"2024-05-27T03:34:18","guid":{"rendered":"https:\/\/outdoor.itc-gmbh.shop\/product\/luftmatratze-bestway-67723-191-x-97-x-36-cm\/"},"modified":"2024-05-27T03:34:19","modified_gmt":"2024-05-27T03:34:19","slug":"luftmatratze-bestway-67723-191-x-97-x-36-cm","status":"publish","type":"product","link":"https:\/\/wildgear.itc-gmbh.shop\/en\/product\/luftmatratze-bestway-67723-191-x-97-x-36-cm\/","title":{"rendered":"Luftmatratze Bestway 67723 191 x 97 x 36 cm"},"content":{"rendered":"<p>With these suggestions that will delight young and old, summer fun is guaranteed! Buy <b>Luftmatratze Bestway 67723 191 x 97 x 36 cm<\/b>] and enjoy your free time!<\/p>\n<ul>\n<li>Ma\u00dfe ca.: 191 x 97 x 36 cm<\/li>\n<li>Enthalten: Kissen<\/li>\n<li>Packaging: Box<\/li>\n<li>Anzeigeleuchte: Kein<\/li>\n<li>Geeignet f\u00fcr: Interieur<\/li>\n<\/ul>","protected":false},"excerpt":{"rendered":"<p>Mit diesen Vorschl\u00e4gen, die Jung und Alt begeistern werden, ist der Sommerspa\u00df garantiert! Kaufen Sie Luftmatratze Bestway 67723 191 x 97 x 36 cm] und genie\u00dfen Sie Ihre Freizeit! Ma\u00dfe ca.: 191 x 97 x 36 cm Enthalten: Kissen Verpackung: Box Anzeigeleuchte: Kein Geeignet f\u00fcr: Interieur<\/p>","protected":false},"featured_media":13516,"comment_status":"open","ping_status":"closed","template":"","meta":{"inline_featured_image":false},"product_brand":[],"product_cat":[181,182,180],"product_tag":[188,177,178],"class_list":{"0":"post-13517","1":"product","2":"type-product","3":"status-publish","4":"has-post-thumbnail","6":"product_cat-camping-und-berge","7":"product_cat-camping-und-bergzubehor","8":"product_cat-sport-freizeit","9":"product_tag-tag_1304","10":"product_tag-tag_3","11":"product_tag-tag_17","13":"first","14":"outofstock","15":"taxable","16":"shipping-taxable","17":"purchasable","18":"product-type-simple"},"aioseo_notices":[],"jetpack_sharing_enabled":true,"_links":{"self":[{"href":"https:\/\/wildgear.itc-gmbh.shop\/en\/wp-json\/wp\/v2\/product\/13517","targetHints":{"allow":["GET"]}}],"collection":[{"href":"https:\/\/wildgear.itc-gmbh.shop\/en\/wp-json\/wp\/v2\/product"}],"about":[{"href":"https:\/\/wildgear.itc-gmbh.shop\/en\/wp-json\/wp\/v2\/types\/product"}],"replies":[{"embeddable":true,"href":"https:\/\/wildgear.itc-gmbh.shop\/en\/wp-json\/wp\/v2\/comments?post=13517"}],"wp:featuredmedia":[{"embeddable":true,"href":"https:\/\/wildgear.itc-gmbh.shop\/en\/wp-json\/wp\/v2\/media\/13516"}],"wp:attachment":[{"href":"https:\/\/wildgear.itc-gmbh.shop\/en\/wp-json\/wp\/v2\/media?parent=13517"}],"wp:term":[{"taxonomy":"product_brand","embeddable":true,"href":"https:\/\/wildgear.itc-gmbh.shop\/en\/wp-json\/wp\/v2\/product_brand?post=13517"},{"taxonomy":"product_cat","embeddable":true,"href":"https:\/\/wildgear.itc-gmbh.shop\/en\/wp-json\/wp\/v2\/product_cat?post=13517"},{"taxonomy":"product_tag","embeddable":true,"href":"https:\/\/wildgear.itc-gmbh.shop\/en\/wp-json\/wp\/v2\/product_tag?post=13517"}],"curies":[{"name":"wp","href":"https:\/\/api.w.org\/{rel}","templated":true}]}}