{"id":13639,"date":"2024-05-27T03:36:09","date_gmt":"2024-05-27T03:36:09","guid":{"rendered":"https:\/\/outdoor.itc-gmbh.shop\/product\/haengematte-aktive-rot-grau-300-x-05-x-140-cm-4-stueck\/"},"modified":"2024-05-27T03:36:13","modified_gmt":"2024-05-27T03:36:13","slug":"haengematte-aktive-rot-grau-300-x-05-x-140-cm-4-stueck","status":"publish","type":"product","link":"https:\/\/wildgear.itc-gmbh.shop\/en\/product\/haengematte-aktive-rot-grau-300-x-05-x-140-cm-4-stueck\/","title":{"rendered":"H\u00e4ngematte Aktive Rot Grau 300 x 0,5 x 140 cm (4 St\u00fcck)"},"content":{"rendered":"<p>With these suggestions that will delight young and old, summer fun is guaranteed! Buy <b>H\u00e4ngematte Aktive Rot Grau 300 x 0,5 x 140 cm (4 St\u00fcck)<\/b>] and enjoy your free time!<\/p>\n<ul>\n<li>Material:\n<ul>\n<li>Nylon<\/li>\n<li>Steel<\/li>\n<li>Poly\u00e4thylen 600x300D<\/li>\n<\/ul>\n<\/li>\n<li>Merkmale: M\u00fchelos zu transportieren und aufzubewahren<\/li>\n<li>Max. unterst\u00fctztes Gewicht: 200 kg<\/li>\n<li>Piece: 4 pieces<\/li>\n<li>Ma\u00dfe ca.: 300 x 0,5 x 140 cm<\/li>\n<li>Sport: Camping<\/li>\n<li>Color:\n<ul>\n<li>Red<\/li>\n<li>Gray<\/li>\n<\/ul>\n<\/li>\n<li>Included:\n<ul>\n<li>Karabinerhaken<\/li>\n<li>Transport bag<\/li>\n<li>Schnur<\/li>\n<\/ul>\n<\/li>\n<\/ul>","protected":false},"excerpt":{"rendered":"<p>Mit diesen Vorschl\u00e4gen, die Jung und Alt begeistern werden, ist der Sommerspa\u00df garantiert! Kaufen Sie H\u00e4ngematte Aktive Rot Grau 300 x 0,5 x 140 cm (4 St\u00fcck)] und genie\u00dfen Sie Ihre Freizeit! Material: Nylon Stahl Poly\u00e4thylen 600x300D Merkmale: M\u00fchelos zu transportieren und aufzubewahren Max. unterst\u00fctztes Gewicht: 200 kg St\u00fcck: 4 St\u00fcck Ma\u00dfe ca.: 300 x &hellip; <\/p>\n<p class=\"more-link-wrap\"><a href=\"https:\/\/wildgear.itc-gmbh.shop\/en\/product\/haengematte-aktive-rot-grau-300-x-05-x-140-cm-4-stueck\/\" class=\"more-link\"><span>Read More<span class=\"screen-reader-text\"> &#8220;H\u00e4ngematte Aktive Rot Grau 300 x 0,5 x 140 cm (4 St\u00fcck)&#8221;<\/span><\/span><\/a><\/p>","protected":false},"featured_media":13638,"comment_status":"open","ping_status":"closed","template":"","meta":{"inline_featured_image":false},"product_brand":[],"product_cat":[181,182,180],"product_tag":[177,187,178],"class_list":{"0":"post-13639","1":"product","2":"type-product","3":"status-publish","4":"has-post-thumbnail","6":"product_cat-camping-und-berge","7":"product_cat-camping-und-bergzubehor","8":"product_cat-sport-freizeit","9":"product_tag-tag_3","10":"product_tag-tag_124","11":"product_tag-tag_17","13":"first","14":"instock","15":"taxable","16":"shipping-taxable","17":"purchasable","18":"product-type-simple"},"aioseo_notices":[],"jetpack_sharing_enabled":true,"_links":{"self":[{"href":"https:\/\/wildgear.itc-gmbh.shop\/en\/wp-json\/wp\/v2\/product\/13639","targetHints":{"allow":["GET"]}}],"collection":[{"href":"https:\/\/wildgear.itc-gmbh.shop\/en\/wp-json\/wp\/v2\/product"}],"about":[{"href":"https:\/\/wildgear.itc-gmbh.shop\/en\/wp-json\/wp\/v2\/types\/product"}],"replies":[{"embeddable":true,"href":"https:\/\/wildgear.itc-gmbh.shop\/en\/wp-json\/wp\/v2\/comments?post=13639"}],"wp:featuredmedia":[{"embeddable":true,"href":"https:\/\/wildgear.itc-gmbh.shop\/en\/wp-json\/wp\/v2\/media\/13638"}],"wp:attachment":[{"href":"https:\/\/wildgear.itc-gmbh.shop\/en\/wp-json\/wp\/v2\/media?parent=13639"}],"wp:term":[{"taxonomy":"product_brand","embeddable":true,"href":"https:\/\/wildgear.itc-gmbh.shop\/en\/wp-json\/wp\/v2\/product_brand?post=13639"},{"taxonomy":"product_cat","embeddable":true,"href":"https:\/\/wildgear.itc-gmbh.shop\/en\/wp-json\/wp\/v2\/product_cat?post=13639"},{"taxonomy":"product_tag","embeddable":true,"href":"https:\/\/wildgear.itc-gmbh.shop\/en\/wp-json\/wp\/v2\/product_tag?post=13639"}],"curies":[{"name":"wp","href":"https:\/\/api.w.org\/{rel}","templated":true}]}}