{"id":13685,"date":"2024-05-27T03:36:49","date_gmt":"2024-05-27T03:36:49","guid":{"rendered":"https:\/\/outdoor.itc-gmbh.shop\/product\/elektrische-luftpumpe-intex-quick-fill-12-v-6-stueck\/"},"modified":"2024-05-27T03:36:54","modified_gmt":"2024-05-27T03:36:54","slug":"elektrische-luftpumpe-intex-quick-fill-12-v-6-stueck","status":"publish","type":"product","link":"https:\/\/wildgear.itc-gmbh.shop\/en\/product\/elektrische-luftpumpe-intex-quick-fill-12-v-6-stueck\/","title":{"rendered":"Elektrische Luftpumpe Intex Quick FIll 12 V (6 St\u00fcck)"},"content":{"rendered":"<p>With these suggestions that will delight young and old, summer fun is guaranteed! Buy <b>Elektrische Luftpumpe Intex Quick FIll 12 V (6 St\u00fcck)<\/b>] and enjoy your free time!<\/p>\n<ul>\n<li>Material: PVC<\/li>\n<li>Merkmale: Ein\/Aus-Taste<\/li>\n<li>Piece: 6 pieces<\/li>\n<li>Pluggable product: None<\/li>\n<li>Ma\u00dfe ca.: 16,5 x 13 x 10,5 cm<\/li>\n<li>Color: Black<\/li>\n<li>Included:\n<ul>\n<li>Auswechselbare D\u00fcsen<\/li>\n<li>Adapterkabel f\u00fcr das Auto (12V)<\/li>\n<\/ul>\n<\/li>\n<li>Important information: Electrical product not compatible with UK<\/li>\n<li>Spannung: 12 V<\/li>\n<li>Empfohlene verwendung: Au\u00dfenbereich<\/li>\n<\/ul>","protected":false},"excerpt":{"rendered":"<p>Mit diesen Vorschl\u00e4gen, die Jung und Alt begeistern werden, ist der Sommerspa\u00df garantiert! Kaufen Sie Elektrische Luftpumpe Intex Quick FIll 12 V (6 St\u00fcck)] und genie\u00dfen Sie Ihre Freizeit! Material: PVC Merkmale: Ein\/Aus-Taste St\u00fcck: 6 St\u00fcck Steckbares Produkt: Kein Ma\u00dfe ca.: 16,5 x 13 x 10,5 cm Farbe: Schwarz Enthalten: Auswechselbare D\u00fcsen Adapterkabel f\u00fcr das &hellip; <\/p>\n<p class=\"more-link-wrap\"><a href=\"https:\/\/wildgear.itc-gmbh.shop\/en\/product\/elektrische-luftpumpe-intex-quick-fill-12-v-6-stueck\/\" class=\"more-link\"><span>Read More<span class=\"screen-reader-text\"> &#8220;Elektrische Luftpumpe Intex Quick FIll 12 V (6 St\u00fcck)&#8221;<\/span><\/span><\/a><\/p>","protected":false},"featured_media":13684,"comment_status":"open","ping_status":"closed","template":"","meta":{"inline_featured_image":false},"product_brand":[],"product_cat":[181,182,180],"product_tag":[177,178],"class_list":{"0":"post-13685","1":"product","2":"type-product","3":"status-publish","4":"has-post-thumbnail","6":"product_cat-camping-und-berge","7":"product_cat-camping-und-bergzubehor","8":"product_cat-sport-freizeit","9":"product_tag-tag_3","10":"product_tag-tag_17","12":"first","13":"outofstock","14":"taxable","15":"shipping-taxable","16":"purchasable","17":"product-type-simple"},"aioseo_notices":[],"jetpack_sharing_enabled":true,"_links":{"self":[{"href":"https:\/\/wildgear.itc-gmbh.shop\/en\/wp-json\/wp\/v2\/product\/13685","targetHints":{"allow":["GET"]}}],"collection":[{"href":"https:\/\/wildgear.itc-gmbh.shop\/en\/wp-json\/wp\/v2\/product"}],"about":[{"href":"https:\/\/wildgear.itc-gmbh.shop\/en\/wp-json\/wp\/v2\/types\/product"}],"replies":[{"embeddable":true,"href":"https:\/\/wildgear.itc-gmbh.shop\/en\/wp-json\/wp\/v2\/comments?post=13685"}],"wp:featuredmedia":[{"embeddable":true,"href":"https:\/\/wildgear.itc-gmbh.shop\/en\/wp-json\/wp\/v2\/media\/13684"}],"wp:attachment":[{"href":"https:\/\/wildgear.itc-gmbh.shop\/en\/wp-json\/wp\/v2\/media?parent=13685"}],"wp:term":[{"taxonomy":"product_brand","embeddable":true,"href":"https:\/\/wildgear.itc-gmbh.shop\/en\/wp-json\/wp\/v2\/product_brand?post=13685"},{"taxonomy":"product_cat","embeddable":true,"href":"https:\/\/wildgear.itc-gmbh.shop\/en\/wp-json\/wp\/v2\/product_cat?post=13685"},{"taxonomy":"product_tag","embeddable":true,"href":"https:\/\/wildgear.itc-gmbh.shop\/en\/wp-json\/wp\/v2\/product_tag?post=13685"}],"curies":[{"name":"wp","href":"https:\/\/api.w.org\/{rel}","templated":true}]}}