{"id":13710,"date":"2024-05-27T03:37:11","date_gmt":"2024-05-27T03:37:11","guid":{"rendered":"https:\/\/outdoor.itc-gmbh.shop\/product\/luftpumpe-intex-double-quick-iii-3-stueck\/"},"modified":"2024-05-27T03:37:15","modified_gmt":"2024-05-27T03:37:15","slug":"luftpumpe-intex-double-quick-iii-3-stueck","status":"publish","type":"product","link":"https:\/\/wildgear.itc-gmbh.shop\/en\/product\/luftpumpe-intex-double-quick-iii-3-stueck\/","title":{"rendered":"Luftpumpe Intex Double Quick III (3 St\u00fcck)"},"content":{"rendered":"<p>With these suggestions that will delight young and old, summer fun is guaranteed! Buy <b>Luftpumpe Intex Double Quick III<\/b>] and enjoy your free time!<\/p>\n<ul>\n<li>Empfohlenes Alter: + 18 Jahre<\/li>\n<li>Merkmale: Ergonomischer Griff<\/li>\n<li>Piece: 3 pieces<\/li>\n<li>Ma\u00dfe ca.: 20 x 80 x 11,5 cm<\/li>\n<li>Material:\n<ul>\n<li>56 % ABS<\/li>\n<li>23 % PVC<\/li>\n<li>14 % Polypropylen<\/li>\n<li>6 % Poly\u00e4thylen<\/li>\n<li>1 % Gummi<\/li>\n<\/ul>\n<\/li>\n<li>Color: Black<\/li>\n<li>Enthalten: Auswechselbare D\u00fcsen<\/li>\n<\/ul>","protected":false},"excerpt":{"rendered":"<p>Mit diesen Vorschl\u00e4gen, die Jung und Alt begeistern werden, ist der Sommerspa\u00df garantiert! Kaufen Sie Luftpumpe Intex Double Quick III] und genie\u00dfen Sie Ihre Freizeit! Empfohlenes Alter: + 18 Jahre Merkmale: Ergonomischer Griff St\u00fcck: 3 St\u00fcck Ma\u00dfe ca.: 20 x 80 x 11,5 cm Material: 56 % ABS 23 % PVC 14 % Polypropylen 6 &hellip; <\/p>\n<p class=\"more-link-wrap\"><a href=\"https:\/\/wildgear.itc-gmbh.shop\/en\/product\/luftpumpe-intex-double-quick-iii-3-stueck\/\" class=\"more-link\"><span>Read More<span class=\"screen-reader-text\"> &#8220;Luftpumpe Intex Double Quick III (3 St\u00fcck)&#8221;<\/span><\/span><\/a><\/p>","protected":false},"featured_media":13709,"comment_status":"open","ping_status":"closed","template":"","meta":{"inline_featured_image":false},"product_brand":[],"product_cat":[181,182,180],"product_tag":[177,178],"class_list":{"0":"post-13710","1":"product","2":"type-product","3":"status-publish","4":"has-post-thumbnail","6":"product_cat-camping-und-berge","7":"product_cat-camping-und-bergzubehor","8":"product_cat-sport-freizeit","9":"product_tag-tag_3","10":"product_tag-tag_17","12":"first","13":"outofstock","14":"taxable","15":"shipping-taxable","16":"purchasable","17":"product-type-simple"},"aioseo_notices":[],"jetpack_sharing_enabled":true,"_links":{"self":[{"href":"https:\/\/wildgear.itc-gmbh.shop\/en\/wp-json\/wp\/v2\/product\/13710","targetHints":{"allow":["GET"]}}],"collection":[{"href":"https:\/\/wildgear.itc-gmbh.shop\/en\/wp-json\/wp\/v2\/product"}],"about":[{"href":"https:\/\/wildgear.itc-gmbh.shop\/en\/wp-json\/wp\/v2\/types\/product"}],"replies":[{"embeddable":true,"href":"https:\/\/wildgear.itc-gmbh.shop\/en\/wp-json\/wp\/v2\/comments?post=13710"}],"wp:featuredmedia":[{"embeddable":true,"href":"https:\/\/wildgear.itc-gmbh.shop\/en\/wp-json\/wp\/v2\/media\/13709"}],"wp:attachment":[{"href":"https:\/\/wildgear.itc-gmbh.shop\/en\/wp-json\/wp\/v2\/media?parent=13710"}],"wp:term":[{"taxonomy":"product_brand","embeddable":true,"href":"https:\/\/wildgear.itc-gmbh.shop\/en\/wp-json\/wp\/v2\/product_brand?post=13710"},{"taxonomy":"product_cat","embeddable":true,"href":"https:\/\/wildgear.itc-gmbh.shop\/en\/wp-json\/wp\/v2\/product_cat?post=13710"},{"taxonomy":"product_tag","embeddable":true,"href":"https:\/\/wildgear.itc-gmbh.shop\/en\/wp-json\/wp\/v2\/product_tag?post=13710"}],"curies":[{"name":"wp","href":"https:\/\/api.w.org\/{rel}","templated":true}]}}