{"id":13856,"date":"2024-05-27T03:39:49","date_gmt":"2024-05-27T03:39:49","guid":{"rendered":"https:\/\/outdoor.itc-gmbh.shop\/product\/wuerfel-aktive-10-l-6-stueck\/"},"modified":"2024-05-27T03:39:53","modified_gmt":"2024-05-27T03:39:53","slug":"wuerfel-aktive-10-l-6-stueck","status":"publish","type":"product","link":"https:\/\/wildgear.itc-gmbh.shop\/en\/product\/wuerfel-aktive-10-l-6-stueck\/","title":{"rendered":"W\u00fcrfel Aktive 10 L 6 St\u00fcck"},"content":{"rendered":"<p>With these suggestions that will delight young and old, summer fun is guaranteed! Buy <b>W\u00fcrfel Aktive 10 L 6 St\u00fcck<\/b>] and enjoy your free time!<\/p>\n<ul>\n<li>Material:\n<ul>\n<li>Polypropylene<\/li>\n<li>TPR<\/li>\n<\/ul>\n<\/li>\n<li>Farbe: Wei\u00df\/Grau<\/li>\n<li>Piece: 6 pieces<\/li>\n<li>Ma\u00dfe ca.: 32 x 24,5 x 32 cm<\/li>\n<li>Kapazit\u00e4t: 10 L<\/li>\n<li>Art: W\u00fcrfel<\/li>\n<\/ul>","protected":false},"excerpt":{"rendered":"<p>Mit diesen Vorschl\u00e4gen, die Jung und Alt begeistern werden, ist der Sommerspa\u00df garantiert! Kaufen Sie W\u00fcrfel Aktive 10 L 6 St\u00fcck] und genie\u00dfen Sie Ihre Freizeit! Material: Polypropylen TPR Farbe: Wei\u00df\/Grau St\u00fcck: 6 St\u00fcck Ma\u00dfe ca.: 32 x 24,5 x 32 cm Kapazit\u00e4t: 10 L Art: W\u00fcrfel<\/p>","protected":false},"featured_media":13855,"comment_status":"open","ping_status":"closed","template":"","meta":{"inline_featured_image":false},"product_brand":[],"product_cat":[181,182,180],"product_tag":[177,178],"class_list":{"0":"post-13856","1":"product","2":"type-product","3":"status-publish","4":"has-post-thumbnail","6":"product_cat-camping-und-berge","7":"product_cat-camping-und-bergzubehor","8":"product_cat-sport-freizeit","9":"product_tag-tag_3","10":"product_tag-tag_17","12":"first","13":"instock","14":"taxable","15":"shipping-taxable","16":"purchasable","17":"product-type-simple"},"aioseo_notices":[],"jetpack_sharing_enabled":true,"_links":{"self":[{"href":"https:\/\/wildgear.itc-gmbh.shop\/en\/wp-json\/wp\/v2\/product\/13856","targetHints":{"allow":["GET"]}}],"collection":[{"href":"https:\/\/wildgear.itc-gmbh.shop\/en\/wp-json\/wp\/v2\/product"}],"about":[{"href":"https:\/\/wildgear.itc-gmbh.shop\/en\/wp-json\/wp\/v2\/types\/product"}],"replies":[{"embeddable":true,"href":"https:\/\/wildgear.itc-gmbh.shop\/en\/wp-json\/wp\/v2\/comments?post=13856"}],"wp:featuredmedia":[{"embeddable":true,"href":"https:\/\/wildgear.itc-gmbh.shop\/en\/wp-json\/wp\/v2\/media\/13855"}],"wp:attachment":[{"href":"https:\/\/wildgear.itc-gmbh.shop\/en\/wp-json\/wp\/v2\/media?parent=13856"}],"wp:term":[{"taxonomy":"product_brand","embeddable":true,"href":"https:\/\/wildgear.itc-gmbh.shop\/en\/wp-json\/wp\/v2\/product_brand?post=13856"},{"taxonomy":"product_cat","embeddable":true,"href":"https:\/\/wildgear.itc-gmbh.shop\/en\/wp-json\/wp\/v2\/product_cat?post=13856"},{"taxonomy":"product_tag","embeddable":true,"href":"https:\/\/wildgear.itc-gmbh.shop\/en\/wp-json\/wp\/v2\/product_tag?post=13856"}],"curies":[{"name":"wp","href":"https:\/\/api.w.org\/{rel}","templated":true}]}}