{"id":14081,"date":"2024-05-27T03:43:30","date_gmt":"2024-05-27T03:43:30","guid":{"rendered":"https:\/\/outdoor.itc-gmbh.shop\/product\/wasserdichte-rucksackhuelle-aktive-blau\/"},"modified":"2024-05-27T03:43:35","modified_gmt":"2024-05-27T03:43:35","slug":"wasserdichte-rucksackhuelle-aktive-blau","status":"publish","type":"product","link":"https:\/\/wildgear.itc-gmbh.shop\/en\/product\/wasserdichte-rucksackhuelle-aktive-blau\/","title":{"rendered":"Wasserdichte Rucksackh\u00fclle Aktive Blau"},"content":{"rendered":"<p>Stay in shape and discover the latest innovations in the sector to practice sport in the best conditions! Buy <b>Wasserdichte Rucksackh\u00fclle Aktive Blau<\/b> at the best price and enjoy a healthy life!<\/p>\n<ul>\n<li>Color: Blue<\/li>\n<li>Material: Polyester<\/li>\n<li>Ma\u00dfe ca.: 86 x 25 x 38 cm<\/li>\n<\/ul>","protected":false},"excerpt":{"rendered":"<p>Bleiben Sie in Form und entdecken Sie die neuesten Innovationen der Branche, um mit den besten Voraussetzungen Sport zu betreiben! Kaufen Sie Wasserdichte Rucksackh\u00fclle Aktive Blau zum besten Preis und genie\u00dfen Sie ein gesundes Leben! Farbe: Blau Material: Polyester Ma\u00dfe ca.: 86 x 25 x 38 cm<\/p>","protected":false},"featured_media":14080,"comment_status":"open","ping_status":"closed","template":"","meta":{"inline_featured_image":false},"product_brand":[],"product_cat":[181,182,180],"product_tag":[177,178],"class_list":{"0":"post-14081","1":"product","2":"type-product","3":"status-publish","4":"has-post-thumbnail","6":"product_cat-camping-und-berge","7":"product_cat-camping-und-bergzubehor","8":"product_cat-sport-freizeit","9":"product_tag-tag_3","10":"product_tag-tag_17","12":"first","13":"instock","14":"taxable","15":"shipping-taxable","16":"purchasable","17":"product-type-simple"},"aioseo_notices":[],"jetpack_sharing_enabled":true,"_links":{"self":[{"href":"https:\/\/wildgear.itc-gmbh.shop\/en\/wp-json\/wp\/v2\/product\/14081","targetHints":{"allow":["GET"]}}],"collection":[{"href":"https:\/\/wildgear.itc-gmbh.shop\/en\/wp-json\/wp\/v2\/product"}],"about":[{"href":"https:\/\/wildgear.itc-gmbh.shop\/en\/wp-json\/wp\/v2\/types\/product"}],"replies":[{"embeddable":true,"href":"https:\/\/wildgear.itc-gmbh.shop\/en\/wp-json\/wp\/v2\/comments?post=14081"}],"wp:featuredmedia":[{"embeddable":true,"href":"https:\/\/wildgear.itc-gmbh.shop\/en\/wp-json\/wp\/v2\/media\/14080"}],"wp:attachment":[{"href":"https:\/\/wildgear.itc-gmbh.shop\/en\/wp-json\/wp\/v2\/media?parent=14081"}],"wp:term":[{"taxonomy":"product_brand","embeddable":true,"href":"https:\/\/wildgear.itc-gmbh.shop\/en\/wp-json\/wp\/v2\/product_brand?post=14081"},{"taxonomy":"product_cat","embeddable":true,"href":"https:\/\/wildgear.itc-gmbh.shop\/en\/wp-json\/wp\/v2\/product_cat?post=14081"},{"taxonomy":"product_tag","embeddable":true,"href":"https:\/\/wildgear.itc-gmbh.shop\/en\/wp-json\/wp\/v2\/product_tag?post=14081"}],"curies":[{"name":"wp","href":"https:\/\/api.w.org\/{rel}","templated":true}]}}