{"id":14294,"date":"2024-05-27T03:46:22","date_gmt":"2024-05-27T03:46:22","guid":{"rendered":"https:\/\/outdoor.itc-gmbh.shop\/product\/multiwerkzeug-bosch-advancedmulti-18-gruen-18-v\/"},"modified":"2024-05-27T03:46:27","modified_gmt":"2024-05-27T03:46:27","slug":"multiwerkzeug-bosch-advancedmulti-18-gruen-18-v","status":"publish","type":"product","link":"https:\/\/wildgear.itc-gmbh.shop\/en\/product\/multiwerkzeug-bosch-advancedmulti-18-gruen-18-v\/","title":{"rendered":"Multiwerkzeug BOSCH Advancedmulti 18 gr\u00fcn 18 V"},"content":{"rendered":"<p>If you value details when furnishing your home and want to be up to date with products that make your life easier, then buy <b>Multiwerkzeug BOSCH Advancedmulti 18 gr\u00fcn 18 V<\/b> at the best price.<\/p>\n<ul>\n<li>Features:\n<ul>\n<li>Doppelter Griff<\/li>\n<li>Oszillierend<\/li>\n<\/ul>\n<\/li>\n<li>Plug type: EU plug<\/li>\n<li>Included:\n<ul>\n<li>Batterieladeger\u00e4t<\/li>\n<li>Aktentasche<\/li>\n<li>Rechargeable lithium battery<\/li>\n<li>Zubeh\u00f6r<\/li>\n<li>Schleifbl\u00e4tter<\/li>\n<li>Schleifteller<\/li>\n<\/ul>\n<\/li>\n<li>Pluggable product: Yes<\/li>\n<li>Art: Multi-Werkzeug<\/li>\n<li>Recommended use:\n<ul>\n<li>Plastic<\/li>\n<li>Metal<\/li>\n<li>Holz<\/li>\n<li>Gravur und Bildhauerei<\/li>\n<li>Schneiden<\/li>\n<li>Schleifen<\/li>\n<li>Polieren<\/li>\n<\/ul>\n<\/li>\n<li>Geschwindigkeit: 20000 rpm<\/li>\n<li>Kapazit\u00e4t der Batterie: 2,5 Ah<\/li>\n<li>Voltage: 18 V<\/li>\n<li>Color: green<\/li>\n<li>Power source: Battery<\/li>\n<li>Batteries included: Yes<\/li>\n<li>Batterietyp: Litio Ion<\/li>\n<\/ul>","protected":false},"excerpt":{"rendered":"<p>Wenn Sie bei der Einrichtung ihres Heims Wert auf Details legen und bei Produkten, die Ihnen das Leben leichter machen, auf dem letzten Stand sein m\u00f6chten, dann kaufen Sie Multiwerkzeug BOSCH Advancedmulti 18 gr\u00fcn 18 V zum besten Preis. Merkmale: Doppelter Griff Oszillierend Steckertyp: EU-Stecker Enthalten: Batterieladeger\u00e4t Aktentasche Wiederaufladbare Lithiumbatterie Zubeh\u00f6r Schleifbl\u00e4tter Schleifteller Steckbares Produkt: &hellip; <\/p>\n<p class=\"more-link-wrap\"><a href=\"https:\/\/wildgear.itc-gmbh.shop\/en\/product\/multiwerkzeug-bosch-advancedmulti-18-gruen-18-v\/\" class=\"more-link\"><span>Read More<span class=\"screen-reader-text\"> &#8220;Multiwerkzeug BOSCH Advancedmulti 18 gr\u00fcn 18 V&#8221;<\/span><\/span><\/a><\/p>","protected":false},"featured_media":14293,"comment_status":"open","ping_status":"closed","template":"","meta":{"inline_featured_image":false},"product_brand":[],"product_cat":[181,182,180],"product_tag":[193,188,177],"class_list":{"0":"post-14294","1":"product","2":"type-product","3":"status-publish","4":"has-post-thumbnail","6":"product_cat-camping-und-berge","7":"product_cat-camping-und-bergzubehor","8":"product_cat-sport-freizeit","9":"product_tag-tag_25","10":"product_tag-tag_1304","11":"product_tag-tag_3","13":"first","14":"outofstock","15":"taxable","16":"shipping-taxable","17":"purchasable","18":"product-type-simple"},"aioseo_notices":[],"jetpack_sharing_enabled":true,"_links":{"self":[{"href":"https:\/\/wildgear.itc-gmbh.shop\/en\/wp-json\/wp\/v2\/product\/14294","targetHints":{"allow":["GET"]}}],"collection":[{"href":"https:\/\/wildgear.itc-gmbh.shop\/en\/wp-json\/wp\/v2\/product"}],"about":[{"href":"https:\/\/wildgear.itc-gmbh.shop\/en\/wp-json\/wp\/v2\/types\/product"}],"replies":[{"embeddable":true,"href":"https:\/\/wildgear.itc-gmbh.shop\/en\/wp-json\/wp\/v2\/comments?post=14294"}],"wp:featuredmedia":[{"embeddable":true,"href":"https:\/\/wildgear.itc-gmbh.shop\/en\/wp-json\/wp\/v2\/media\/14293"}],"wp:attachment":[{"href":"https:\/\/wildgear.itc-gmbh.shop\/en\/wp-json\/wp\/v2\/media?parent=14294"}],"wp:term":[{"taxonomy":"product_brand","embeddable":true,"href":"https:\/\/wildgear.itc-gmbh.shop\/en\/wp-json\/wp\/v2\/product_brand?post=14294"},{"taxonomy":"product_cat","embeddable":true,"href":"https:\/\/wildgear.itc-gmbh.shop\/en\/wp-json\/wp\/v2\/product_cat?post=14294"},{"taxonomy":"product_tag","embeddable":true,"href":"https:\/\/wildgear.itc-gmbh.shop\/en\/wp-json\/wp\/v2\/product_tag?post=14294"}],"curies":[{"name":"wp","href":"https:\/\/api.w.org\/{rel}","templated":true}]}}