{"id":14458,"date":"2024-05-27T03:48:44","date_gmt":"2024-05-27T03:48:44","guid":{"rendered":"https:\/\/outdoor.itc-gmbh.shop\/product\/gaskocher-algon-365-x-318-x-125-cm-3-stueck\/"},"modified":"2024-05-27T03:48:45","modified_gmt":"2024-05-27T03:48:45","slug":"gaskocher-algon-365-x-318-x-125-cm-3-stueck","status":"publish","type":"product","link":"https:\/\/wildgear.itc-gmbh.shop\/en\/product\/gaskocher-algon-365-x-318-x-125-cm-3-stueck\/","title":{"rendered":"Gaskocher Algon 36,5 x 31,8 x 12,5 cm (3 St\u00fcck)"},"content":{"rendered":"<p>Stay in shape and discover the latest innovations in the sector to practice sport in the best conditions! Buy <b>Gaskocher Algon 36,5 x 31,8 x 12,5 cm (3 St\u00fcck)<\/b> at the best price and enjoy a healthy life!<\/p>\n<ul>\n<li>Art: Geschirr und K\u00fcchenutensilien<\/li>\n<li>Stromquelle: Butan<\/li>\n<li>Material: Eisen<\/li>\n<li>Suitable for: Outdoor use<\/li>\n<li>Piece: 3 pieces<\/li>\n<li>Ma\u00dfe ca.: 36,5 x 31,8 x 12,5 cm<\/li>\n<\/ul>","protected":false},"excerpt":{"rendered":"<p>Bleiben Sie in Form und entdecken Sie die neuesten Innovationen der Branche, um mit den besten Voraussetzungen Sport zu betreiben! Kaufen Sie Gaskocher Algon 36,5 x 31,8 x 12,5 cm (3 St\u00fcck) zum besten Preis und genie\u00dfen Sie ein gesundes Leben! Art: Geschirr und K\u00fcchenutensilien Stromquelle: Butan Material: Eisen Geeignet f\u00fcr: Au\u00dfenbereich St\u00fcck: 3 St\u00fcck &hellip; <\/p>\n<p class=\"more-link-wrap\"><a href=\"https:\/\/wildgear.itc-gmbh.shop\/en\/product\/gaskocher-algon-365-x-318-x-125-cm-3-stueck\/\" class=\"more-link\"><span>Read More<span class=\"screen-reader-text\"> &#8220;Gaskocher Algon 36,5 x 31,8 x 12,5 cm (3 St\u00fcck)&#8221;<\/span><\/span><\/a><\/p>","protected":false},"featured_media":14457,"comment_status":"open","ping_status":"closed","template":"","meta":{"inline_featured_image":false},"product_brand":[],"product_cat":[181,182,180],"product_tag":[177,178],"class_list":{"0":"post-14458","1":"product","2":"type-product","3":"status-publish","4":"has-post-thumbnail","6":"product_cat-camping-und-berge","7":"product_cat-camping-und-bergzubehor","8":"product_cat-sport-freizeit","9":"product_tag-tag_3","10":"product_tag-tag_17","12":"first","13":"outofstock","14":"taxable","15":"shipping-taxable","16":"purchasable","17":"product-type-simple"},"aioseo_notices":[],"jetpack_sharing_enabled":true,"_links":{"self":[{"href":"https:\/\/wildgear.itc-gmbh.shop\/en\/wp-json\/wp\/v2\/product\/14458","targetHints":{"allow":["GET"]}}],"collection":[{"href":"https:\/\/wildgear.itc-gmbh.shop\/en\/wp-json\/wp\/v2\/product"}],"about":[{"href":"https:\/\/wildgear.itc-gmbh.shop\/en\/wp-json\/wp\/v2\/types\/product"}],"replies":[{"embeddable":true,"href":"https:\/\/wildgear.itc-gmbh.shop\/en\/wp-json\/wp\/v2\/comments?post=14458"}],"wp:featuredmedia":[{"embeddable":true,"href":"https:\/\/wildgear.itc-gmbh.shop\/en\/wp-json\/wp\/v2\/media\/14457"}],"wp:attachment":[{"href":"https:\/\/wildgear.itc-gmbh.shop\/en\/wp-json\/wp\/v2\/media?parent=14458"}],"wp:term":[{"taxonomy":"product_brand","embeddable":true,"href":"https:\/\/wildgear.itc-gmbh.shop\/en\/wp-json\/wp\/v2\/product_brand?post=14458"},{"taxonomy":"product_cat","embeddable":true,"href":"https:\/\/wildgear.itc-gmbh.shop\/en\/wp-json\/wp\/v2\/product_cat?post=14458"},{"taxonomy":"product_tag","embeddable":true,"href":"https:\/\/wildgear.itc-gmbh.shop\/en\/wp-json\/wp\/v2\/product_tag?post=14458"}],"curies":[{"name":"wp","href":"https:\/\/api.w.org\/{rel}","templated":true}]}}