{"id":14647,"date":"2024-05-27T03:51:31","date_gmt":"2024-05-27T03:51:31","guid":{"rendered":"https:\/\/outdoor.itc-gmbh.shop\/product\/grillofen-monix-o28-cm\/"},"modified":"2024-05-27T03:51:32","modified_gmt":"2024-05-27T03:51:32","slug":"grillofen-monix-o28-cm","status":"publish","type":"product","link":"https:\/\/wildgear.itc-gmbh.shop\/en\/product\/grillofen-monix-o28-cm\/","title":{"rendered":"Grillofen Monix (\u00d828 cm)"},"content":{"rendered":"<p>If you value details when furnishing your home and want to be up to date with products that make your life easier, then buy <b>Grillofen Monix (\u00d828 cm)<\/b> at the best price.<\/p>\n<ul>\n<li>Features:\n<ul>\n<li>Easy to clean<\/li>\n<li>Dishwashers<\/li>\n<li>Antihaftversiegelung<\/li>\n<li>Geeignet f\u00fcr alle K\u00fcchentypen (Elektro-, Gas-, Glaskeramik- oder Induktionsk\u00fcchen)<\/li>\n<\/ul>\n<\/li>\n<li>Durchmesser: \u00d8 28 cm<\/li>\n<li>Art: Grill<\/li>\n<li>Color: green<\/li>\n<li>Material: Aluminum<\/li>\n<\/ul>","protected":false},"excerpt":{"rendered":"<p>Wenn Sie bei der Einrichtung ihres Heims Wert auf Details legen und bei Produkten, die Ihnen das Leben leichter machen, auf dem letzten Stand sein m\u00f6chten, dann kaufen Sie Grillofen Monix (\u00d828 cm) zum besten Preis. Merkmale: Leicht zu reinigen Sp\u00fclmaschinen Antihaftversiegelung Geeignet f\u00fcr alle K\u00fcchentypen (Elektro-, Gas-, Glaskeramik- oder Induktionsk\u00fcchen) Durchmesser: \u00d8 28 cm &hellip; <\/p>\n<p class=\"more-link-wrap\"><a href=\"https:\/\/wildgear.itc-gmbh.shop\/en\/product\/grillofen-monix-o28-cm\/\" class=\"more-link\"><span>Read More<span class=\"screen-reader-text\"> &#8220;Grillofen Monix (\u00d828 cm)&#8221;<\/span><\/span><\/a><\/p>","protected":false},"featured_media":14646,"comment_status":"open","ping_status":"closed","template":"","meta":{"inline_featured_image":false},"product_brand":[],"product_cat":[181,182,180],"product_tag":[177,178],"class_list":{"0":"post-14647","1":"product","2":"type-product","3":"status-publish","4":"has-post-thumbnail","6":"product_cat-camping-und-berge","7":"product_cat-camping-und-bergzubehor","8":"product_cat-sport-freizeit","9":"product_tag-tag_3","10":"product_tag-tag_17","12":"first","13":"outofstock","14":"taxable","15":"shipping-taxable","16":"purchasable","17":"product-type-simple"},"aioseo_notices":[],"jetpack_sharing_enabled":true,"_links":{"self":[{"href":"https:\/\/wildgear.itc-gmbh.shop\/en\/wp-json\/wp\/v2\/product\/14647","targetHints":{"allow":["GET"]}}],"collection":[{"href":"https:\/\/wildgear.itc-gmbh.shop\/en\/wp-json\/wp\/v2\/product"}],"about":[{"href":"https:\/\/wildgear.itc-gmbh.shop\/en\/wp-json\/wp\/v2\/types\/product"}],"replies":[{"embeddable":true,"href":"https:\/\/wildgear.itc-gmbh.shop\/en\/wp-json\/wp\/v2\/comments?post=14647"}],"wp:featuredmedia":[{"embeddable":true,"href":"https:\/\/wildgear.itc-gmbh.shop\/en\/wp-json\/wp\/v2\/media\/14646"}],"wp:attachment":[{"href":"https:\/\/wildgear.itc-gmbh.shop\/en\/wp-json\/wp\/v2\/media?parent=14647"}],"wp:term":[{"taxonomy":"product_brand","embeddable":true,"href":"https:\/\/wildgear.itc-gmbh.shop\/en\/wp-json\/wp\/v2\/product_brand?post=14647"},{"taxonomy":"product_cat","embeddable":true,"href":"https:\/\/wildgear.itc-gmbh.shop\/en\/wp-json\/wp\/v2\/product_cat?post=14647"},{"taxonomy":"product_tag","embeddable":true,"href":"https:\/\/wildgear.itc-gmbh.shop\/en\/wp-json\/wp\/v2\/product_tag?post=14647"}],"curies":[{"name":"wp","href":"https:\/\/api.w.org\/{rel}","templated":true}]}}