{"id":14649,"date":"2024-05-27T03:51:33","date_gmt":"2024-05-27T03:51:33","guid":{"rendered":"https:\/\/outdoor.itc-gmbh.shop\/product\/table-klapptisch-lifetime-o-152-cm-kreisfoermig\/"},"modified":"2024-05-27T03:51:40","modified_gmt":"2024-05-27T03:51:40","slug":"table-klapptisch-lifetime-o-152-cm-kreisfoermig","status":"publish","type":"product","link":"https:\/\/wildgear.itc-gmbh.shop\/en\/product\/table-klapptisch-lifetime-o-152-cm-kreisfoermig\/","title":{"rendered":"Table Klapptisch Lifetime \u00d8 152 cm kreisf\u00f6rmig"},"content":{"rendered":"<p>Go back to the office without forgetting any details: Buy <b>Table Klapptisch Lifetime \u00d8 152 cm kreisf\u00f6rmig<\/b> and be the envy of your colleagues!<\/p>\n<ul>\n<li>Art: Table Klapptisch<\/li>\n<li>Features: Flexible<\/li>\n<li>Important information: Various designs. Shipping at random and depending on stock<\/li>\n<li>Durchmesser: \u00d8 152 cm<\/li>\n<li>Form: kreisf\u00f6rmig<\/li>\n<li>Material:\n<ul>\n<li>Steel<\/li>\n<li>Plastic<\/li>\n<\/ul>\n<\/li>\n<\/ul>","protected":false},"excerpt":{"rendered":"<p>Gehen Sie zur\u00fcck ins B\u00fcro, ohne Details zu vergessen: Kaufen Sie Table Klapptisch Lifetime \u00d8 152 cm kreisf\u00f6rmig und seien Sie der Neid Ihrer Kollegen! Art: Table Klapptisch Merkmale: Biegsam Wichtige informationen: Verschiedene Designs. Versand nach Zufallsprinzip und vom Bestand abh\u00e4ngig Durchmesser: \u00d8 152 cm Form: kreisf\u00f6rmig Material: Stahl Kunststoff<\/p>","protected":false},"featured_media":14648,"comment_status":"open","ping_status":"closed","template":"","meta":{"inline_featured_image":false},"product_brand":[],"product_cat":[181,182,180],"product_tag":[179,177],"class_list":{"0":"post-14649","1":"product","2":"type-product","3":"status-publish","4":"has-post-thumbnail","6":"product_cat-camping-und-berge","7":"product_cat-camping-und-bergzubehor","8":"product_cat-sport-freizeit","9":"product_tag-tag_89","10":"product_tag-tag_3","12":"first","13":"outofstock","14":"taxable","15":"shipping-taxable","16":"purchasable","17":"product-type-simple"},"aioseo_notices":[],"jetpack_sharing_enabled":true,"_links":{"self":[{"href":"https:\/\/wildgear.itc-gmbh.shop\/en\/wp-json\/wp\/v2\/product\/14649","targetHints":{"allow":["GET"]}}],"collection":[{"href":"https:\/\/wildgear.itc-gmbh.shop\/en\/wp-json\/wp\/v2\/product"}],"about":[{"href":"https:\/\/wildgear.itc-gmbh.shop\/en\/wp-json\/wp\/v2\/types\/product"}],"replies":[{"embeddable":true,"href":"https:\/\/wildgear.itc-gmbh.shop\/en\/wp-json\/wp\/v2\/comments?post=14649"}],"wp:featuredmedia":[{"embeddable":true,"href":"https:\/\/wildgear.itc-gmbh.shop\/en\/wp-json\/wp\/v2\/media\/14648"}],"wp:attachment":[{"href":"https:\/\/wildgear.itc-gmbh.shop\/en\/wp-json\/wp\/v2\/media?parent=14649"}],"wp:term":[{"taxonomy":"product_brand","embeddable":true,"href":"https:\/\/wildgear.itc-gmbh.shop\/en\/wp-json\/wp\/v2\/product_brand?post=14649"},{"taxonomy":"product_cat","embeddable":true,"href":"https:\/\/wildgear.itc-gmbh.shop\/en\/wp-json\/wp\/v2\/product_cat?post=14649"},{"taxonomy":"product_tag","embeddable":true,"href":"https:\/\/wildgear.itc-gmbh.shop\/en\/wp-json\/wp\/v2\/product_tag?post=14649"}],"curies":[{"name":"wp","href":"https:\/\/api.w.org\/{rel}","templated":true}]}}