{"id":14722,"date":"2024-05-27T03:52:43","date_gmt":"2024-05-27T03:52:43","guid":{"rendered":"https:\/\/outdoor.itc-gmbh.shop\/product\/2er-set-trekking-stoecke-aktive-5-x-135-x-5-cm-6-stueck\/"},"modified":"2024-05-27T03:52:48","modified_gmt":"2024-05-27T03:52:48","slug":"2er-set-trekking-stoecke-aktive-5-x-135-x-5-cm-6-stueck","status":"publish","type":"product","link":"https:\/\/wildgear.itc-gmbh.shop\/en\/product\/2er-set-trekking-stoecke-aktive-5-x-135-x-5-cm-6-stueck\/","title":{"rendered":"2er Set Trekking-St\u00f6cke Aktive 5 x 135 x 5 cm (6 St\u00fcck)"},"content":{"rendered":"<p>Stay in shape and discover the latest innovations in the sector to practice sport in the best conditions! Buy <b>2er Set Trekking-St\u00f6cke Aktive 5 x 135 x 5 cm (6 St\u00fcck)<\/b> at the best price and enjoy a healthy life!<\/p>\n<ul>\n<li>Art: 2er Set Trekking-St\u00f6cke<\/li>\n<li>Ma\u00dfe ca.: 5 x 135 x 5 cm<\/li>\n<li>Material: Aluminum<\/li>\n<li>Merkmale: Mit Handgelenkband<\/li>\n<li>Important information: Various designs. Shipping at random and depending on stock<\/li>\n<li>St\u00fcckzahl: 6 St\u00fcck<\/li>\n<\/ul>","protected":false},"excerpt":{"rendered":"<p>Bleiben Sie in Form und entdecken Sie die neuesten Innovationen der Branche, um mit den besten Voraussetzungen Sport zu betreiben! Kaufen Sie 2er Set Trekking-St\u00f6cke Aktive 5 x 135 x 5 cm (6 St\u00fcck) zum besten Preis und genie\u00dfen Sie ein gesundes Leben! Art: 2er Set Trekking-St\u00f6cke Ma\u00dfe ca.: 5 x 135 x 5 cm &hellip; <\/p>\n<p class=\"more-link-wrap\"><a href=\"https:\/\/wildgear.itc-gmbh.shop\/en\/product\/2er-set-trekking-stoecke-aktive-5-x-135-x-5-cm-6-stueck\/\" class=\"more-link\"><span>Read More<span class=\"screen-reader-text\"> &#8220;2er Set Trekking-St\u00f6cke Aktive 5 x 135 x 5 cm (6 St\u00fcck)&#8221;<\/span><\/span><\/a><\/p>","protected":false},"featured_media":14721,"comment_status":"open","ping_status":"closed","template":"","meta":{"inline_featured_image":false},"product_brand":[],"product_cat":[181,182,180],"product_tag":[177,178],"class_list":{"0":"post-14722","1":"product","2":"type-product","3":"status-publish","4":"has-post-thumbnail","6":"product_cat-camping-und-berge","7":"product_cat-camping-und-bergzubehor","8":"product_cat-sport-freizeit","9":"product_tag-tag_3","10":"product_tag-tag_17","12":"first","13":"outofstock","14":"taxable","15":"shipping-taxable","16":"purchasable","17":"product-type-simple"},"aioseo_notices":[],"jetpack_sharing_enabled":true,"_links":{"self":[{"href":"https:\/\/wildgear.itc-gmbh.shop\/en\/wp-json\/wp\/v2\/product\/14722","targetHints":{"allow":["GET"]}}],"collection":[{"href":"https:\/\/wildgear.itc-gmbh.shop\/en\/wp-json\/wp\/v2\/product"}],"about":[{"href":"https:\/\/wildgear.itc-gmbh.shop\/en\/wp-json\/wp\/v2\/types\/product"}],"replies":[{"embeddable":true,"href":"https:\/\/wildgear.itc-gmbh.shop\/en\/wp-json\/wp\/v2\/comments?post=14722"}],"wp:featuredmedia":[{"embeddable":true,"href":"https:\/\/wildgear.itc-gmbh.shop\/en\/wp-json\/wp\/v2\/media\/14721"}],"wp:attachment":[{"href":"https:\/\/wildgear.itc-gmbh.shop\/en\/wp-json\/wp\/v2\/media?parent=14722"}],"wp:term":[{"taxonomy":"product_brand","embeddable":true,"href":"https:\/\/wildgear.itc-gmbh.shop\/en\/wp-json\/wp\/v2\/product_brand?post=14722"},{"taxonomy":"product_cat","embeddable":true,"href":"https:\/\/wildgear.itc-gmbh.shop\/en\/wp-json\/wp\/v2\/product_cat?post=14722"},{"taxonomy":"product_tag","embeddable":true,"href":"https:\/\/wildgear.itc-gmbh.shop\/en\/wp-json\/wp\/v2\/product_tag?post=14722"}],"curies":[{"name":"wp","href":"https:\/\/api.w.org\/{rel}","templated":true}]}}