{"id":14735,"date":"2024-05-27T03:52:54","date_gmt":"2024-05-27T03:52:54","guid":{"rendered":"https:\/\/outdoor.itc-gmbh.shop\/product\/picknick-set-stitch-fuer-kinder-5-stuecke\/"},"modified":"2024-05-27T03:52:55","modified_gmt":"2024-05-27T03:52:55","slug":"picknick-set-stitch-fuer-kinder-5-stuecke","status":"publish","type":"product","link":"https:\/\/wildgear.itc-gmbh.shop\/en\/product\/picknick-set-stitch-fuer-kinder-5-stuecke\/","title":{"rendered":"Picknick-Set Stitch F\u00fcr Kinder 5 St\u00fccke"},"content":{"rendered":"<p>Go back to the office without forgetting any details: Buy <b>Picknick-Set Stitch F\u00fcr Kinder 5 St\u00fccke<\/b> and be the envy of your colleagues!<\/p>\n<ul>\n<li>Features: Suitable for microwave<\/li>\n<li>Gender: For children<\/li>\n<li>Included:\n<ul>\n<li>Bowl<\/li>\n<li>Drinking glass<\/li>\n<li>Spoon<\/li>\n<li>Fork<\/li>\n<li>Plate<\/li>\n<\/ul>\n<\/li>\n<li>Type: Picnic set<\/li>\n<li>Anzahl der St\u00fccke: 5 St\u00fccke<\/li>\n<\/ul>","protected":false},"excerpt":{"rendered":"<p>Gehen Sie zur\u00fcck ins B\u00fcro, ohne Details zu vergessen: Kaufen Sie Picknick-Set Stitch F\u00fcr Kinder 5 St\u00fccke und seien Sie der Neid Ihrer Kollegen! Merkmale: Geeignet f\u00fcr Mikrowelle Geschlecht: F\u00fcr Kinder Enthalten: Sch\u00fcssel Trinkglas L\u00f6ffel Gabel Teller Art: Picknick-Set Anzahl der St\u00fccke: 5 St\u00fccke<\/p>","protected":false},"featured_media":14734,"comment_status":"open","ping_status":"closed","template":"","meta":{"inline_featured_image":false},"product_brand":[],"product_cat":[181,182,180],"product_tag":[219,218,177,178],"class_list":{"0":"post-14735","1":"product","2":"type-product","3":"status-publish","4":"has-post-thumbnail","6":"product_cat-camping-und-berge","7":"product_cat-camping-und-bergzubehor","8":"product_cat-sport-freizeit","9":"product_tag-tag_664","10":"product_tag-tag_36","11":"product_tag-tag_3","12":"product_tag-tag_17","14":"first","15":"outofstock","16":"taxable","17":"shipping-taxable","18":"purchasable","19":"product-type-simple"},"aioseo_notices":[],"jetpack_sharing_enabled":true,"_links":{"self":[{"href":"https:\/\/wildgear.itc-gmbh.shop\/en\/wp-json\/wp\/v2\/product\/14735","targetHints":{"allow":["GET"]}}],"collection":[{"href":"https:\/\/wildgear.itc-gmbh.shop\/en\/wp-json\/wp\/v2\/product"}],"about":[{"href":"https:\/\/wildgear.itc-gmbh.shop\/en\/wp-json\/wp\/v2\/types\/product"}],"replies":[{"embeddable":true,"href":"https:\/\/wildgear.itc-gmbh.shop\/en\/wp-json\/wp\/v2\/comments?post=14735"}],"wp:featuredmedia":[{"embeddable":true,"href":"https:\/\/wildgear.itc-gmbh.shop\/en\/wp-json\/wp\/v2\/media\/14734"}],"wp:attachment":[{"href":"https:\/\/wildgear.itc-gmbh.shop\/en\/wp-json\/wp\/v2\/media?parent=14735"}],"wp:term":[{"taxonomy":"product_brand","embeddable":true,"href":"https:\/\/wildgear.itc-gmbh.shop\/en\/wp-json\/wp\/v2\/product_brand?post=14735"},{"taxonomy":"product_cat","embeddable":true,"href":"https:\/\/wildgear.itc-gmbh.shop\/en\/wp-json\/wp\/v2\/product_cat?post=14735"},{"taxonomy":"product_tag","embeddable":true,"href":"https:\/\/wildgear.itc-gmbh.shop\/en\/wp-json\/wp\/v2\/product_tag?post=14735"}],"curies":[{"name":"wp","href":"https:\/\/api.w.org\/{rel}","templated":true}]}}