{"id":14879,"date":"2024-05-27T03:55:05","date_gmt":"2024-05-27T03:55:05","guid":{"rendered":"https:\/\/outdoor.itc-gmbh.shop\/product\/luftmatratze-bestway-203-x-183-x-22-cm\/"},"modified":"2024-05-27T03:55:10","modified_gmt":"2024-05-27T03:55:10","slug":"luftmatratze-bestway-203-x-183-x-22-cm","status":"publish","type":"product","link":"https:\/\/wildgear.itc-gmbh.shop\/en\/product\/luftmatratze-bestway-203-x-183-x-22-cm\/","title":{"rendered":"Luftmatratze Bestway 203 x 183 x 22 cm"},"content":{"rendered":"<p>Stay in shape and discover the latest innovations in the sector to practice sport in the best conditions! Buy <b>Luftmatratze Bestway 203 x 183 x 22 cm<\/b> at the best price and enjoy a healthy life!<\/p>\n<ul>\n<li>Ma\u00dfe ca.: 203 x 183 x 22 cm<\/li>\n<li>Material: Plastic<\/li>\n<li>Features:\n<ul>\n<li>Outdoor area<\/li>\n<li>Clean with a wet cloth<\/li>\n<li>Mit Koffer<\/li>\n<\/ul>\n<\/li>\n<li>Recommended use:\n<ul>\n<li>Beach<\/li>\n<li>Garden<\/li>\n<li>Camping<\/li>\n<\/ul>\n<\/li>\n<li>Shape: rectangular<\/li>\n<li>Packaging: Box<\/li>\n<li>Anzeigeleuchte: Kein<\/li>\n<li>Enthalten: Kissen<\/li>\n<\/ul>","protected":false},"excerpt":{"rendered":"<p>Bleiben Sie in Form und entdecken Sie die neuesten Innovationen der Branche, um mit den besten Voraussetzungen Sport zu betreiben! Kaufen Sie Luftmatratze Bestway 203 x 183 x 22 cm zum besten Preis und genie\u00dfen Sie ein gesundes Leben! Ma\u00dfe ca.: 203 x 183 x 22 cm Material: Kunststoff Merkmale: Au\u00dfenbereich Mit einem nassen Tuch &hellip; <\/p>\n<p class=\"more-link-wrap\"><a href=\"https:\/\/wildgear.itc-gmbh.shop\/en\/product\/luftmatratze-bestway-203-x-183-x-22-cm\/\" class=\"more-link\"><span>Read More<span class=\"screen-reader-text\"> &#8220;Luftmatratze Bestway 203 x 183 x 22 cm&#8221;<\/span><\/span><\/a><\/p>","protected":false},"featured_media":14878,"comment_status":"open","ping_status":"closed","template":"","meta":{"inline_featured_image":false},"product_brand":[],"product_cat":[181,182,180],"product_tag":[177,178],"class_list":{"0":"post-14879","1":"product","2":"type-product","3":"status-publish","4":"has-post-thumbnail","6":"product_cat-camping-und-berge","7":"product_cat-camping-und-bergzubehor","8":"product_cat-sport-freizeit","9":"product_tag-tag_3","10":"product_tag-tag_17","12":"first","13":"outofstock","14":"taxable","15":"shipping-taxable","16":"purchasable","17":"product-type-simple"},"aioseo_notices":[],"jetpack_sharing_enabled":true,"_links":{"self":[{"href":"https:\/\/wildgear.itc-gmbh.shop\/en\/wp-json\/wp\/v2\/product\/14879","targetHints":{"allow":["GET"]}}],"collection":[{"href":"https:\/\/wildgear.itc-gmbh.shop\/en\/wp-json\/wp\/v2\/product"}],"about":[{"href":"https:\/\/wildgear.itc-gmbh.shop\/en\/wp-json\/wp\/v2\/types\/product"}],"replies":[{"embeddable":true,"href":"https:\/\/wildgear.itc-gmbh.shop\/en\/wp-json\/wp\/v2\/comments?post=14879"}],"wp:featuredmedia":[{"embeddable":true,"href":"https:\/\/wildgear.itc-gmbh.shop\/en\/wp-json\/wp\/v2\/media\/14878"}],"wp:attachment":[{"href":"https:\/\/wildgear.itc-gmbh.shop\/en\/wp-json\/wp\/v2\/media?parent=14879"}],"wp:term":[{"taxonomy":"product_brand","embeddable":true,"href":"https:\/\/wildgear.itc-gmbh.shop\/en\/wp-json\/wp\/v2\/product_brand?post=14879"},{"taxonomy":"product_cat","embeddable":true,"href":"https:\/\/wildgear.itc-gmbh.shop\/en\/wp-json\/wp\/v2\/product_cat?post=14879"},{"taxonomy":"product_tag","embeddable":true,"href":"https:\/\/wildgear.itc-gmbh.shop\/en\/wp-json\/wp\/v2\/product_tag?post=14879"}],"curies":[{"name":"wp","href":"https:\/\/api.w.org\/{rel}","templated":true}]}}