{"id":15157,"date":"2024-06-13T00:01:36","date_gmt":"2024-06-13T00:01:36","guid":{"rendered":"https:\/\/outdoor.itc-gmbh.shop\/product\/flasche-versa-stahl-polystyrol-500-ml\/"},"modified":"2024-06-13T00:02:05","modified_gmt":"2024-06-13T00:02:05","slug":"flasche-versa-stahl-polystyrol-500-ml","status":"publish","type":"product","link":"https:\/\/wildgear.itc-gmbh.shop\/en\/product\/flasche-versa-stahl-polystyrol-500-ml\/","title":{"rendered":"Flasche Versa Stahl polystyrol (500 ml)"},"content":{"rendered":"<p>Stay in shape and discover the latest innovations in the sector to practice sport in the best conditions! Buy <b>Flasche Versa Stahl polystyrol (500 ml)<\/b> at the best price and enjoy a healthy life!<\/p>\n<ul>\n<li>Material:\n<ul>\n<li>Steel<\/li>\n<li>polystyrene<\/li>\n<\/ul>\n<\/li>\n<li>Ma\u00dfe ca.: 6,5 x 21,5 x 6,5 cm<\/li>\n<li>Color: Grey<\/li>\n<li>Capacity: 500 ml<\/li>\n<\/ul>","protected":false},"excerpt":{"rendered":"<p>Bleiben Sie in Form und entdecken Sie die neuesten Innovationen der Branche, um mit den besten Voraussetzungen Sport zu betreiben! Kaufen Sie Flasche Versa Stahl polystyrol (500 ml) zum besten Preis und genie\u00dfen Sie ein gesundes Leben! Material: Stahl polystyrol Ma\u00dfe ca.: 6,5 x 21,5 x 6,5 cm Farbe: Grau Kapazit\u00e4t: 500 ml<\/p>","protected":false},"featured_media":15156,"comment_status":"open","ping_status":"closed","template":"","meta":{"inline_featured_image":false},"product_brand":[],"product_cat":[181,185,180],"product_tag":[177,178],"class_list":{"0":"post-15157","1":"product","2":"type-product","3":"status-publish","4":"has-post-thumbnail","6":"product_cat-camping-und-berge","7":"product_cat-flaschen-und-feldflaschen","8":"product_cat-sport-freizeit","9":"product_tag-tag_3","10":"product_tag-tag_17","12":"first","13":"outofstock","14":"taxable","15":"shipping-taxable","16":"purchasable","17":"product-type-simple"},"aioseo_notices":[],"jetpack_sharing_enabled":true,"_links":{"self":[{"href":"https:\/\/wildgear.itc-gmbh.shop\/en\/wp-json\/wp\/v2\/product\/15157","targetHints":{"allow":["GET"]}}],"collection":[{"href":"https:\/\/wildgear.itc-gmbh.shop\/en\/wp-json\/wp\/v2\/product"}],"about":[{"href":"https:\/\/wildgear.itc-gmbh.shop\/en\/wp-json\/wp\/v2\/types\/product"}],"replies":[{"embeddable":true,"href":"https:\/\/wildgear.itc-gmbh.shop\/en\/wp-json\/wp\/v2\/comments?post=15157"}],"wp:featuredmedia":[{"embeddable":true,"href":"https:\/\/wildgear.itc-gmbh.shop\/en\/wp-json\/wp\/v2\/media\/15156"}],"wp:attachment":[{"href":"https:\/\/wildgear.itc-gmbh.shop\/en\/wp-json\/wp\/v2\/media?parent=15157"}],"wp:term":[{"taxonomy":"product_brand","embeddable":true,"href":"https:\/\/wildgear.itc-gmbh.shop\/en\/wp-json\/wp\/v2\/product_brand?post=15157"},{"taxonomy":"product_cat","embeddable":true,"href":"https:\/\/wildgear.itc-gmbh.shop\/en\/wp-json\/wp\/v2\/product_cat?post=15157"},{"taxonomy":"product_tag","embeddable":true,"href":"https:\/\/wildgear.itc-gmbh.shop\/en\/wp-json\/wp\/v2\/product_tag?post=15157"}],"curies":[{"name":"wp","href":"https:\/\/api.w.org\/{rel}","templated":true}]}}