{"id":15265,"date":"2024-06-29T00:00:25","date_gmt":"2024-06-29T00:00:25","guid":{"rendered":"https:\/\/outdoor.itc-gmbh.shop\/product\/schlinge-ponsa-030031002308-cargopack-1000-kg-lila-flach-2-m\/"},"modified":"2024-07-02T00:00:09","modified_gmt":"2024-07-02T00:00:09","slug":"schlinge-ponsa-030031002308-cargopack-1000-kg-lila-flach-2-m","status":"publish","type":"product","link":"https:\/\/wildgear.itc-gmbh.shop\/en\/product\/schlinge-ponsa-030031002308-cargopack-1000-kg-lila-flach-2-m\/","title":{"rendered":"Schlinge Ponsa  030,031,002,308 Cargopack 1000 kg Lila Flach 2 m"},"content":{"rendered":"<p>With these suggestions that will delight young and old, summer fun is guaranteed! Buy <b>Schlinge Ponsa  030,031,002,308 Cargopack 1000 kg Lila Flach 2 m<\/b>] and enjoy your free time!<\/p>\n<ul>\n<li>Features: Abrasion resistant<\/li>\n<li>Approx. dimensions: 2 m<\/li>\n<li>Type: Sling<\/li>\n<li>Shape: Flat<\/li>\n<li>Farbe: Lila<\/li>\n<li>Max. unterst\u00fctztes Gewicht: 1000 kg<\/li>\n<\/ul>","protected":false},"excerpt":{"rendered":"<p>Mit diesen Vorschl\u00e4gen, die Jung und Alt begeistern werden, ist der Sommerspa\u00df garantiert! Kaufen Sie Schlinge Ponsa 030,031,002,308 Cargopack 1000 kg Lila Flach 2 m] und genie\u00dfen Sie Ihre Freizeit! Merkmale: Abriebfest Ma\u00dfe ca.: 2 m Art: Schlinge Form: Flach Farbe: Lila Max. unterst\u00fctztes Gewicht: 1000 kg<\/p>","protected":false},"featured_media":15277,"comment_status":"open","ping_status":"closed","template":"","meta":{"inline_featured_image":false},"product_brand":[],"product_cat":[181,182,180],"product_tag":[213,178],"class_list":{"0":"post-15265","1":"product","2":"type-product","3":"status-publish","4":"has-post-thumbnail","6":"product_cat-camping-und-berge","7":"product_cat-camping-und-bergzubehor","8":"product_cat-sport-freizeit","9":"product_tag-tag_69","10":"product_tag-tag_17","12":"first","13":"instock","14":"taxable","15":"shipping-taxable","16":"purchasable","17":"product-type-simple"},"aioseo_notices":[],"jetpack_sharing_enabled":true,"_links":{"self":[{"href":"https:\/\/wildgear.itc-gmbh.shop\/en\/wp-json\/wp\/v2\/product\/15265","targetHints":{"allow":["GET"]}}],"collection":[{"href":"https:\/\/wildgear.itc-gmbh.shop\/en\/wp-json\/wp\/v2\/product"}],"about":[{"href":"https:\/\/wildgear.itc-gmbh.shop\/en\/wp-json\/wp\/v2\/types\/product"}],"replies":[{"embeddable":true,"href":"https:\/\/wildgear.itc-gmbh.shop\/en\/wp-json\/wp\/v2\/comments?post=15265"}],"wp:featuredmedia":[{"embeddable":true,"href":"https:\/\/wildgear.itc-gmbh.shop\/en\/wp-json\/wp\/v2\/media\/15277"}],"wp:attachment":[{"href":"https:\/\/wildgear.itc-gmbh.shop\/en\/wp-json\/wp\/v2\/media?parent=15265"}],"wp:term":[{"taxonomy":"product_brand","embeddable":true,"href":"https:\/\/wildgear.itc-gmbh.shop\/en\/wp-json\/wp\/v2\/product_brand?post=15265"},{"taxonomy":"product_cat","embeddable":true,"href":"https:\/\/wildgear.itc-gmbh.shop\/en\/wp-json\/wp\/v2\/product_cat?post=15265"},{"taxonomy":"product_tag","embeddable":true,"href":"https:\/\/wildgear.itc-gmbh.shop\/en\/wp-json\/wp\/v2\/product_tag?post=15265"}],"curies":[{"name":"wp","href":"https:\/\/api.w.org\/{rel}","templated":true}]}}