{"id":15496,"date":"2024-08-31T00:00:17","date_gmt":"2024-08-31T00:00:17","guid":{"rendered":"https:\/\/outdoor.itc-gmbh.shop\/product\/wanderrucksack-joluvi-bulnes-20-blau\/"},"modified":"2024-10-07T00:00:10","modified_gmt":"2024-10-07T00:00:10","slug":"wanderrucksack-joluvi-bulnes-20-blau","status":"publish","type":"product","link":"https:\/\/wildgear.itc-gmbh.shop\/en\/product\/wanderrucksack-joluvi-bulnes-20-blau\/","title":{"rendered":"Wanderrucksack Joluvi Bulnes 20 Blau"},"content":{"rendered":"<p>If you would like to renew your closet, we recommend <b>Wanderrucksack Joluvi Bulnes 20 Blau<\/b> and more <b> Products from Joluvi<\/b>! Now for you the best quality at the best price!<\/p>\n<ul>\n<li>Type: Hiking backpack<\/li>\n<li>Kapazit\u00e4t: 20 L<\/li>\n<li>Color: Blue<\/li>\n<li>Gender: Unisex<\/li>\n<li>Recommended age: Adults<\/li>\n<li>Size: One size<\/li>\n<li>Material: Nylon<\/li>\n<\/ul>","protected":false},"excerpt":{"rendered":"<p>Wenn Sie Ihren Kleiderschrank erneuern m\u00f6chten, empfehlen wir Ihnen Wanderrucksack Joluvi Bulnes 20 Blau und weitere Produkte von Joluvi! Jetzt f\u00fcr Sie die beste Qualit\u00e4t zum besten Preis! Art: Wanderrucksack Kapazit\u00e4t: 20 L Farbe: Blau Geschlecht: Unisex Empfohlenes Alter: Erwachsene Gr\u00f6\u00dfe: Einheitsgr\u00f6\u00dfe Material: Nylon<\/p>","protected":false},"featured_media":17178,"comment_status":"open","ping_status":"closed","template":"","meta":{"inline_featured_image":false},"product_brand":[],"product_cat":[181,205,180],"product_tag":[177,178],"class_list":{"0":"post-15496","1":"product","2":"type-product","3":"status-publish","4":"has-post-thumbnail","6":"product_cat-camping-und-berge","7":"product_cat-rucksacke-und-taschen","8":"product_cat-sport-freizeit","9":"product_tag-tag_3","10":"product_tag-tag_17","12":"first","13":"instock","14":"taxable","15":"shipping-taxable","16":"purchasable","17":"product-type-simple"},"aioseo_notices":[],"jetpack_sharing_enabled":true,"_links":{"self":[{"href":"https:\/\/wildgear.itc-gmbh.shop\/en\/wp-json\/wp\/v2\/product\/15496","targetHints":{"allow":["GET"]}}],"collection":[{"href":"https:\/\/wildgear.itc-gmbh.shop\/en\/wp-json\/wp\/v2\/product"}],"about":[{"href":"https:\/\/wildgear.itc-gmbh.shop\/en\/wp-json\/wp\/v2\/types\/product"}],"replies":[{"embeddable":true,"href":"https:\/\/wildgear.itc-gmbh.shop\/en\/wp-json\/wp\/v2\/comments?post=15496"}],"wp:featuredmedia":[{"embeddable":true,"href":"https:\/\/wildgear.itc-gmbh.shop\/en\/wp-json\/wp\/v2\/media\/17178"}],"wp:attachment":[{"href":"https:\/\/wildgear.itc-gmbh.shop\/en\/wp-json\/wp\/v2\/media?parent=15496"}],"wp:term":[{"taxonomy":"product_brand","embeddable":true,"href":"https:\/\/wildgear.itc-gmbh.shop\/en\/wp-json\/wp\/v2\/product_brand?post=15496"},{"taxonomy":"product_cat","embeddable":true,"href":"https:\/\/wildgear.itc-gmbh.shop\/en\/wp-json\/wp\/v2\/product_cat?post=15496"},{"taxonomy":"product_tag","embeddable":true,"href":"https:\/\/wildgear.itc-gmbh.shop\/en\/wp-json\/wp\/v2\/product_tag?post=15496"}],"curies":[{"name":"wp","href":"https:\/\/api.w.org\/{rel}","templated":true}]}}