{"id":15688,"date":"2024-09-17T00:00:56","date_gmt":"2024-09-17T00:00:56","guid":{"rendered":"https:\/\/outdoor.itc-gmbh.shop\/product\/wanderrucksack-osprey-kyte-48-l-gruen\/"},"modified":"2024-09-17T00:00:56","modified_gmt":"2024-09-17T00:00:56","slug":"wanderrucksack-osprey-kyte-48-l-gruen","status":"publish","type":"product","link":"https:\/\/wildgear.itc-gmbh.shop\/en\/product\/wanderrucksack-osprey-kyte-48-l-gruen\/","title":{"rendered":"Wanderrucksack OSPREY Kyte 48 L gr\u00fcn"},"content":{"rendered":"<p>Stay in shape and discover the latest innovations in the sector to practice sport in the best conditions! Buy <b>Wanderrucksack OSPREY Kyte 48 L gr\u00fcn<\/b> at the best price and enjoy a healthy life!<\/p>\n<ul>\n<li>Type: Hiking backpack<\/li>\n<li>Capacity: 48 L<\/li>\n<li>Gr\u00f6\u00dfe: XS\/S<\/li>\n<li>Color: green<\/li>\n<li>Material: Nylon<\/li>\n<\/ul>","protected":false},"excerpt":{"rendered":"<p>Bleiben Sie in Form und entdecken Sie die neuesten Innovationen der Branche, um mit den besten Voraussetzungen Sport zu betreiben! Kaufen Sie Wanderrucksack OSPREY Kyte 48 L gr\u00fcn zum besten Preis und genie\u00dfen Sie ein gesundes Leben! Art: Wanderrucksack Kapazit\u00e4t: 48 L Gr\u00f6\u00dfe: XS\/S Farbe: gr\u00fcn Material: Nylon<\/p>","protected":false},"featured_media":15683,"comment_status":"open","ping_status":"closed","template":"","meta":{"inline_featured_image":false},"product_brand":[],"product_cat":[181,205,180],"product_tag":[177,178],"class_list":{"0":"post-15688","1":"product","2":"type-product","3":"status-publish","4":"has-post-thumbnail","6":"product_cat-camping-und-berge","7":"product_cat-rucksacke-und-taschen","8":"product_cat-sport-freizeit","9":"product_tag-tag_3","10":"product_tag-tag_17","12":"first","13":"instock","14":"taxable","15":"shipping-taxable","16":"purchasable","17":"product-type-simple"},"aioseo_notices":[],"jetpack_sharing_enabled":true,"_links":{"self":[{"href":"https:\/\/wildgear.itc-gmbh.shop\/en\/wp-json\/wp\/v2\/product\/15688","targetHints":{"allow":["GET"]}}],"collection":[{"href":"https:\/\/wildgear.itc-gmbh.shop\/en\/wp-json\/wp\/v2\/product"}],"about":[{"href":"https:\/\/wildgear.itc-gmbh.shop\/en\/wp-json\/wp\/v2\/types\/product"}],"replies":[{"embeddable":true,"href":"https:\/\/wildgear.itc-gmbh.shop\/en\/wp-json\/wp\/v2\/comments?post=15688"}],"wp:featuredmedia":[{"embeddable":true,"href":"https:\/\/wildgear.itc-gmbh.shop\/en\/wp-json\/wp\/v2\/media\/15683"}],"wp:attachment":[{"href":"https:\/\/wildgear.itc-gmbh.shop\/en\/wp-json\/wp\/v2\/media?parent=15688"}],"wp:term":[{"taxonomy":"product_brand","embeddable":true,"href":"https:\/\/wildgear.itc-gmbh.shop\/en\/wp-json\/wp\/v2\/product_brand?post=15688"},{"taxonomy":"product_cat","embeddable":true,"href":"https:\/\/wildgear.itc-gmbh.shop\/en\/wp-json\/wp\/v2\/product_cat?post=15688"},{"taxonomy":"product_tag","embeddable":true,"href":"https:\/\/wildgear.itc-gmbh.shop\/en\/wp-json\/wp\/v2\/product_tag?post=15688"}],"curies":[{"name":"wp","href":"https:\/\/api.w.org\/{rel}","templated":true}]}}